{"id":858,"date":"2011-07-18T13:31:34","date_gmt":"2011-07-18T11:31:34","guid":{"rendered":"http:\/\/www.gss-dt.de\/wordpress\/?page_id=858"},"modified":"2011-07-19T02:41:53","modified_gmt":"2011-07-19T00:41:53","slug":"tanzen-entspannung","status":"publish","type":"page","link":"https:\/\/www.old-gss-dt.de\/wordpress\/tanzen-entspannung\/","title":{"rendered":"Tanzen \/ Entspannung"},"content":{"rendered":"<p>Unsere Schule hat von &#8222;Kultur und Schule in NRW&#8220; F\u00f6rdergelder\u00a0f\u00fcr ein ganzj\u00e4hriges w\u00f6chentlich stattfindendes Tanzprojekt beantragt und bewilligt bekommen.<\/p>\n<p>Antragsteller ist die Schule (bzw. Herr Stratmann), ausf\u00fchrende K\u00fcnstlerin (Choreographin und T\u00e4nzerin) ist Patricia Struffolino (fr\u00fcher: Bernardi), p\u00e4dagogische Betreuerin ist Frau Wirth.<\/p>\n<p>Frau Wirths Schwerpunkt ist das Thema ENTSPANNUNG im Schulalltag, die durch K\u00f6rperarbeit erzielt werden kann. Vor diesem Hintergrund ist auch das neue Tanzprojekt mit Frau Struffolino\u00a0konzipiert worden.<\/p>\n<p>Tanzelemente werden den Weg zum eigenen K\u00f6rperbewu\u00dftsein, durch bewu\u00dftes Anspannen und Entspannen z.B., erfahrbar machen.<\/p>\n<p>Als Zielgruppe sind SuS der Klassen 7-10 erfolgreich angesprochen worden. Getanzt wird dienstags in der 7.+8.Stunde in der Aula. Am Ende des Schuljahres wird das Erarbeitete in jedem Fall durch Auftritte \u00f6ffentlich bekannt werden.<\/p>\n<p>Zur\u00fcck zu <a href=\"https:\/\/www.old-gss-dt.de\/wordpress\/?page_id=710\">Langfristige Projekte<\/a><\/p>\n","protected":false},"excerpt":{"rendered":"<p>Unsere Schule hat von &#8222;Kultur und Schule in NRW&#8220; F\u00f6rdergelder\u00a0f\u00fcr ein ganzj\u00e4hriges w\u00f6chentlich stattfindendes Tanzprojekt beantragt und bewilligt bekommen. Antragsteller ist die Schule (bzw. Herr Stratmann), ausf\u00fchrende K\u00fcnstlerin (Choreographin und T\u00e4nzerin) ist Patricia Struffolino (fr\u00fcher: Bernardi), p\u00e4dagogische Betreuerin ist Frau &hellip; <a href=\"https:\/\/www.old-gss-dt.de\/wordpress\/tanzen-entspannung\/\">Continue reading <span class=\"meta-nav\">&rarr;<\/span><\/a><\/p>\n","protected":false},"author":1,"featured_media":0,"parent":0,"menu_order":0,"comment_status":"closed","ping_status":"closed","template":"","meta":[],"_links":{"self":[{"href":"https:\/\/www.old-gss-dt.de\/wordpress\/wp-json\/wp\/v2\/pages\/858"}],"collection":[{"href":"https:\/\/www.old-gss-dt.de\/wordpress\/wp-json\/wp\/v2\/pages"}],"about":[{"href":"https:\/\/www.old-gss-dt.de\/wordpress\/wp-json\/wp\/v2\/types\/page"}],"author":[{"embeddable":true,"href":"https:\/\/www.old-gss-dt.de\/wordpress\/wp-json\/wp\/v2\/users\/1"}],"replies":[{"embeddable":true,"href":"https:\/\/www.old-gss-dt.de\/wordpress\/wp-json\/wp\/v2\/comments?post=858"}],"version-history":[{"count":9,"href":"https:\/\/www.old-gss-dt.de\/wordpress\/wp-json\/wp\/v2\/pages\/858\/revisions"}],"predecessor-version":[{"id":890,"href":"https:\/\/www.old-gss-dt.de\/wordpress\/wp-json\/wp\/v2\/pages\/858\/revisions\/890"}],"wp:attachment":[{"href":"https:\/\/www.old-gss-dt.de\/wordpress\/wp-json\/wp\/v2\/media?parent=858"}],"curies":[{"name":"wp","href":"https:\/\/api.w.org\/{rel}","templated":true}]}}