{"id":848,"date":"2011-07-18T13:06:36","date_gmt":"2011-07-18T11:06:36","guid":{"rendered":"http:\/\/www.gss-dt.de\/wordpress\/?page_id=848"},"modified":"2011-07-18T13:09:17","modified_gmt":"2011-07-18T11:09:17","slug":"jahrgang-9","status":"publish","type":"page","link":"https:\/\/www.old-gss-dt.de\/wordpress\/jahrgang-9\/","title":{"rendered":"Jahrgang 9"},"content":{"rendered":"<p>Im <strong>Jahrgang 9 <\/strong>sind die SuS dann als Streitschlichter und Fahrzeugbegleiter t\u00e4tig.<\/p>\n<p>In den Pausen stehen die ausgebildeten SuS den Konfliktparteien zur Verf\u00fcgung um ihnen zu helfen. Auf ihrem Schulweg sind sie in Bus und Bahn als Fahrzeugbegleiter im Einsatz.<\/p>\n<p>Neben diesen grunds\u00e4tzlichen T\u00e4tigkeiten werden noch schulinterne Projekte, die von den Ausbildungslehrern p\u00e4dagogisch begleitet werden, f\u00fcr den<\/p>\n<p>Jahrgang 5 angeboten. Folgende Projekte sind angedacht bzw. durchgef\u00fchrt worden:<\/p>\n<ul>\n<li>Schule ohne Rassismus \u2013 was bedeutet das, was k\u00f6nnen wir tun?<\/li>\n<li>Urteil \u2013 Vorurteil<\/li>\n<li>Ich-St\u00e4rkung &#8211; Umgang mit Angst<\/li>\n<li>Mobbing<\/li>\n<li>Rollenverhalten und Rollenerwartungen in Konflikten<\/li>\n<li>Demokratie begreifen<\/li>\n<\/ul>\n<p>Weiter zu <a title=\"Jahrgang 10\" href=\"https:\/\/www.old-gss-dt.de\/wordpress\/?page_id=843\">Jahrgang 10<\/a><\/p>\n<p>Zur\u00fcck zu\u00a0<a title=\"Langfristige Projekte\" href=\"https:\/\/www.old-gss-dt.de\/wordpress\/?page_id=710\">Langfristige Projekte<\/a><\/p>\n","protected":false},"excerpt":{"rendered":"<p>Im Jahrgang 9 sind die SuS dann als Streitschlichter und Fahrzeugbegleiter t\u00e4tig. In den Pausen stehen die ausgebildeten SuS den Konfliktparteien zur Verf\u00fcgung um ihnen zu helfen. Auf ihrem Schulweg sind sie in Bus und Bahn als Fahrzeugbegleiter im Einsatz. &hellip; <a href=\"https:\/\/www.old-gss-dt.de\/wordpress\/jahrgang-9\/\">Continue reading <span class=\"meta-nav\">&rarr;<\/span><\/a><\/p>\n","protected":false},"author":1,"featured_media":0,"parent":0,"menu_order":0,"comment_status":"closed","ping_status":"closed","template":"","meta":[],"_links":{"self":[{"href":"https:\/\/www.old-gss-dt.de\/wordpress\/wp-json\/wp\/v2\/pages\/848"}],"collection":[{"href":"https:\/\/www.old-gss-dt.de\/wordpress\/wp-json\/wp\/v2\/pages"}],"about":[{"href":"https:\/\/www.old-gss-dt.de\/wordpress\/wp-json\/wp\/v2\/types\/page"}],"author":[{"embeddable":true,"href":"https:\/\/www.old-gss-dt.de\/wordpress\/wp-json\/wp\/v2\/users\/1"}],"replies":[{"embeddable":true,"href":"https:\/\/www.old-gss-dt.de\/wordpress\/wp-json\/wp\/v2\/comments?post=848"}],"version-history":[{"count":4,"href":"https:\/\/www.old-gss-dt.de\/wordpress\/wp-json\/wp\/v2\/pages\/848\/revisions"}],"predecessor-version":[{"id":853,"href":"https:\/\/www.old-gss-dt.de\/wordpress\/wp-json\/wp\/v2\/pages\/848\/revisions\/853"}],"wp:attachment":[{"href":"https:\/\/www.old-gss-dt.de\/wordpress\/wp-json\/wp\/v2\/media?parent=848"}],"curies":[{"name":"wp","href":"https:\/\/api.w.org\/{rel}","templated":true}]}}