{"id":792,"date":"2011-07-17T18:51:22","date_gmt":"2011-07-17T16:51:22","guid":{"rendered":"http:\/\/www.gss-dt.de\/wordpress\/?page_id=792"},"modified":"2011-07-17T18:58:02","modified_gmt":"2011-07-17T16:58:02","slug":"alltag","status":"publish","type":"page","link":"https:\/\/www.old-gss-dt.de\/wordpress\/alltag\/","title":{"rendered":"Alltag"},"content":{"rendered":"<p>Am Anfang eines Schuljahres wird ein Dienstplan erstellt. An der Geschwister-Scholl-Gesamtschule werden dabei die Pausenzeiten erfasst. In den gro\u00dfen Pausen und teilweise auch in den Mittagspausen gibt es immer ein Team, das im Schulsanit\u00e4tsraum \u201eDienst\u201c hat. Sch\u00fclerInnen, denen es nicht gut geht, die sich verletzt haben, kommen w\u00e4hrend der Pausenzeit dorthin und werden versorgt.<\/p>\n<p>Bei schweren Unf\u00e4llen leisten die SSDler auch auf dem Schulhof Ersthilfe, rufen den Rettungswagen \u00fcber das Sekretariat und weisen die professionellen Sanit\u00e4tskr\u00e4fte ein.<\/p>\n<p>Weiter zu <a title=\"Anerkennung \/ Wertsch\u00e4tzung\" href=\"https:\/\/www.old-gss-dt.de\/wordpress\/?page_id=795\">Anerkennung und Wertsch\u00e4tzung<\/a><\/p>\n<p>Zur\u00fcck zu\u00a0<a title=\"Langfristige Projekte\" href=\"https:\/\/www.old-gss-dt.de\/wordpress\/?page_id=710\">Langfristige Projekte<\/a><\/p>\n","protected":false},"excerpt":{"rendered":"<p>Am Anfang eines Schuljahres wird ein Dienstplan erstellt. An der Geschwister-Scholl-Gesamtschule werden dabei die Pausenzeiten erfasst. In den gro\u00dfen Pausen und teilweise auch in den Mittagspausen gibt es immer ein Team, das im Schulsanit\u00e4tsraum \u201eDienst\u201c hat. Sch\u00fclerInnen, denen es nicht &hellip; <a href=\"https:\/\/www.old-gss-dt.de\/wordpress\/alltag\/\">Continue reading <span class=\"meta-nav\">&rarr;<\/span><\/a><\/p>\n","protected":false},"author":1,"featured_media":0,"parent":0,"menu_order":0,"comment_status":"closed","ping_status":"closed","template":"","meta":[],"_links":{"self":[{"href":"https:\/\/www.old-gss-dt.de\/wordpress\/wp-json\/wp\/v2\/pages\/792"}],"collection":[{"href":"https:\/\/www.old-gss-dt.de\/wordpress\/wp-json\/wp\/v2\/pages"}],"about":[{"href":"https:\/\/www.old-gss-dt.de\/wordpress\/wp-json\/wp\/v2\/types\/page"}],"author":[{"embeddable":true,"href":"https:\/\/www.old-gss-dt.de\/wordpress\/wp-json\/wp\/v2\/users\/1"}],"replies":[{"embeddable":true,"href":"https:\/\/www.old-gss-dt.de\/wordpress\/wp-json\/wp\/v2\/comments?post=792"}],"version-history":[{"count":3,"href":"https:\/\/www.old-gss-dt.de\/wordpress\/wp-json\/wp\/v2\/pages\/792\/revisions"}],"predecessor-version":[{"id":805,"href":"https:\/\/www.old-gss-dt.de\/wordpress\/wp-json\/wp\/v2\/pages\/792\/revisions\/805"}],"wp:attachment":[{"href":"https:\/\/www.old-gss-dt.de\/wordpress\/wp-json\/wp\/v2\/media?parent=792"}],"curies":[{"name":"wp","href":"https:\/\/api.w.org\/{rel}","templated":true}]}}