{"id":790,"date":"2011-07-17T18:50:41","date_gmt":"2011-07-17T16:50:41","guid":{"rendered":"http:\/\/www.gss-dt.de\/wordpress\/?page_id=790"},"modified":"2011-07-17T18:57:31","modified_gmt":"2011-07-17T16:57:31","slug":"mitglieder","status":"publish","type":"page","link":"https:\/\/www.old-gss-dt.de\/wordpress\/mitglieder\/","title":{"rendered":"Mitglieder"},"content":{"rendered":"<p>Grunds\u00e4tzlich kann jede\/jeder Sch\u00fclerIn im Schulsanit\u00e4tsdienst t\u00e4tig werden. In Zusammenarbeit mit dem Kooperationslehrer werden vorzugsweise im Jahrgang 7 Sch\u00fclerInnen geworben. Nach einer etwa halbj\u00e4hrigen Einarbeitungszeit m\u00fcssen sie sich dann entscheiden, ob sie auch in der Klassenstufe 8 weiter mitarbeiten m\u00f6chten.<\/p>\n<p>\u00dcber das Jugendrotkreuz werden speziell f\u00fcr Schulsanit\u00e4terInnen Erste-Hilfe-Kurse angeboten. Im Idealfall sollte jeder\/jede Schulsanit\u00e4terin einen EH-Kurs absolvieren.<\/p>\n<p>Weiter zu <a title=\"Alltag\" href=\"https:\/\/www.old-gss-dt.de\/wordpress\/?page_id=792\">Alltag<\/a><\/p>\n<p>Zur\u00fcck zu <a title=\"Langfristige Projekte\" href=\"https:\/\/www.old-gss-dt.de\/wordpress\/?page_id=710\">Langfristige Projekte<\/a><\/p>\n","protected":false},"excerpt":{"rendered":"<p>Grunds\u00e4tzlich kann jede\/jeder Sch\u00fclerIn im Schulsanit\u00e4tsdienst t\u00e4tig werden. In Zusammenarbeit mit dem Kooperationslehrer werden vorzugsweise im Jahrgang 7 Sch\u00fclerInnen geworben. Nach einer etwa halbj\u00e4hrigen Einarbeitungszeit m\u00fcssen sie sich dann entscheiden, ob sie auch in der Klassenstufe 8 weiter mitarbeiten m\u00f6chten. &hellip; <a href=\"https:\/\/www.old-gss-dt.de\/wordpress\/mitglieder\/\">Continue reading <span class=\"meta-nav\">&rarr;<\/span><\/a><\/p>\n","protected":false},"author":1,"featured_media":0,"parent":0,"menu_order":0,"comment_status":"closed","ping_status":"closed","template":"","meta":[],"_links":{"self":[{"href":"https:\/\/www.old-gss-dt.de\/wordpress\/wp-json\/wp\/v2\/pages\/790"}],"collection":[{"href":"https:\/\/www.old-gss-dt.de\/wordpress\/wp-json\/wp\/v2\/pages"}],"about":[{"href":"https:\/\/www.old-gss-dt.de\/wordpress\/wp-json\/wp\/v2\/types\/page"}],"author":[{"embeddable":true,"href":"https:\/\/www.old-gss-dt.de\/wordpress\/wp-json\/wp\/v2\/users\/1"}],"replies":[{"embeddable":true,"href":"https:\/\/www.old-gss-dt.de\/wordpress\/wp-json\/wp\/v2\/comments?post=790"}],"version-history":[{"count":2,"href":"https:\/\/www.old-gss-dt.de\/wordpress\/wp-json\/wp\/v2\/pages\/790\/revisions"}],"predecessor-version":[{"id":804,"href":"https:\/\/www.old-gss-dt.de\/wordpress\/wp-json\/wp\/v2\/pages\/790\/revisions\/804"}],"wp:attachment":[{"href":"https:\/\/www.old-gss-dt.de\/wordpress\/wp-json\/wp\/v2\/media?parent=790"}],"curies":[{"name":"wp","href":"https:\/\/api.w.org\/{rel}","templated":true}]}}