{"id":781,"date":"2011-07-17T18:39:20","date_gmt":"2011-07-17T16:39:20","guid":{"rendered":"http:\/\/www.gss-dt.de\/wordpress\/?page_id=781"},"modified":"2011-07-17T18:56:56","modified_gmt":"2011-07-17T16:56:56","slug":"schulsanitater","status":"publish","type":"page","link":"https:\/\/www.old-gss-dt.de\/wordpress\/schulsanitater\/","title":{"rendered":"Schulsanit\u00e4tsdienst"},"content":{"rendered":"<h2><span class=\"Apple-style-span\" style=\"color: #444444; line-height: 24px; font-size: 16px;\"><a href=\"https:\/\/www.old-gss-dt.de\/wordpress\/wp-content\/uploads\/2011\/07\/2011-07_Schulsanitaeter_Logo.png\"><img decoding=\"async\" loading=\"lazy\" class=\"alignleft size-medium wp-image-787\" title=\"2011-07_Schulsanitaeter_Logo\" src=\"https:\/\/www.old-gss-dt.de\/wordpress\/wp-content\/uploads\/2011\/07\/2011-07_Schulsanitaeter_Logo-300x298.png\" alt=\"\" width=\"126\" height=\"125\" srcset=\"https:\/\/www.old-gss-dt.de\/wordpress\/wp-content\/uploads\/2011\/07\/2011-07_Schulsanitaeter_Logo-300x298.png 300w, https:\/\/www.old-gss-dt.de\/wordpress\/wp-content\/uploads\/2011\/07\/2011-07_Schulsanitaeter_Logo-150x150.png 150w, https:\/\/www.old-gss-dt.de\/wordpress\/wp-content\/uploads\/2011\/07\/2011-07_Schulsanitaeter_Logo.png 411w\" sizes=\"(max-width: 126px) 100vw, 126px\" \/><\/a>Seit mehr als 11 Jahren gibt es den Schulsanit\u00e4tsdienst (SSD) an der Geschwister-Scholl-Gesamtschule. Damit ist dieser Schulsanit\u00e4tsdienst einer der \u00e4ltesten im Landkreis Lippe.<\/span><\/h2>\n<p>Aus der Taufe gehoben wurde diese Einrichtung seinerzeit von Sch\u00fclern, die aktive Mitglieder im Jugendrotkreuz waren. Mittlerweile gibt es Schulsanit\u00e4tsdienste an vielen nordrheinwestf\u00e4lischen Schulen.<\/p>\n<p>Den Schulsanit\u00e4tsdienst organisieren auf der Grundlage einer Satzung Sch\u00fclerinnen und Sch\u00fcler weitgehend selbstst\u00e4ndig und eigenverantwortlich.<\/p>\n<p>Zu Beginn des Schuljahres wird eine Leitung gew\u00e4hlt. Diese ist Ansprechpartner f\u00fcr den Kooperationslehrer und vermittelt bei Konflikten.<\/p>\n<p>Der Schulsanit\u00e4tsdienst wird orgsanisiert und koordiniert von Reinhard Schiffer.<\/p>\n<p>Weiter zu<\/p>\n<ol>\n<li><a title=\"Mitglieder\" href=\"https:\/\/www.old-gss-dt.de\/wordpress\/?page_id=790\">Mitglieder<\/a><\/li>\n<li><a title=\"Alltag\" href=\"https:\/\/www.old-gss-dt.de\/wordpress\/?page_id=792\">Alltag<\/a><\/li>\n<li><a title=\"Anerkennung \/ Wertsch\u00e4tzung\" href=\"https:\/\/www.old-gss-dt.de\/wordpress\/?page_id=795\">Anerkennung und Wertsch\u00e4tzung<\/a><\/li>\n<\/ol>\n<p>Zur\u00fcck zu <a title=\"Langfristige Projekte\" href=\"https:\/\/www.old-gss-dt.de\/wordpress\/?page_id=710\">Langfristige Projekte<\/a><\/p>\n","protected":false},"excerpt":{"rendered":"<p>Seit mehr als 11 Jahren gibt es den Schulsanit\u00e4tsdienst (SSD) an der Geschwister-Scholl-Gesamtschule. Damit ist dieser Schulsanit\u00e4tsdienst einer der \u00e4ltesten im Landkreis Lippe. Aus der Taufe gehoben wurde diese Einrichtung seinerzeit von Sch\u00fclern, die aktive Mitglieder im Jugendrotkreuz waren. Mittlerweile &hellip; <a href=\"https:\/\/www.old-gss-dt.de\/wordpress\/schulsanitater\/\">Continue reading <span class=\"meta-nav\">&rarr;<\/span><\/a><\/p>\n","protected":false},"author":1,"featured_media":0,"parent":0,"menu_order":0,"comment_status":"closed","ping_status":"closed","template":"","meta":[],"_links":{"self":[{"href":"https:\/\/www.old-gss-dt.de\/wordpress\/wp-json\/wp\/v2\/pages\/781"}],"collection":[{"href":"https:\/\/www.old-gss-dt.de\/wordpress\/wp-json\/wp\/v2\/pages"}],"about":[{"href":"https:\/\/www.old-gss-dt.de\/wordpress\/wp-json\/wp\/v2\/types\/page"}],"author":[{"embeddable":true,"href":"https:\/\/www.old-gss-dt.de\/wordpress\/wp-json\/wp\/v2\/users\/1"}],"replies":[{"embeddable":true,"href":"https:\/\/www.old-gss-dt.de\/wordpress\/wp-json\/wp\/v2\/comments?post=781"}],"version-history":[{"count":8,"href":"https:\/\/www.old-gss-dt.de\/wordpress\/wp-json\/wp\/v2\/pages\/781\/revisions"}],"predecessor-version":[{"id":803,"href":"https:\/\/www.old-gss-dt.de\/wordpress\/wp-json\/wp\/v2\/pages\/781\/revisions\/803"}],"wp:attachment":[{"href":"https:\/\/www.old-gss-dt.de\/wordpress\/wp-json\/wp\/v2\/media?parent=781"}],"curies":[{"name":"wp","href":"https:\/\/api.w.org\/{rel}","templated":true}]}}