{"id":752,"date":"2011-07-17T18:12:36","date_gmt":"2011-07-17T16:12:36","guid":{"rendered":"http:\/\/www.gss-dt.de\/wordpress\/?page_id=752"},"modified":"2011-07-17T18:12:36","modified_gmt":"2011-07-17T16:12:36","slug":"inhalt-bedeutung-der-ausbildung","status":"publish","type":"page","link":"https:\/\/www.old-gss-dt.de\/wordpress\/inhalt-bedeutung-der-ausbildung\/","title":{"rendered":"Inhalt \/ Bedeutung der Ausbildung"},"content":{"rendered":"<h2>Inhaltsbereiche der Ausbildung<\/h2>\n<ul>\n<li>Sporthelferinnen und Sporthelfer in Schul- und Vereinssport;<\/li>\n<li>Grundlagen f\u00fcr die qualifizierte und sichere Durchf\u00fchrung von Bewegungs-, Spiel- und Sportangeboten;<\/li>\n<li>Praxis von Bewegung, Spiel und Sport mit Kindern und Jugendlichen;<\/li>\n<\/ul>\n<h2>Bedeutung der Ausbildung \u2026<\/h2>\n<p><em>\u2026\u00a0 f\u00fcr die Sch\u00fclerinnen und Sch\u00fcler <\/em><\/p>\n<p>Mit der Ausbildung zur Sporthelferin bzw. zum Sporthelfer werden Sch\u00fclerinnen und Sch\u00fcler an eine ehrenamtliche T\u00e4tigkeit im Sport herangef\u00fchrt. Die Ausbildung bietet interessierten Sch\u00fclerinnen und Sch\u00fclern die M\u00f6glichkeit, sich in besonderer Weise f\u00fcr eine aktive Mitwirkung an der Entwicklung von Bewegung, Spiel und Sport in Schulen und Sportvereinen zu qualifizieren. Die formale Qualifikation zur \u201eSporthelferin\u201c bzw. zum \u201eSporthelfer\u201c kann durch das \u201eBeiblatt zum Zeugnis\u201c dokumentiert und hierdurch z.B. f\u00fcr den Wechsel in das Berufsleben bedeutsam sein. Die erworbene formale Qualifikation ist zugleich ein erster Baustein im Qualifizierungssystem des gemeinn\u00fctzigen Sports; eine Weiterqualifizierung liegt nahe. Hierdurch wird die w\u00fcnschenswerte langfristige, die Schulzeit \u00fcberdauernde Bindung junger Menschen an den Sport besonders nachhaltig gef\u00f6rdert.<\/p>\n<p><em>\u2026\u00a0 f\u00fcr die Schule und den Schulsport <\/em><\/p>\n<p>Durch die Ausbildung\u00a0 von Sporthelferinnen und Sporthelfern werden die Partizipation von Sch\u00fclerinnen und Sch\u00fclern am Schulgeschehen und ihre Bereitschaft und F\u00e4higkeit zur \u00dcbernahme von Mitverantwortung im Rahmen der Schulmitwirkung gef\u00f6rdert. Auf der Basis des Schulmitwirkungsgesetzes erhalten Sch\u00fclerinnen und Sch\u00fcler die M\u00f6glichkeit, in einem bedeutsamen Bereich des Schullebens Verantwortung zu \u00fcbernehmen. Als Expertinnen bzw. Experten f\u00fcr Bewegung, Spiel und Sport k\u00f6nnen sie z.B. Sportgruppen im au\u00dferunterrichtlichen Schulsport betreuen und als Interessenvertreterinnen bzw. -vertreter in der Sch\u00fclervertretung, der Fachkonferenz \u201eSport\u201c und der Schulkonferenz die demokratischen Prozesse der Schulmitwirkung mitgestalten. Die Ausbildung von Sporthelferinnen und Sporthelfern ist somit ein wichtiger Bestandteil eines bewegungs- und sportfreundlichen Schulprogramms und einer entsprechenden Schulentwicklung und st\u00e4rkt das Netz von Sch\u00fclermentorensystemen, z.B. im Verbund mit Streitschlichtern, Klassenpaten und Schulsanit\u00e4tsdienst.<\/p>\n<p><em>\u2026 f\u00fcr den gemeinn\u00fctzigen Sport <\/em><\/p>\n<p>Auch die Jugendarbeit der Sportvereine von Stadt- und Kreissportb\u00fcnden und Sportfachverb\u00e4nden profitieren von qualifizierten Sporthelferinnen und Sporthelfern. Sie nehmen in ihrer Ausbildung und w\u00e4hrend ihrer T\u00e4tigkeit h\u00e4ufig direkt oder indirekt Kontakt mit den Sportvereinen im Wohnumfeld auf. Sie wissen, welche Sportarten in den \u00f6rtlichen Vereinen betrieben werden und k\u00f6nnen ihren Mitsch\u00fclerinnen und Mitsch\u00fclern Zug\u00e4nge zu den Sportvereinen aufzeigen. Durch die Sporthelferinnen- und Sporthelferausbildung werden so auch Sch\u00fclerinnen und Sch\u00fcler, die noch nicht Mitglieder in Sportvereinen sind, an diese herangef\u00fchrt und k\u00f6nnen ggf. als neue Mitglieder gewonnen werden.<\/p>\n<p>Sporthelferinnen und Sporthelfer, die bereits Mitglieder in Sportvereinen sind, und bei ihrer T\u00e4tigkeit als Sporthelferin oder Sporthelfer Selbstbest\u00e4tigung und Erfolg erfahren haben, k\u00f6nnen ihre positiven Erfahrungen aus der Schule als ehrenamtlich t\u00e4tige Mitarbeiterinnen und Mitarbeiter im Sportverein weiter entfalten. Auch liegt es nahe, Sporthelferinnen und Sporthelfer bei vorhandenem Interesse in die Arbeit der \u00f6rtlichen Sportjugenden einzu-beziehen.<\/p>\n<p>In Ausz\u00fcgen, zum Teil ver\u00e4ndert und erg\u00e4nzt, aus:<\/p>\n<p><em>Konzeption f\u00fcr die Ausbildung von Sch\u00fclerinnen und Sch\u00fclern zu Sportherlferinnen und Sporthelfern in Nordrhein-Wetfalen<\/em>, Sportjugend NRW, 2003, 1-5.<\/p>\n","protected":false},"excerpt":{"rendered":"<p>Inhaltsbereiche der Ausbildung Sporthelferinnen und Sporthelfer in Schul- und Vereinssport; Grundlagen f\u00fcr die qualifizierte und sichere Durchf\u00fchrung von Bewegungs-, Spiel- und Sportangeboten; Praxis von Bewegung, Spiel und Sport mit Kindern und Jugendlichen; Bedeutung der Ausbildung \u2026 \u2026\u00a0 f\u00fcr die Sch\u00fclerinnen &hellip; <a href=\"https:\/\/www.old-gss-dt.de\/wordpress\/inhalt-bedeutung-der-ausbildung\/\">Continue reading <span class=\"meta-nav\">&rarr;<\/span><\/a><\/p>\n","protected":false},"author":1,"featured_media":0,"parent":0,"menu_order":0,"comment_status":"closed","ping_status":"closed","template":"","meta":[],"_links":{"self":[{"href":"https:\/\/www.old-gss-dt.de\/wordpress\/wp-json\/wp\/v2\/pages\/752"}],"collection":[{"href":"https:\/\/www.old-gss-dt.de\/wordpress\/wp-json\/wp\/v2\/pages"}],"about":[{"href":"https:\/\/www.old-gss-dt.de\/wordpress\/wp-json\/wp\/v2\/types\/page"}],"author":[{"embeddable":true,"href":"https:\/\/www.old-gss-dt.de\/wordpress\/wp-json\/wp\/v2\/users\/1"}],"replies":[{"embeddable":true,"href":"https:\/\/www.old-gss-dt.de\/wordpress\/wp-json\/wp\/v2\/comments?post=752"}],"version-history":[{"count":1,"href":"https:\/\/www.old-gss-dt.de\/wordpress\/wp-json\/wp\/v2\/pages\/752\/revisions"}],"predecessor-version":[{"id":753,"href":"https:\/\/www.old-gss-dt.de\/wordpress\/wp-json\/wp\/v2\/pages\/752\/revisions\/753"}],"wp:attachment":[{"href":"https:\/\/www.old-gss-dt.de\/wordpress\/wp-json\/wp\/v2\/media?parent=752"}],"curies":[{"name":"wp","href":"https:\/\/api.w.org\/{rel}","templated":true}]}}