{"id":749,"date":"2011-07-17T18:09:56","date_gmt":"2011-07-17T16:09:56","guid":{"rendered":"http:\/\/www.gss-dt.de\/wordpress\/?page_id=749"},"modified":"2011-07-17T18:30:49","modified_gmt":"2011-07-17T16:30:49","slug":"voraussetzungen","status":"publish","type":"page","link":"https:\/\/www.old-gss-dt.de\/wordpress\/voraussetzungen\/","title":{"rendered":"Voraussetzungen"},"content":{"rendered":"<p>Sch\u00fclerinnen und Sch\u00fcler, die an der Sporthelferinnen- und Sporthelferausbildung teilnehmen, sollten:<\/p>\n<ul>\n<li>Bewegung, Spiel und Sport in ihrer Schule und in ihrer Freizeit aktiv betreiben;<\/li>\n<li>Bewegung, Spiel und Sport als wichtige Bereiche des Schullebens und der Freizeitgestaltung ansehen;<\/li>\n<li>an der Mitgestaltung von Bewegung, Spiel und Sport innerhalb und au\u00dferhalb der Schule interessiert sein;<\/li>\n<li>\u00fcber soziale Kompetenzen wie Zuverl\u00e4ssigkeit, Verantwortungsbewusstsein, Vertrauensw\u00fcrdigkeit verf\u00fcgen;<\/li>\n<li>emotionale Kompetenzen wie Einf\u00fchlungsverm\u00f6gen und Integrationsf\u00e4higkeit besitzen;<\/li>\n<li>Bereitschaft zu sozialem und ehrenamtlichem Engagement zeigen.<\/li>\n<\/ul>\n<p>Weiter zu <a title=\"Inhalt \/ Bedeutung der Ausbildung\" href=\"https:\/\/www.old-gss-dt.de\/wordpress\/?page_id=752\">Inhalt\/Bedeutung der Ausbildung<\/a><\/p>\n<p>Zur\u00fcck zu\u00a0<a title=\"Sporthelfer\" href=\"https:\/\/www.old-gss-dt.de\/wordpress\/?page_id=735\">Sporthelfer \u00dcbersicht<\/a><\/p>\n","protected":false},"excerpt":{"rendered":"<p>Sch\u00fclerinnen und Sch\u00fcler, die an der Sporthelferinnen- und Sporthelferausbildung teilnehmen, sollten: Bewegung, Spiel und Sport in ihrer Schule und in ihrer Freizeit aktiv betreiben; Bewegung, Spiel und Sport als wichtige Bereiche des Schullebens und der Freizeitgestaltung ansehen; an der Mitgestaltung &hellip; <a href=\"https:\/\/www.old-gss-dt.de\/wordpress\/voraussetzungen\/\">Continue reading <span class=\"meta-nav\">&rarr;<\/span><\/a><\/p>\n","protected":false},"author":1,"featured_media":0,"parent":0,"menu_order":0,"comment_status":"closed","ping_status":"closed","template":"","meta":[],"_links":{"self":[{"href":"https:\/\/www.old-gss-dt.de\/wordpress\/wp-json\/wp\/v2\/pages\/749"}],"collection":[{"href":"https:\/\/www.old-gss-dt.de\/wordpress\/wp-json\/wp\/v2\/pages"}],"about":[{"href":"https:\/\/www.old-gss-dt.de\/wordpress\/wp-json\/wp\/v2\/types\/page"}],"author":[{"embeddable":true,"href":"https:\/\/www.old-gss-dt.de\/wordpress\/wp-json\/wp\/v2\/users\/1"}],"replies":[{"embeddable":true,"href":"https:\/\/www.old-gss-dt.de\/wordpress\/wp-json\/wp\/v2\/comments?post=749"}],"version-history":[{"count":3,"href":"https:\/\/www.old-gss-dt.de\/wordpress\/wp-json\/wp\/v2\/pages\/749\/revisions"}],"predecessor-version":[{"id":777,"href":"https:\/\/www.old-gss-dt.de\/wordpress\/wp-json\/wp\/v2\/pages\/749\/revisions\/777"}],"wp:attachment":[{"href":"https:\/\/www.old-gss-dt.de\/wordpress\/wp-json\/wp\/v2\/media?parent=749"}],"curies":[{"name":"wp","href":"https:\/\/api.w.org\/{rel}","templated":true}]}}