{"id":747,"date":"2011-07-17T18:09:21","date_gmt":"2011-07-17T16:09:21","guid":{"rendered":"http:\/\/www.gss-dt.de\/wordpress\/?page_id=747"},"modified":"2011-07-17T18:29:21","modified_gmt":"2011-07-17T16:29:21","slug":"schulrechtliche-regelungen","status":"publish","type":"page","link":"https:\/\/www.old-gss-dt.de\/wordpress\/schulrechtliche-regelungen\/","title":{"rendered":"Schulrechtliche Regelungen"},"content":{"rendered":"<p>Den schulrechtlichen Rahmen f\u00fcr die Ausbildung und den Einsatz der Sporthelferinnen und Sporthelfer bilden das Schulmitwirkungsgesetz (BASS 1-3, \u00a7 12 Sch\u00fclervertretung), die Allgemeine Schulordnung (BASS 12-01 Nr.2, u.a. \u00a7 12 Aufsicht, \u00a7 46 Unfallverh\u00fctung und Sch\u00fclerunfallversicherung) sowie der sogenannte SV-Erlass (BASS 17-51 Nr. 1, insbesondere Ziffern 2.2.1 und 6). Weitergehende fachliche Orientierungshilfen bieten die Rahmenvorgaben und Lehrpl\u00e4ne f\u00fcr den Schulsport, der Erlass zur \u201eSicherheitsf\u00f6rderung im Schulsport\u201c und die\u00a0 Richtlinien f\u00fcr die F\u00f6rderung freiwilliger Schulsportgemeinschaften (BASS 11-04 Nr. 14). Das Einverst\u00e4ndnis der Erziehungsberechtigten zur Ausbildung sowie zum Einsatz der Sch\u00fclerinnen und Sch\u00fcler als Sporthelferin bzw. Sporthelfer ist erforderlich.<\/p>\n<p>Weiter zu <a title=\"Voraussetzungen\" href=\"https:\/\/www.old-gss-dt.de\/wordpress\/?page_id=749\">Voraussetzungen<\/a><\/p>\n<p>Zur\u00fcck zu\u00a0<a title=\"Sporthelfer\" href=\"https:\/\/www.old-gss-dt.de\/wordpress\/?page_id=735\">Sporthelfer \u00dcbersicht<\/a><\/p>\n","protected":false},"excerpt":{"rendered":"<p>Den schulrechtlichen Rahmen f\u00fcr die Ausbildung und den Einsatz der Sporthelferinnen und Sporthelfer bilden das Schulmitwirkungsgesetz (BASS 1-3, \u00a7 12 Sch\u00fclervertretung), die Allgemeine Schulordnung (BASS 12-01 Nr.2, u.a. \u00a7 12 Aufsicht, \u00a7 46 Unfallverh\u00fctung und Sch\u00fclerunfallversicherung) sowie der sogenannte SV-Erlass &hellip; <a href=\"https:\/\/www.old-gss-dt.de\/wordpress\/schulrechtliche-regelungen\/\">Continue reading <span class=\"meta-nav\">&rarr;<\/span><\/a><\/p>\n","protected":false},"author":1,"featured_media":0,"parent":0,"menu_order":0,"comment_status":"closed","ping_status":"closed","template":"","meta":[],"_links":{"self":[{"href":"https:\/\/www.old-gss-dt.de\/wordpress\/wp-json\/wp\/v2\/pages\/747"}],"collection":[{"href":"https:\/\/www.old-gss-dt.de\/wordpress\/wp-json\/wp\/v2\/pages"}],"about":[{"href":"https:\/\/www.old-gss-dt.de\/wordpress\/wp-json\/wp\/v2\/types\/page"}],"author":[{"embeddable":true,"href":"https:\/\/www.old-gss-dt.de\/wordpress\/wp-json\/wp\/v2\/users\/1"}],"replies":[{"embeddable":true,"href":"https:\/\/www.old-gss-dt.de\/wordpress\/wp-json\/wp\/v2\/comments?post=747"}],"version-history":[{"count":2,"href":"https:\/\/www.old-gss-dt.de\/wordpress\/wp-json\/wp\/v2\/pages\/747\/revisions"}],"predecessor-version":[{"id":776,"href":"https:\/\/www.old-gss-dt.de\/wordpress\/wp-json\/wp\/v2\/pages\/747\/revisions\/776"}],"wp:attachment":[{"href":"https:\/\/www.old-gss-dt.de\/wordpress\/wp-json\/wp\/v2\/media?parent=747"}],"curies":[{"name":"wp","href":"https:\/\/api.w.org\/{rel}","templated":true}]}}