{"id":743,"date":"2011-07-17T18:07:43","date_gmt":"2011-07-17T16:07:43","guid":{"rendered":"http:\/\/www.gss-dt.de\/wordpress\/?page_id=743"},"modified":"2011-07-17T18:27:48","modified_gmt":"2011-07-17T16:27:48","slug":"ziele-zielgruppe","status":"publish","type":"page","link":"https:\/\/www.old-gss-dt.de\/wordpress\/ziele-zielgruppe\/","title":{"rendered":"Ziele \/ Zielgruppe"},"content":{"rendered":"<h2>Zielsetzung<\/h2>\n<p>Ziel der Ausbildung ist es, interessierte Sch\u00fclerinnen und Sch\u00fcler zu bef\u00e4higen, im au\u00dfer-unterrichtlichen Schulsport und im Vereinssport Verantwortung zu \u00fcbernehmen. Das Spektrum reicht von helfenden, unterst\u00fctzenden T\u00e4tigkeiten \u00fcber die Mitgestaltung von Angeboten bis hin zu klar eingegrenzten Leitungsfunktionen bei der Planung und Durchf\u00fchrung von Bewegungs-, Spiel- und Sportangeboten in Schulen und Sportvereinen.<\/p>\n<h2>Zielgruppe<\/h2>\n<h2><span class=\"Apple-style-span\" style=\"color: #444444; line-height: 24px; font-size: 16px;\">Die Sporthelferinnen- und Sporthelferausbildung richtet sich an 13 bis 17 Jahre alte Sch\u00fclerinnen und Sch\u00fcler, die daran interessiert und dazu geeignet sind, Bewegungs-, Spiel- und Sportangebote f\u00fcr Kinder und Jugendliche in Schulen oder in Sportvereinen zu organisieren und zu betreuen. Um sich als Sporthelferin oder Sporthelfer zu qualifizieren, m\u00fcssen die Sch\u00fclerinnen und Sch\u00fcler nicht Mitglieder in einem Sportverein sein.<\/span><\/h2>\n<h2><span style=\"font-size: medium;\"><span class=\"Apple-style-span\" style=\"font-size: 16px; line-height: 24px;\">Weiter zu <a title=\"Dauer der Ausbildung\" href=\"https:\/\/www.old-gss-dt.de\/wordpress\/?page_id=745\">Dauer der Ausbildung \/ Gruppengr\u00f6\u00dfe<\/a><\/span><\/span><\/h2>\n<p>Zur\u00fcck zu\u00a0<a title=\"Sporthelfer\" href=\"https:\/\/www.old-gss-dt.de\/wordpress\/?page_id=735\">Sporthelfer \u00dcbersicht<\/a><\/p>\n<p>&nbsp;<\/p>\n<p>&nbsp;<\/p>\n<p>&nbsp;<\/p>\n<p>&nbsp;<\/p>\n<p>&nbsp;<\/p>\n<p>&nbsp;<\/p>\n<p>&nbsp;<\/p>\n","protected":false},"excerpt":{"rendered":"<p>Zielsetzung Ziel der Ausbildung ist es, interessierte Sch\u00fclerinnen und Sch\u00fcler zu bef\u00e4higen, im au\u00dfer-unterrichtlichen Schulsport und im Vereinssport Verantwortung zu \u00fcbernehmen. Das Spektrum reicht von helfenden, unterst\u00fctzenden T\u00e4tigkeiten \u00fcber die Mitgestaltung von Angeboten bis hin zu klar eingegrenzten Leitungsfunktionen bei &hellip; <a href=\"https:\/\/www.old-gss-dt.de\/wordpress\/ziele-zielgruppe\/\">Continue reading <span class=\"meta-nav\">&rarr;<\/span><\/a><\/p>\n","protected":false},"author":1,"featured_media":0,"parent":0,"menu_order":0,"comment_status":"closed","ping_status":"closed","template":"","meta":[],"_links":{"self":[{"href":"https:\/\/www.old-gss-dt.de\/wordpress\/wp-json\/wp\/v2\/pages\/743"}],"collection":[{"href":"https:\/\/www.old-gss-dt.de\/wordpress\/wp-json\/wp\/v2\/pages"}],"about":[{"href":"https:\/\/www.old-gss-dt.de\/wordpress\/wp-json\/wp\/v2\/types\/page"}],"author":[{"embeddable":true,"href":"https:\/\/www.old-gss-dt.de\/wordpress\/wp-json\/wp\/v2\/users\/1"}],"replies":[{"embeddable":true,"href":"https:\/\/www.old-gss-dt.de\/wordpress\/wp-json\/wp\/v2\/comments?post=743"}],"version-history":[{"count":3,"href":"https:\/\/www.old-gss-dt.de\/wordpress\/wp-json\/wp\/v2\/pages\/743\/revisions"}],"predecessor-version":[{"id":773,"href":"https:\/\/www.old-gss-dt.de\/wordpress\/wp-json\/wp\/v2\/pages\/743\/revisions\/773"}],"wp:attachment":[{"href":"https:\/\/www.old-gss-dt.de\/wordpress\/wp-json\/wp\/v2\/media?parent=743"}],"curies":[{"name":"wp","href":"https:\/\/api.w.org\/{rel}","templated":true}]}}