{"id":739,"date":"2011-07-17T18:05:55","date_gmt":"2011-07-17T16:05:55","guid":{"rendered":"http:\/\/www.gss-dt.de\/wordpress\/?page_id=739"},"modified":"2011-07-17T18:25:05","modified_gmt":"2011-07-17T16:25:05","slug":"tatigkeitsfelder","status":"publish","type":"page","link":"https:\/\/www.old-gss-dt.de\/wordpress\/tatigkeitsfelder\/","title":{"rendered":"T\u00e4tigkeitsfelder"},"content":{"rendered":"<p>Die qualifizierten Sporthelferinnen und Sporthelfer sollen ab dem Schuljahr 2011\/12 zunehmend in das Schulleben der Geschwister-Scholl-Schule integriert werden und dabei verschiedene T\u00e4tigkeiten \u00fcbernehmen. F\u00fcr ihre T\u00e4tigkeiten in der Schule erhalten die Sch\u00fclerinnen und Sch\u00fcler ein entsprechendes Zertifikat.<\/p>\n<p>M\u00f6gliche Aufgabenbereiche der Sporthelferinnen und Sporthelfer in Schulen sind:<\/p>\n<ul>\n<li>Mitarbeit bei der Planung und Durchf\u00fchrung von Pausensportaktivit\u00e4ten \/ Bewegungspausen;<\/li>\n<li>Mitarbeit bei der Leitung von freiwilligen Schulsportgemeinschaften \/ Sportarbeitsgemeinschaften;<\/li>\n<li>Mitarbeit bei der Planung und Durchf\u00fchrung von Schulsportfesten und Schulsportwettk\u00e4mpfen;<\/li>\n<li>Mitarbeit bei der Planung und Durchf\u00fchrung von bewegungs- \/ sportorientierten Projekten:<\/li>\n<li>Mitarbeit bei der Organisation und Durchf\u00fchrung von bewegungs- \/ sportorientierten Aktionstagen \/ Sporttagen \/ Wandertagen \/ Schulfahrten;<\/li>\n<li>Mitwirkung in den Mitbestimmungsgremien der Schule bei der Entwicklung und Umsetzung eines bewegungs- \/ sportorientierten Schulprogramms \/ Schulprofils.<\/li>\n<\/ul>\n<p>Weiter zu <a title=\"Einordnung\" href=\"https:\/\/www.old-gss-dt.de\/wordpress\/?page_id=741\">Einordnung<\/a><\/p>\n<p>Zur\u00fcck zu\u00a0<a title=\"Sporthelfer\" href=\"https:\/\/www.old-gss-dt.de\/wordpress\/?page_id=735\">Sporthelfer \u00dcbersicht<\/a><\/p>\n","protected":false},"excerpt":{"rendered":"<p>Die qualifizierten Sporthelferinnen und Sporthelfer sollen ab dem Schuljahr 2011\/12 zunehmend in das Schulleben der Geschwister-Scholl-Schule integriert werden und dabei verschiedene T\u00e4tigkeiten \u00fcbernehmen. F\u00fcr ihre T\u00e4tigkeiten in der Schule erhalten die Sch\u00fclerinnen und Sch\u00fcler ein entsprechendes Zertifikat. M\u00f6gliche Aufgabenbereiche der &hellip; <a href=\"https:\/\/www.old-gss-dt.de\/wordpress\/tatigkeitsfelder\/\">Continue reading <span class=\"meta-nav\">&rarr;<\/span><\/a><\/p>\n","protected":false},"author":1,"featured_media":0,"parent":0,"menu_order":0,"comment_status":"closed","ping_status":"closed","template":"","meta":[],"_links":{"self":[{"href":"https:\/\/www.old-gss-dt.de\/wordpress\/wp-json\/wp\/v2\/pages\/739"}],"collection":[{"href":"https:\/\/www.old-gss-dt.de\/wordpress\/wp-json\/wp\/v2\/pages"}],"about":[{"href":"https:\/\/www.old-gss-dt.de\/wordpress\/wp-json\/wp\/v2\/types\/page"}],"author":[{"embeddable":true,"href":"https:\/\/www.old-gss-dt.de\/wordpress\/wp-json\/wp\/v2\/users\/1"}],"replies":[{"embeddable":true,"href":"https:\/\/www.old-gss-dt.de\/wordpress\/wp-json\/wp\/v2\/comments?post=739"}],"version-history":[{"count":3,"href":"https:\/\/www.old-gss-dt.de\/wordpress\/wp-json\/wp\/v2\/pages\/739\/revisions"}],"predecessor-version":[{"id":771,"href":"https:\/\/www.old-gss-dt.de\/wordpress\/wp-json\/wp\/v2\/pages\/739\/revisions\/771"}],"wp:attachment":[{"href":"https:\/\/www.old-gss-dt.de\/wordpress\/wp-json\/wp\/v2\/media?parent=739"}],"curies":[{"name":"wp","href":"https:\/\/api.w.org\/{rel}","templated":true}]}}