{"id":735,"date":"2011-07-17T18:03:18","date_gmt":"2011-07-17T16:03:18","guid":{"rendered":"http:\/\/www.gss-dt.de\/wordpress\/?page_id=735"},"modified":"2011-07-17T18:35:16","modified_gmt":"2011-07-17T16:35:16","slug":"sporthelfer","status":"publish","type":"page","link":"https:\/\/www.old-gss-dt.de\/wordpress\/sporthelfer\/","title":{"rendered":"Sporthelfer"},"content":{"rendered":"<p>Seit dem Schuljahr 2010\/11 besteht f\u00fcr unsere Sch\u00fclerinnen und Sch\u00fcler die M\u00f6glichkeit sich an der Geschwister-Scholl-Schule zur Sporthelferin bzw. zum Sporthelfer ausbilden zu lassen. Die Ausbildung erfolgt durch speziell daf\u00fcr qualifizierte Sportlehrkr\u00e4fte. Mit Abschluss erhalten die Sch\u00fclerinnen und Sch\u00fcler einen Qualifikationsnachweis sowie eine entsprechende Zeugnisbemerkung. Im Schuljahr 2010\/11 haben acht Sch\u00fclerinnen und Sch\u00fcler die Ausbildung erfolgreich absolviert.<\/p>\n<p>Weiter zu<\/p>\n<ol>\n<li><a title=\"Leitung\" href=\"https:\/\/www.old-gss-dt.de\/wordpress\/?page_id=737\">Leitung<\/a><\/li>\n<li><a title=\"T\u00e4tigkeitsfelder\" href=\"https:\/\/www.old-gss-dt.de\/wordpress\/?page_id=739\">T\u00e4tigkeitsfelder der Sporthelferinnen<\/a><\/li>\n<li><a title=\"Einordnung\" href=\"https:\/\/www.old-gss-dt.de\/wordpress\/?page_id=741\">Einordnung<\/a><\/li>\n<li><a title=\"Ziele \/ Zielgruppe\" href=\"https:\/\/www.old-gss-dt.de\/wordpress\/?page_id=743\">Zielsetzung\/Zielgruppe<\/a><\/li>\n<li><a title=\"Dauer der Ausbildung\" href=\"https:\/\/www.old-gss-dt.de\/wordpress\/?page_id=745\">Dauer und Gruppengr\u00f6\u00dfe<\/a><\/li>\n<li><a title=\"Schulrechtliche Regelungen\" href=\"https:\/\/www.old-gss-dt.de\/wordpress\/?page_id=747\">Schulrechtliche Regelungen<\/a><\/li>\n<li><a title=\"Voraussetzungen\" href=\"https:\/\/www.old-gss-dt.de\/wordpress\/?page_id=749\">Voraussetzungen<\/a><\/li>\n<li><a title=\"Inhalt \/ Bedeutung der Ausbildung\" href=\"https:\/\/www.old-gss-dt.de\/wordpress\/?page_id=752\">Inhalt\/Bedeutung der Ausbildung<\/a><\/li>\n<\/ol>\n<p>&nbsp;<\/p>\n<p>&nbsp;<\/p>\n<p>Zur\u00fcck zu <a title=\"Langfristige Projekte\" href=\"https:\/\/www.old-gss-dt.de\/wordpress\/?page_id=710\">Langfristige Projekte<\/a><\/p>\n","protected":false},"excerpt":{"rendered":"<p>Seit dem Schuljahr 2010\/11 besteht f\u00fcr unsere Sch\u00fclerinnen und Sch\u00fcler die M\u00f6glichkeit sich an der Geschwister-Scholl-Schule zur Sporthelferin bzw. zum Sporthelfer ausbilden zu lassen. Die Ausbildung erfolgt durch speziell daf\u00fcr qualifizierte Sportlehrkr\u00e4fte. Mit Abschluss erhalten die Sch\u00fclerinnen und Sch\u00fcler einen &hellip; <a href=\"https:\/\/www.old-gss-dt.de\/wordpress\/sporthelfer\/\">Continue reading <span class=\"meta-nav\">&rarr;<\/span><\/a><\/p>\n","protected":false},"author":1,"featured_media":0,"parent":0,"menu_order":0,"comment_status":"closed","ping_status":"closed","template":"","meta":[],"_links":{"self":[{"href":"https:\/\/www.old-gss-dt.de\/wordpress\/wp-json\/wp\/v2\/pages\/735"}],"collection":[{"href":"https:\/\/www.old-gss-dt.de\/wordpress\/wp-json\/wp\/v2\/pages"}],"about":[{"href":"https:\/\/www.old-gss-dt.de\/wordpress\/wp-json\/wp\/v2\/types\/page"}],"author":[{"embeddable":true,"href":"https:\/\/www.old-gss-dt.de\/wordpress\/wp-json\/wp\/v2\/users\/1"}],"replies":[{"embeddable":true,"href":"https:\/\/www.old-gss-dt.de\/wordpress\/wp-json\/wp\/v2\/comments?post=735"}],"version-history":[{"count":7,"href":"https:\/\/www.old-gss-dt.de\/wordpress\/wp-json\/wp\/v2\/pages\/735\/revisions"}],"predecessor-version":[{"id":766,"href":"https:\/\/www.old-gss-dt.de\/wordpress\/wp-json\/wp\/v2\/pages\/735\/revisions\/766"}],"wp:attachment":[{"href":"https:\/\/www.old-gss-dt.de\/wordpress\/wp-json\/wp\/v2\/media?parent=735"}],"curies":[{"name":"wp","href":"https:\/\/api.w.org\/{rel}","templated":true}]}}