{"id":7320,"date":"2022-11-18T22:40:25","date_gmt":"2022-11-18T21:40:25","guid":{"rendered":"http:\/\/www.gss-dt.de\/wordpress\/?page_id=7320"},"modified":"2023-03-17T21:46:49","modified_gmt":"2023-03-17T20:46:49","slug":"beendete-projekte","status":"publish","type":"page","link":"https:\/\/www.old-gss-dt.de\/wordpress\/beendete-projekte\/","title":{"rendered":"Vergangene Projekte"},"content":{"rendered":"\n<h2 class=\"wp-block-heading\">Hospitation in Wien<\/h2>\n\n\n\n<div class=\"wp-block-media-text alignwide is-stacked-on-mobile\" style=\"grid-template-columns:36% auto\"><figure class=\"wp-block-media-text__media\"><img decoding=\"async\" loading=\"lazy\" width=\"375\" height=\"500\" src=\"https:\/\/www.old-gss-dt.de\/wordpress\/wp-content\/uploads\/2022\/11\/Wien2-2-375x500.jpg\" alt=\"\" class=\"wp-image-7326 size-full\" srcset=\"https:\/\/www.old-gss-dt.de\/wordpress\/wp-content\/uploads\/2022\/11\/Wien2-2-375x500.jpg 375w, https:\/\/www.old-gss-dt.de\/wordpress\/wp-content\/uploads\/2022\/11\/Wien2-2-225x300.jpg 225w, https:\/\/www.old-gss-dt.de\/wordpress\/wp-content\/uploads\/2022\/11\/Wien2-2-768x1024.jpg 768w, https:\/\/www.old-gss-dt.de\/wordpress\/wp-content\/uploads\/2022\/11\/Wien2-2-1152x1536.jpg 1152w, https:\/\/www.old-gss-dt.de\/wordpress\/wp-content\/uploads\/2022\/11\/Wien2-2.jpg 1512w\" sizes=\"(max-width: 375px) 100vw, 375px\" \/><\/figure><div class=\"wp-block-media-text__content\">\n<p>Vom 09.10. &#8211; 21.10.2022 hospitierten unsere nun bereits examinierten Referendare Frau Niermeier und Herr Friedrich in der Schule <em>Lernraum 14 <\/em>in Wien. W\u00e4hrend dieser Hospitationsphase war es ihnen nicht nur m\u00f6glich, ein anderes Schulsystem kennenzulernen, sondern auch neue Ideen und Eindr\u00fccke im Bereich der Sprachf\u00f6rderung, Individualisierung des Unterrichts und Differenzierung zu sammeln. <\/p>\n<\/div><\/div>\n\n\n\n<div class=\"wp-block-columns is-layout-flex wp-container-5\">\n<div class=\"wp-block-column is-layout-flow\" style=\"flex-basis:100%\">\n<div class=\"wp-block-columns is-layout-flex wp-container-3\">\n<div class=\"wp-block-column is-layout-flow\">\n<figure class=\"wp-block-image size-large is-resized\"><img decoding=\"async\" loading=\"lazy\" src=\"https:\/\/www.old-gss-dt.de\/wordpress\/wp-content\/uploads\/2022\/11\/Wien7-500x376.jpg\" alt=\"\" class=\"wp-image-7328\" width=\"258\" height=\"193\" srcset=\"https:\/\/www.old-gss-dt.de\/wordpress\/wp-content\/uploads\/2022\/11\/Wien7-500x376.jpg 500w, https:\/\/www.old-gss-dt.de\/wordpress\/wp-content\/uploads\/2022\/11\/Wien7-300x226.jpg 300w, https:\/\/www.old-gss-dt.de\/wordpress\/wp-content\/uploads\/2022\/11\/Wien7-768x578.jpg 768w, https:\/\/www.old-gss-dt.de\/wordpress\/wp-content\/uploads\/2022\/11\/Wien7-1536x1156.jpg 1536w, https:\/\/www.old-gss-dt.de\/wordpress\/wp-content\/uploads\/2022\/11\/Wien7.jpg 1600w\" sizes=\"(max-width: 258px) 100vw, 258px\" \/><\/figure>\n<\/div>\n\n\n\n<div class=\"wp-block-column is-layout-flow\">\n<figure class=\"wp-block-image size-large is-resized\"><img decoding=\"async\" loading=\"lazy\" src=\"https:\/\/www.old-gss-dt.de\/wordpress\/wp-content\/uploads\/2022\/11\/Wien3-2-500x376.jpg\" alt=\"\" class=\"wp-image-7340\" width=\"280\" height=\"211\" srcset=\"https:\/\/www.old-gss-dt.de\/wordpress\/wp-content\/uploads\/2022\/11\/Wien3-2-500x376.jpg 500w, https:\/\/www.old-gss-dt.de\/wordpress\/wp-content\/uploads\/2022\/11\/Wien3-2-300x226.jpg 300w, https:\/\/www.old-gss-dt.de\/wordpress\/wp-content\/uploads\/2022\/11\/Wien3-2-768x578.jpg 768w, https:\/\/www.old-gss-dt.de\/wordpress\/wp-content\/uploads\/2022\/11\/Wien3-2-1536x1156.jpg 1536w, https:\/\/www.old-gss-dt.de\/wordpress\/wp-content\/uploads\/2022\/11\/Wien3-2.jpg 1600w\" sizes=\"(max-width: 280px) 100vw, 280px\" \/><\/figure>\n<\/div>\n<\/div>\n<\/div>\n<\/div>\n\n\n\n<p><\/p>\n\n\n\n<h2 class=\"wp-block-heading\">Madridaustausch<\/h2>\n\n\n\n<p class=\"has-text-align-center\">Vom 03. &#8211; 09. M\u00e4rz 2023 verbrachten 26 Sch\u00fclerinnen und Sch\u00fcler der Jahrg\u00e4nge 10 und 11 zusammen mit Frau Bikliqi und Herrn Torunoglu eine Woche in Spaniens sch\u00f6ner Hauptstadt, finanziert durch die Erasmus+ F\u00f6rderung. Neben Erkundungen in Madrid selbst standen u.a. Ausfl\u00fcge nach Toledo und Segovia auf dem Programm. Die Unterbringung erfolgte in Gastfamilien, sodass unsere Sch\u00fclerinnen und Sch\u00fcler nicht nur ihre Fremdsprachenkompetenz schulten, sondern auch viel \u00fcber die spanische Kultur lernen konnten. Wir freuen uns auf den Gegenbesuch der Spanier :)<\/p>\n\n\n\n<div class=\"wp-block-media-text alignwide is-stacked-on-mobile is-style-rounded\" style=\"grid-template-columns:46% auto\"><figure class=\"wp-block-media-text__media\"><img decoding=\"async\" loading=\"lazy\" width=\"375\" height=\"500\" src=\"https:\/\/www.old-gss-dt.de\/wordpress\/wp-content\/uploads\/2023\/03\/Gruppenfoto2-375x500.jpeg\" alt=\"\" class=\"wp-image-7586 size-full\" srcset=\"https:\/\/www.old-gss-dt.de\/wordpress\/wp-content\/uploads\/2023\/03\/Gruppenfoto2-375x500.jpeg 375w, https:\/\/www.old-gss-dt.de\/wordpress\/wp-content\/uploads\/2023\/03\/Gruppenfoto2-225x300.jpeg 225w, https:\/\/www.old-gss-dt.de\/wordpress\/wp-content\/uploads\/2023\/03\/Gruppenfoto2-768x1024.jpeg 768w, https:\/\/www.old-gss-dt.de\/wordpress\/wp-content\/uploads\/2023\/03\/Gruppenfoto2-1152x1536.jpeg 1152w, https:\/\/www.old-gss-dt.de\/wordpress\/wp-content\/uploads\/2023\/03\/Gruppenfoto2.jpeg 1200w\" sizes=\"(max-width: 375px) 100vw, 375px\" \/><\/figure><div class=\"wp-block-media-text__content\">\n<p><\/p>\n\n\n\n<figure class=\"wp-block-image size-large is-resized\"><img decoding=\"async\" loading=\"lazy\" src=\"https:\/\/www.old-gss-dt.de\/wordpress\/wp-content\/uploads\/2023\/03\/Gruppenfoto1-1-500x375.jpg\" alt=\"\" class=\"wp-image-7588\" width=\"548\" height=\"411\" srcset=\"https:\/\/www.old-gss-dt.de\/wordpress\/wp-content\/uploads\/2023\/03\/Gruppenfoto1-1-500x375.jpg 500w, https:\/\/www.old-gss-dt.de\/wordpress\/wp-content\/uploads\/2023\/03\/Gruppenfoto1-1-300x225.jpg 300w, https:\/\/www.old-gss-dt.de\/wordpress\/wp-content\/uploads\/2023\/03\/Gruppenfoto1-1-768x576.jpg 768w, https:\/\/www.old-gss-dt.de\/wordpress\/wp-content\/uploads\/2023\/03\/Gruppenfoto1-1-1536x1152.jpg 1536w, https:\/\/www.old-gss-dt.de\/wordpress\/wp-content\/uploads\/2023\/03\/Gruppenfoto1-1.jpg 1600w\" sizes=\"(max-width: 548px) 100vw, 548px\" \/><\/figure>\n<\/div><\/div>\n\n\n\n<p> <\/p>\n","protected":false},"excerpt":{"rendered":"<p>Hospitation in Wien Vom 09.10. &#8211; 21.10.2022 hospitierten unsere nun bereits examinierten Referendare Frau Niermeier und Herr Friedrich in der Schule Lernraum 14 in Wien. W\u00e4hrend dieser Hospitationsphase war es ihnen nicht nur m\u00f6glich, ein anderes Schulsystem kennenzulernen, sondern auch &hellip; <a href=\"https:\/\/www.old-gss-dt.de\/wordpress\/beendete-projekte\/\">Continue reading <span class=\"meta-nav\">&rarr;<\/span><\/a><\/p>\n","protected":false},"author":12,"featured_media":0,"parent":0,"menu_order":0,"comment_status":"closed","ping_status":"closed","template":"","meta":[],"_links":{"self":[{"href":"https:\/\/www.old-gss-dt.de\/wordpress\/wp-json\/wp\/v2\/pages\/7320"}],"collection":[{"href":"https:\/\/www.old-gss-dt.de\/wordpress\/wp-json\/wp\/v2\/pages"}],"about":[{"href":"https:\/\/www.old-gss-dt.de\/wordpress\/wp-json\/wp\/v2\/types\/page"}],"author":[{"embeddable":true,"href":"https:\/\/www.old-gss-dt.de\/wordpress\/wp-json\/wp\/v2\/users\/12"}],"replies":[{"embeddable":true,"href":"https:\/\/www.old-gss-dt.de\/wordpress\/wp-json\/wp\/v2\/comments?post=7320"}],"version-history":[{"count":9,"href":"https:\/\/www.old-gss-dt.de\/wordpress\/wp-json\/wp\/v2\/pages\/7320\/revisions"}],"predecessor-version":[{"id":7592,"href":"https:\/\/www.old-gss-dt.de\/wordpress\/wp-json\/wp\/v2\/pages\/7320\/revisions\/7592"}],"wp:attachment":[{"href":"https:\/\/www.old-gss-dt.de\/wordpress\/wp-json\/wp\/v2\/media?parent=7320"}],"curies":[{"name":"wp","href":"https:\/\/api.w.org\/{rel}","templated":true}]}}