{"id":7294,"date":"2022-11-15T12:02:28","date_gmt":"2022-11-15T11:02:28","guid":{"rendered":"http:\/\/www.gss-dt.de\/wordpress\/?page_id=7294"},"modified":"2023-03-17T21:20:56","modified_gmt":"2023-03-17T20:20:56","slug":"erasmus-5","status":"publish","type":"page","link":"https:\/\/www.old-gss-dt.de\/wordpress\/erasmus-5\/","title":{"rendered":"Aktuelle Projekte"},"content":{"rendered":"\n<p><strong>Im Schuljahr 2022\/2023 sind folgende Gruppenaustausche geplant:<\/strong><\/p>\n\n\n\n<p>02. &#8211; 09. M\u00e4rz 2023: Austausch mit dem <em>IES Las Musas<\/em> aus Madrid (Jahrg\u00e4nge 10 und 11)<\/p>\n\n\n\n<p>22. &#8211; 29. M\u00e4rz 2023: Gegenbesuch der Spanier in Detmold<\/p>\n\n\n\n<p>17. &#8211; 20. M\u00e4rz 2023: Teil 1 der trilateralen Jugendbegegnung zum Oberthema &#8222;Europa beginnt in deiner Stadt&#8220; in Oraiokastro, Griechenland (gef\u00f6rdert vom Deutsch-Franz\u00f6sischen Jugendwerk) zwischen der GSGS Detmold, dem <em>1st Gymasio Oraiokastrou<\/em> und Sch\u00fclerInnen aus Saint-Omer, Frankreich<\/p>\n\n\n\n<p>Mai 2023: Teil 2 der Jugendbegegnung in Detmold mit dem <em>1st Gymasio Oraiokastrou<\/em> aus Griechenland (im Rahmen der Europatage 2023)<\/p>\n\n\n\n<p>22. &#8211; 26. Mai 2023: Austausch zwischen dem Franz\u00f6sischkurs Jahrgang 9 und einem Kurs des <em>LYPSO<\/em>, Saint-Omer, Frankreich<\/p>\n\n\n\n<p>12. &#8211; 16. Juni 2023: Austausch der Sch\u00fclerinnen und Sch\u00fcler des LPTs mit der Schule IES Ausi\u00e0s March, Gandia (Spanien)<\/p>\n\n\n\n<p>16. &#8211; 19. Juni 2023: Teil 3 der Jugendbegegnung in Saint-Omer, Frankreich (gef\u00f6rdert vom Deutsch-Franz\u00f6sischen Jugendwerk) zwischen der GSGS Detmold, dem <em>1st Gymasio Oraiokastrou<\/em> und Sch\u00fclerInnen aus Saint-Omer, Frankreich<\/p>\n\n\n\n<p><\/p>\n\n\n\n<p>Ab Juni 2023 starten zudem die <strong>individuellen Auslandsaufenthalte<\/strong>. Hier freuen wir uns sehr \u00fcber das rege Interesse unserer Sch\u00fclerinnen und Sch\u00fcler, sodass wir neben Praktika und Kurzaufenthalte auch l\u00e4ngere Auslandsaufenthalte sowie einen Jahresaufenthalt organisieren d\u00fcrfen. <\/p>\n\n\n\n<p>Im neuen Schuljahr sind u.a. bereits Projekte mit Savonlinna (Finnland), Verona (Italien), Rimini (Italien), Malta und Hasselt terminiert. <\/p>\n\n\n\n<p>Hier findet ihr eine Karte mit unseren <strong>aktuellen Kooperationspartnern:<\/strong><\/p>\n\n\n\n<figure class=\"wp-block-image size-large\"><img decoding=\"async\" loading=\"lazy\" width=\"500\" height=\"370\" src=\"https:\/\/www.old-gss-dt.de\/wordpress\/wp-content\/uploads\/2023\/03\/Bild_Karte-500x370.jpg\" alt=\"\" class=\"wp-image-7582\" srcset=\"https:\/\/www.old-gss-dt.de\/wordpress\/wp-content\/uploads\/2023\/03\/Bild_Karte-500x370.jpg 500w, https:\/\/www.old-gss-dt.de\/wordpress\/wp-content\/uploads\/2023\/03\/Bild_Karte-300x222.jpg 300w, https:\/\/www.old-gss-dt.de\/wordpress\/wp-content\/uploads\/2023\/03\/Bild_Karte.jpg 761w\" sizes=\"(max-width: 500px) 100vw, 500px\" \/><figcaption><br>&#8230; und hier der Link zu der interaktiven Karte: <br><a href=\"https:\/\/www.google.com\/maps\/d\/edit?mid=16HP-_MH4XaC1jxzW68YUmtQcUtRkpsU&amp;usp=sharing\" target=\"_blank\" rel=\"noreferrer noopener\">https:\/\/www.google.com\/maps\/d\/edit?mid=16HP-_MH4XaC1jxzW68YUmtQcUtRkpsU&amp;usp=sharing<\/a><\/figcaption><\/figure>\n","protected":false},"excerpt":{"rendered":"<p>Im Schuljahr 2022\/2023 sind folgende Gruppenaustausche geplant: 02. &#8211; 09. M\u00e4rz 2023: Austausch mit dem IES Las Musas aus Madrid (Jahrg\u00e4nge 10 und 11) 22. &#8211; 29. M\u00e4rz 2023: Gegenbesuch der Spanier in Detmold 17. &#8211; 20. M\u00e4rz 2023: Teil &hellip; <a href=\"https:\/\/www.old-gss-dt.de\/wordpress\/erasmus-5\/\">Continue reading <span class=\"meta-nav\">&rarr;<\/span><\/a><\/p>\n","protected":false},"author":12,"featured_media":0,"parent":0,"menu_order":0,"comment_status":"closed","ping_status":"closed","template":"","meta":[],"_links":{"self":[{"href":"https:\/\/www.old-gss-dt.de\/wordpress\/wp-json\/wp\/v2\/pages\/7294"}],"collection":[{"href":"https:\/\/www.old-gss-dt.de\/wordpress\/wp-json\/wp\/v2\/pages"}],"about":[{"href":"https:\/\/www.old-gss-dt.de\/wordpress\/wp-json\/wp\/v2\/types\/page"}],"author":[{"embeddable":true,"href":"https:\/\/www.old-gss-dt.de\/wordpress\/wp-json\/wp\/v2\/users\/12"}],"replies":[{"embeddable":true,"href":"https:\/\/www.old-gss-dt.de\/wordpress\/wp-json\/wp\/v2\/comments?post=7294"}],"version-history":[{"count":7,"href":"https:\/\/www.old-gss-dt.de\/wordpress\/wp-json\/wp\/v2\/pages\/7294\/revisions"}],"predecessor-version":[{"id":7583,"href":"https:\/\/www.old-gss-dt.de\/wordpress\/wp-json\/wp\/v2\/pages\/7294\/revisions\/7583"}],"wp:attachment":[{"href":"https:\/\/www.old-gss-dt.de\/wordpress\/wp-json\/wp\/v2\/media?parent=7294"}],"curies":[{"name":"wp","href":"https:\/\/api.w.org\/{rel}","templated":true}]}}