{"id":7292,"date":"2022-11-15T12:02:14","date_gmt":"2022-11-15T11:02:14","guid":{"rendered":"http:\/\/www.gss-dt.de\/wordpress\/?page_id=7292"},"modified":"2022-11-15T12:07:36","modified_gmt":"2022-11-15T11:07:36","slug":"erasmus-4","status":"publish","type":"page","link":"https:\/\/www.old-gss-dt.de\/wordpress\/erasmus-4\/","title":{"rendered":"Erasmus 2015-2018"},"content":{"rendered":"\n<p><strong>Zusammenarbeit mit der Mertalan Koulu aus Savonlinna zum Thema Wald<\/strong><\/p>\n\n\n\n<p>Drei Jahre lang haben sich mehr als 900 Sch\u00fclerinnen und Sch\u00fcler der beiden Gesamtschulen Mertala in Savonlinna, Finnland, und die Geschwister-Scholl-Gesamtschule in unterschiedlichster Form mit dem Thema \u201eWald\u201c besch\u00e4ftigt. Im ersten Jahr haben sie Waldgeschichten geschrieben, Bilder gemalt, Szenen geschrieben, Masken daf\u00fcr gebastelt und aufgef\u00fchrt. \u201eDas gro\u00dfe Waldbuch der Geschwister-Scholl-Gesamtschule\u201c fasst eine Auswahl der Projektergebnisse zusammen.<\/p>\n\n\n\n<p>Mehrere Gruppen waren mit F\u00f6rstern im Wald, um sich nicht nur \u00fcber dort wachsende B\u00e4ume zu informieren, sondern haben sich die Arbeit von Forstarbeitern erkl\u00e4ren zu lassen. Andere wiederum besichtigten Betriebe, in denen Holz verarbeitet wird. Der Schwerpunkt lag im zweiten Jahr auf Berufserkundung und der wirtschaftlichen Bedeutung der Forstwirtschaft. Ergebnisse dieser Exkursionen wurden als Powerpoints auf den Jahrgangsversammlungen der Jahrg\u00e4nge 8 und 9 vorgestellt.<\/p>\n\n\n\n<p>Selbst mit Holz arbeiten war ein weiterer Schwerpunkt in Technik, Musik und Kunst. Ergebnisse sind u.a. die gro\u00dfen geschnitzten Holzfiguren \u2013 im Innenhof zu bewundern \u2013 und Cajons (Holzw\u00fcrfel, die wie Trommeln benutzt werden) sowie Holzscheitinstrumente, die nun im Musikunterricht eingesetzt werden.<\/p>\n\n\n\n<p>Im dritten Jahr wurden Fragen des Zusammenhanges zwischen Klima&nbsp; und Wald untersucht. Welche Bedeutung hat der Wald f\u00fcr Pflanzen, Tiere und Menschen? Was k\u00f6nnen wir tun, um m\u00f6glichst sanft und nachhaltig mit unserer Umwelt umzugehen? Siebtkl\u00e4ssler haben Exkursionen ins Naturschutzgro\u00dfprojekt Senne gemacht, Boden- und Laubstreuproben mitgenommen und im Biologieunterricht&nbsp; untersucht. Hauswirtschaftskurse haben sich zeigen lassen, welche Kr\u00e4uter und Pflanzen im Wald wachsen, die zu leckeren Speisen zubereitet werden k\u00f6nnen. Diese und die Rezepte aus Finnland sind nachzulesen auf unserem Food Blog&nbsp;<a href=\"https:\/\/erasmusplusfood.wordpress.com\/\">https:\/\/erasmusplusfood.wordpress.com<\/a>.<\/p>\n\n\n\n<p>Das alles war m\u00f6glich wegen des Erasmus+-Programms f\u00fcr Bildung, Jugend und Sport der Europ\u00e4ischen Union, die dieses Projekt finanziell unterst\u00fctzt. Gemeinsam mit unserer finnischen Partnerschule in Savonlinna arbeiteten wir zu den o.g. Themen und tauschten uns \u00fcber die Ergebnisse aus. Ziel des Projektes war es,&nbsp; auf unterschiedlichste Weise die vielf\u00e4ltigen Kompetenzen der Sch\u00fclerinnen und Sch\u00fcler zu f\u00f6rdern.&nbsp; Bei Begegnungen und dem Austausch mit der Partnerschule&nbsp; wurden interkulturelle Erfahrungen gemacht, die zu Verst\u00e4ndigung und Toleranz beitragen. Im Mai 2019 gab es eine gro\u00dfe Abschlussveranstaltung zusammen mit Sch\u00fclerinnen und Sch\u00fclern aus Finnland. Alle Themen und Ergebnisse wurden noch einmal der \u00d6ffentlichkeit vorgestellt.<\/p>\n\n\n\n<p>Wer sich Projektergebnisse, Fotos usw. ansehen m\u00f6chte, findet sie unter<\/p>\n\n\n\n<p><a href=\"http:\/\/www.erasmusplus.de\/\">http:\/\/www.erasmusplus.de\/<\/a><\/p>\n\n\n\n<p>Erasmus+ steht f\u00fcr ein Programm f\u00fcr Bildung, Jugend und Sport der Europ\u00e4ischen Union.<\/p>\n\n\n\n<p><a href=\"https:\/\/rosenanzeiger.blog\/2017\/01\/17\/erasmus\/\" target=\"_blank\" rel=\"noreferrer noopener\">Hier geht es<\/a>&nbsp;zu den Berichten \u00fcber alle Veranstaltungen an der Geschwister-Scholl-Gesamtschule im Rahmen des Erasmus+-Projekts!<\/p>\n","protected":false},"excerpt":{"rendered":"<p>Zusammenarbeit mit der Mertalan Koulu aus Savonlinna zum Thema Wald Drei Jahre lang haben sich mehr als 900 Sch\u00fclerinnen und Sch\u00fcler der beiden Gesamtschulen Mertala in Savonlinna, Finnland, und die Geschwister-Scholl-Gesamtschule in unterschiedlichster Form mit dem Thema \u201eWald\u201c besch\u00e4ftigt. Im &hellip; <a href=\"https:\/\/www.old-gss-dt.de\/wordpress\/erasmus-4\/\">Continue reading <span class=\"meta-nav\">&rarr;<\/span><\/a><\/p>\n","protected":false},"author":12,"featured_media":0,"parent":0,"menu_order":0,"comment_status":"closed","ping_status":"closed","template":"","meta":[],"_links":{"self":[{"href":"https:\/\/www.old-gss-dt.de\/wordpress\/wp-json\/wp\/v2\/pages\/7292"}],"collection":[{"href":"https:\/\/www.old-gss-dt.de\/wordpress\/wp-json\/wp\/v2\/pages"}],"about":[{"href":"https:\/\/www.old-gss-dt.de\/wordpress\/wp-json\/wp\/v2\/types\/page"}],"author":[{"embeddable":true,"href":"https:\/\/www.old-gss-dt.de\/wordpress\/wp-json\/wp\/v2\/users\/12"}],"replies":[{"embeddable":true,"href":"https:\/\/www.old-gss-dt.de\/wordpress\/wp-json\/wp\/v2\/comments?post=7292"}],"version-history":[{"count":4,"href":"https:\/\/www.old-gss-dt.de\/wordpress\/wp-json\/wp\/v2\/pages\/7292\/revisions"}],"predecessor-version":[{"id":7302,"href":"https:\/\/www.old-gss-dt.de\/wordpress\/wp-json\/wp\/v2\/pages\/7292\/revisions\/7302"}],"wp:attachment":[{"href":"https:\/\/www.old-gss-dt.de\/wordpress\/wp-json\/wp\/v2\/media?parent=7292"}],"curies":[{"name":"wp","href":"https:\/\/api.w.org\/{rel}","templated":true}]}}