{"id":7278,"date":"2022-11-15T11:39:23","date_gmt":"2022-11-15T10:39:23","guid":{"rendered":"http:\/\/www.gss-dt.de\/wordpress\/?page_id=7278"},"modified":"2022-11-18T23:38:51","modified_gmt":"2022-11-18T22:38:51","slug":"erasmus-2-2","status":"publish","type":"page","link":"https:\/\/www.old-gss-dt.de\/wordpress\/erasmus-2-2\/","title":{"rendered":"Gruppenaustausche"},"content":{"rendered":"\n<p>Ein Baustein des F\u00f6rderprogramms Erasmus+ ist die M\u00f6glichkeit, Sch\u00fclergruppen f\u00fcr Jugendbegegnungen ins EU-Ausland zu schicken.<\/p>\n\n\n\n<div class=\"wp-block-media-text alignwide is-stacked-on-mobile is-vertically-aligned-center\" style=\"grid-template-columns:56% auto\"><figure class=\"wp-block-media-text__media\"><img decoding=\"async\" loading=\"lazy\" width=\"500\" height=\"333\" src=\"https:\/\/www.old-gss-dt.de\/wordpress\/wp-content\/uploads\/2022\/11\/Schueleraustausch1_Gruppenbild-500x333.jpg\" alt=\"\" class=\"wp-image-7342 size-full\" srcset=\"https:\/\/www.old-gss-dt.de\/wordpress\/wp-content\/uploads\/2022\/11\/Schueleraustausch1_Gruppenbild-500x333.jpg 500w, https:\/\/www.old-gss-dt.de\/wordpress\/wp-content\/uploads\/2022\/11\/Schueleraustausch1_Gruppenbild-300x200.jpg 300w, https:\/\/www.old-gss-dt.de\/wordpress\/wp-content\/uploads\/2022\/11\/Schueleraustausch1_Gruppenbild-768x512.jpg 768w, https:\/\/www.old-gss-dt.de\/wordpress\/wp-content\/uploads\/2022\/11\/Schueleraustausch1_Gruppenbild-1536x1024.jpg 1536w, https:\/\/www.old-gss-dt.de\/wordpress\/wp-content\/uploads\/2022\/11\/Schueleraustausch1_Gruppenbild.jpg 1620w\" sizes=\"(max-width: 500px) 100vw, 500px\" \/><\/figure><div class=\"wp-block-media-text__content\">\n<p>Dabei kann es sich um eine Klasse, einen Kurs, eine AG oder auch eine Stufen\u00fcbergreifende Lerngruppe handeln, die zusammen mit Lehrkr\u00e4ften unserer Schule ins europ\u00e4ische Ausland reisen. Voraussetzung ist dabei eine Zusammenarbeit mit einer europ\u00e4ischen Schule, sodass ein kultureller und sprachlicher Austausch entsteht.<\/p>\n\n\n\n<p><\/p>\n<\/div><\/div>\n\n\n\n<p>Ziel dieser Jugendbegegnungen und Austausche ist stets die Erweiterung der interkulturellen Kompetenz der Sch\u00fclerinnen und Sch\u00fcler, welches besonders nachhaltig durch die Unterbringung in Gastfamilien wird. Erstrebenswert ist dabei ein gegenseitiger Besuch, sodass wir versuchen, unsere internationalen Partner auch hier bei uns in Detmold zu begr\u00fc\u00dfen.<\/p>\n\n\n\n<p>Die Gruppenaustausche haben in der Regel einen zeitlichen Umfang von 5-10 Tagen. Je nach Reiseziel fliegen wir, fahren mit dem Bus oder mit dem Zug, wobei stets versucht wird, eine m\u00f6glichst klimafreundliche Reiseart zu w\u00e4hlen. Durch die Kofinanzierung der Europ\u00e4ischen Union sind die Gruppenaustausche f\u00fcr die Teilnehmer in aller Regel kostenlos. <\/p>\n\n\n\n<p>Informiert euch doch auf der Seite &#8222;aktuelle Projekte&#8220; \u00fcber unsere Austauschm\u00f6glichkeiten!<\/p>\n","protected":false},"excerpt":{"rendered":"<p>Ein Baustein des F\u00f6rderprogramms Erasmus+ ist die M\u00f6glichkeit, Sch\u00fclergruppen f\u00fcr Jugendbegegnungen ins EU-Ausland zu schicken. Dabei kann es sich um eine Klasse, einen Kurs, eine AG oder auch eine Stufen\u00fcbergreifende Lerngruppe handeln, die zusammen mit Lehrkr\u00e4ften unserer Schule ins europ\u00e4ische &hellip; <a href=\"https:\/\/www.old-gss-dt.de\/wordpress\/erasmus-2-2\/\">Continue reading <span class=\"meta-nav\">&rarr;<\/span><\/a><\/p>\n","protected":false},"author":1,"featured_media":0,"parent":0,"menu_order":0,"comment_status":"closed","ping_status":"closed","template":"","meta":[],"_links":{"self":[{"href":"https:\/\/www.old-gss-dt.de\/wordpress\/wp-json\/wp\/v2\/pages\/7278"}],"collection":[{"href":"https:\/\/www.old-gss-dt.de\/wordpress\/wp-json\/wp\/v2\/pages"}],"about":[{"href":"https:\/\/www.old-gss-dt.de\/wordpress\/wp-json\/wp\/v2\/types\/page"}],"author":[{"embeddable":true,"href":"https:\/\/www.old-gss-dt.de\/wordpress\/wp-json\/wp\/v2\/users\/1"}],"replies":[{"embeddable":true,"href":"https:\/\/www.old-gss-dt.de\/wordpress\/wp-json\/wp\/v2\/comments?post=7278"}],"version-history":[{"count":4,"href":"https:\/\/www.old-gss-dt.de\/wordpress\/wp-json\/wp\/v2\/pages\/7278\/revisions"}],"predecessor-version":[{"id":7344,"href":"https:\/\/www.old-gss-dt.de\/wordpress\/wp-json\/wp\/v2\/pages\/7278\/revisions\/7344"}],"wp:attachment":[{"href":"https:\/\/www.old-gss-dt.de\/wordpress\/wp-json\/wp\/v2\/media?parent=7278"}],"curies":[{"name":"wp","href":"https:\/\/api.w.org\/{rel}","templated":true}]}}