{"id":722,"date":"2011-07-16T20:00:41","date_gmt":"2011-07-16T18:00:41","guid":{"rendered":"http:\/\/www.gss-dt.de\/wordpress\/?page_id=722"},"modified":"2011-07-16T20:00:41","modified_gmt":"2011-07-16T18:00:41","slug":"90-minuten-takt","status":"publish","type":"page","link":"https:\/\/www.old-gss-dt.de\/wordpress\/90-minuten-takt\/","title":{"rendered":"90-Minuten-Takt"},"content":{"rendered":"<h2>Unsere Schule gliedert ihren Schulalltag neu<\/h2>\n<p>Mit Beginn des Schuljahres 2010\/2011 ist der 90 \u2013 Minuten \u2013 Takt an unserer Schule eingef\u00fchrt worden. Er steht im Gegensatz zum 45 \u2013 Minuten \u2013 Takt, den wir bislang immer hatten. Das hei\u00dft konkret: Die F\u00e4cher werden jetzt m\u00f6glichst doppelst\u00fcndig unterrichtet; vormittags also in 2 Bl\u00f6cken \u00e0 90 Minuten und nachmittags noch einmal ein Block von 90 Minuten. Die 5. und 6. Stunde bleiben Einzelstunden vorbehalten. Durch diese Umstellung haben sich auch die Pausenzeiten ver\u00e4ndert: Die 5 \u2013 Minuten \u2013 Pause ist nun abgeschafft, die beiden gro\u00dfen Pausen sind jeweils um 5 Minuten auf 20 Minuten verl\u00e4ngert worden.<\/p>\n<p>Der Schulbeginn bleibt gleich: Um 7.45 Uhr f\u00e4ngt die Schule an.<\/p>\n<p>Sie h\u00f6rt auch zu den bekannten Zeiten auf: um 12.10 Uhr nach der 5. Stunde, um 12.55 Uhr nach der 6. Stunde, um 14.45 Uhr nach der 8. Stunde und um 15.30 Uhr nach der 9. Stunde.<\/p>\n<p>F\u00fcr Sie, liebe Eltern, \u00e4ndert sich also nichts \u2013 f\u00fcr die Sch\u00fcler schon.<\/p>\n<h2>Gr\u00fcnde f\u00fcr die Einf\u00fchrung des 90-Minuten-Taktes<\/h2>\n<p>1. Der Unterricht wird ruhiger, da mehr Zeit da ist, um z.B. eine Gruppenarbeit durchzuf\u00fchren, sie auszuwerten und die Ergebnisse auch zu pr\u00e4sentieren. Es entf\u00e4llt der Druck, mitten im Thema aufh\u00f6ren zu m\u00fcssen, weil es klingelt.<\/p>\n<p>2. Die Sch\u00fcler und Sch\u00fclerinnen haben weniger F\u00e4cher am Tag.<\/p>\n<p>Das bedeutet, dass sie nicht durch bis zu 8 F\u00e4cher \u201egeschleust\u201c wer\u00adden, sich immer wieder auf ein neues Thema einlassen m\u00fcssen. Sie k\u00f6nnen sich besser konzentrieren, weil sie mehr Zeit haben, an ei\u00adnem Thema gr\u00fcndlicher zu arbeiten<\/p>\n<p>3. Die Sch\u00fcler und Sch\u00fclerinnen wechseln nicht so h\u00e4ufig ihren Arbeitsplatz.<\/p>\n<p>Der Wechsel in der 5 \u2013 Minuten \u2013 Pause entf\u00e4llt, das Gerenne im Haus wird deutlich weniger, es ist ruhiger.<\/p>\n<p>4. Die Sch\u00fcler und Sch\u00fclerinnen m\u00fcssen deutlich seltener am Tag ihr Material neu ordnen. Das kommt insbesondere den j\u00fcngeren Sch\u00fclerinnen und Sch\u00fclern zugute, die noch oft Schwierigkeiten haben, das richtige Material zum richtigen Zeitpunkt bereitzuhalten.<\/p>\n","protected":false},"excerpt":{"rendered":"<p>Unsere Schule gliedert ihren Schulalltag neu Mit Beginn des Schuljahres 2010\/2011 ist der 90 \u2013 Minuten \u2013 Takt an unserer Schule eingef\u00fchrt worden. Er steht im Gegensatz zum 45 \u2013 Minuten \u2013 Takt, den wir bislang immer hatten. Das hei\u00dft &hellip; <a href=\"https:\/\/www.old-gss-dt.de\/wordpress\/90-minuten-takt\/\">Continue reading <span class=\"meta-nav\">&rarr;<\/span><\/a><\/p>\n","protected":false},"author":1,"featured_media":0,"parent":0,"menu_order":0,"comment_status":"closed","ping_status":"closed","template":"","meta":[],"_links":{"self":[{"href":"https:\/\/www.old-gss-dt.de\/wordpress\/wp-json\/wp\/v2\/pages\/722"}],"collection":[{"href":"https:\/\/www.old-gss-dt.de\/wordpress\/wp-json\/wp\/v2\/pages"}],"about":[{"href":"https:\/\/www.old-gss-dt.de\/wordpress\/wp-json\/wp\/v2\/types\/page"}],"author":[{"embeddable":true,"href":"https:\/\/www.old-gss-dt.de\/wordpress\/wp-json\/wp\/v2\/users\/1"}],"replies":[{"embeddable":true,"href":"https:\/\/www.old-gss-dt.de\/wordpress\/wp-json\/wp\/v2\/comments?post=722"}],"version-history":[{"count":2,"href":"https:\/\/www.old-gss-dt.de\/wordpress\/wp-json\/wp\/v2\/pages\/722\/revisions"}],"predecessor-version":[{"id":724,"href":"https:\/\/www.old-gss-dt.de\/wordpress\/wp-json\/wp\/v2\/pages\/722\/revisions\/724"}],"wp:attachment":[{"href":"https:\/\/www.old-gss-dt.de\/wordpress\/wp-json\/wp\/v2\/media?parent=722"}],"curies":[{"name":"wp","href":"https:\/\/api.w.org\/{rel}","templated":true}]}}