{"id":6776,"date":"2021-03-12T19:31:20","date_gmt":"2021-03-12T18:31:20","guid":{"rendered":"http:\/\/www.gss-dt.de\/wordpress\/?page_id=6776"},"modified":"2021-03-12T19:31:20","modified_gmt":"2021-03-12T18:31:20","slug":"latein-und-ergaenzungsbereich","status":"publish","type":"page","link":"https:\/\/www.old-gss-dt.de\/wordpress\/latein-und-ergaenzungsbereich\/","title":{"rendered":"Latein und Erg\u00e4nzungsbereich"},"content":{"rendered":"<p>Bitte klicken\u00a0Sie auf das folgende Bild f\u00fcr ausf\u00fchrliche Informationen zum Thema Latein oder den alternativen Angeboten im Erg\u00e4nzungsbereich.<\/p>\n<p><a href=\"https:\/\/www.old-gss-dt.de\/wordpress\/wp-content\/uploads\/2021\/03\/Informationsflyer-Erg\u00e4nzung_Latein.pdf\" target=\"_blank\"><img decoding=\"async\" loading=\"lazy\" class=\"alignnone size-full wp-image-6777\" src=\"https:\/\/www.old-gss-dt.de\/wordpress\/wp-content\/uploads\/2021\/03\/Bildschirmfoto-2021-03-12-um-19.27.45.png\" alt=\"Bildschirmfoto 2021-03-12 um 19.27.45\" width=\"1492\" height=\"2270\" srcset=\"https:\/\/www.old-gss-dt.de\/wordpress\/wp-content\/uploads\/2021\/03\/Bildschirmfoto-2021-03-12-um-19.27.45.png 1492w, https:\/\/www.old-gss-dt.de\/wordpress\/wp-content\/uploads\/2021\/03\/Bildschirmfoto-2021-03-12-um-19.27.45-197x300.png 197w, https:\/\/www.old-gss-dt.de\/wordpress\/wp-content\/uploads\/2021\/03\/Bildschirmfoto-2021-03-12-um-19.27.45-329x500.png 329w\" sizes=\"(max-width: 1492px) 100vw, 1492px\" \/><\/a><\/p>\n","protected":false},"excerpt":{"rendered":"<p>Bitte klicken\u00a0Sie auf das folgende Bild f\u00fcr ausf\u00fchrliche Informationen zum Thema Latein oder den alternativen Angeboten im Erg\u00e4nzungsbereich.<\/p>\n","protected":false},"author":1,"featured_media":0,"parent":0,"menu_order":0,"comment_status":"closed","ping_status":"closed","template":"","meta":[],"_links":{"self":[{"href":"https:\/\/www.old-gss-dt.de\/wordpress\/wp-json\/wp\/v2\/pages\/6776"}],"collection":[{"href":"https:\/\/www.old-gss-dt.de\/wordpress\/wp-json\/wp\/v2\/pages"}],"about":[{"href":"https:\/\/www.old-gss-dt.de\/wordpress\/wp-json\/wp\/v2\/types\/page"}],"author":[{"embeddable":true,"href":"https:\/\/www.old-gss-dt.de\/wordpress\/wp-json\/wp\/v2\/users\/1"}],"replies":[{"embeddable":true,"href":"https:\/\/www.old-gss-dt.de\/wordpress\/wp-json\/wp\/v2\/comments?post=6776"}],"version-history":[{"count":1,"href":"https:\/\/www.old-gss-dt.de\/wordpress\/wp-json\/wp\/v2\/pages\/6776\/revisions"}],"predecessor-version":[{"id":6778,"href":"https:\/\/www.old-gss-dt.de\/wordpress\/wp-json\/wp\/v2\/pages\/6776\/revisions\/6778"}],"wp:attachment":[{"href":"https:\/\/www.old-gss-dt.de\/wordpress\/wp-json\/wp\/v2\/media?parent=6776"}],"curies":[{"name":"wp","href":"https:\/\/api.w.org\/{rel}","templated":true}]}}