{"id":677,"date":"2011-07-14T17:27:08","date_gmt":"2011-07-14T15:27:08","guid":{"rendered":"http:\/\/www.gss-dt.de\/wordpress\/?page_id=677"},"modified":"2011-07-14T17:33:20","modified_gmt":"2011-07-14T15:33:20","slug":"individuelle-beratung-schulprogramm","status":"publish","type":"page","link":"https:\/\/www.old-gss-dt.de\/wordpress\/individuelle-beratung-schulprogramm\/","title":{"rendered":"Individuelle Beratung (Schulprogramm)"},"content":{"rendered":"<ul>\n<li>Individuelle Beratung<\/li>\n<li>Schullaufbahnberatung<\/li>\n<li>Einzelfallhilfe<\/li>\n<li>Pr\u00e4ventionsma\u00dfnahmen, z.B. Gewalt-, Sucht-, Aidspr\u00e4vention<\/li>\n<li>Zusammenarbeit mit verschiedenen Institutionen<\/li>\n<\/ul>\n<p>Das Beratungsteam an unserer Schule bietet bei Problemen unterschiedlichster Art Unterst\u00fctzung und Begleitung an. Dar\u00fcber hinaus gibt es verschiedene schulinterne Angebote und Projekte.<\/p>\n<p>Ein Sozialp\u00e4dagoge, ein Sozialarbeiter\/Familientherapeut, Lehrerinnen und Lehrer mit spezieller Ausbildung stehen zur Verf\u00fcgung.<\/p>\n<p>Wesentliche Arbeitsfelder der Beratung sind: Pr\u00e4vention, Einzelfallhilfe und Laufbahnberatung.<\/p>\n<p>Im Rahmen der Einzelfallhilfe kann sich eine Zusammenarbeit mit anderen Fachdiensten wie \u00c4rzten, Psychologen, Jugendamt, Sozialamt, Heimen etc. ergeben.<\/p>\n<p>Die Beratung versteht sich als freiwilliges Angebot an Sch\u00fclerinnen, Sch\u00fcler, Familien, Kolleginnen und Kollegen<\/p>\n<p>Unter Ber\u00fccksichtigung des Datenschutzes werden vertrauliche Dinge nur in Absprache mit dem zu Beratenden weitergegeben.<\/p>\n<p>Bei mehr als einem Beratungsgespr\u00e4ch werden bei Minderj\u00e4hrigen die Sorgeberechtigten dar\u00fcber informiert, dass Beratung stattfindet.<\/p>\n<p><a href=\"https:\/\/www.old-gss-dt.de\/wordpress\/wp-content\/uploads\/2011\/07\/Beratungskonzept_im_Ueberblick.gif\" target=\"_blank\"><img decoding=\"async\" loading=\"lazy\" class=\"alignnone size-large wp-image-683\" title=\"Beratungskonzept_im_Ueberblick\" src=\"https:\/\/www.old-gss-dt.de\/wordpress\/wp-content\/uploads\/2011\/07\/Beratungskonzept_im_Ueberblick-500x377.gif\" alt=\"\" width=\"500\" height=\"377\" srcset=\"https:\/\/www.old-gss-dt.de\/wordpress\/wp-content\/uploads\/2011\/07\/Beratungskonzept_im_Ueberblick-500x377.gif 500w, https:\/\/www.old-gss-dt.de\/wordpress\/wp-content\/uploads\/2011\/07\/Beratungskonzept_im_Ueberblick-300x226.gif 300w, https:\/\/www.old-gss-dt.de\/wordpress\/wp-content\/uploads\/2011\/07\/Beratungskonzept_im_Ueberblick.gif 796w\" sizes=\"(max-width: 500px) 100vw, 500px\" \/><\/a><\/p>\n","protected":false},"excerpt":{"rendered":"<p>Individuelle Beratung Schullaufbahnberatung Einzelfallhilfe Pr\u00e4ventionsma\u00dfnahmen, z.B. Gewalt-, Sucht-, Aidspr\u00e4vention Zusammenarbeit mit verschiedenen Institutionen Das Beratungsteam an unserer Schule bietet bei Problemen unterschiedlichster Art Unterst\u00fctzung und Begleitung an. Dar\u00fcber hinaus gibt es verschiedene schulinterne Angebote und Projekte. Ein Sozialp\u00e4dagoge, ein Sozialarbeiter\/Familientherapeut, &hellip; <a href=\"https:\/\/www.old-gss-dt.de\/wordpress\/individuelle-beratung-schulprogramm\/\">Continue reading <span class=\"meta-nav\">&rarr;<\/span><\/a><\/p>\n","protected":false},"author":1,"featured_media":0,"parent":0,"menu_order":0,"comment_status":"closed","ping_status":"closed","template":"","meta":[],"_links":{"self":[{"href":"https:\/\/www.old-gss-dt.de\/wordpress\/wp-json\/wp\/v2\/pages\/677"}],"collection":[{"href":"https:\/\/www.old-gss-dt.de\/wordpress\/wp-json\/wp\/v2\/pages"}],"about":[{"href":"https:\/\/www.old-gss-dt.de\/wordpress\/wp-json\/wp\/v2\/types\/page"}],"author":[{"embeddable":true,"href":"https:\/\/www.old-gss-dt.de\/wordpress\/wp-json\/wp\/v2\/users\/1"}],"replies":[{"embeddable":true,"href":"https:\/\/www.old-gss-dt.de\/wordpress\/wp-json\/wp\/v2\/comments?post=677"}],"version-history":[{"count":5,"href":"https:\/\/www.old-gss-dt.de\/wordpress\/wp-json\/wp\/v2\/pages\/677\/revisions"}],"predecessor-version":[{"id":685,"href":"https:\/\/www.old-gss-dt.de\/wordpress\/wp-json\/wp\/v2\/pages\/677\/revisions\/685"}],"wp:attachment":[{"href":"https:\/\/www.old-gss-dt.de\/wordpress\/wp-json\/wp\/v2\/media?parent=677"}],"curies":[{"name":"wp","href":"https:\/\/api.w.org\/{rel}","templated":true}]}}