{"id":6769,"date":"2021-03-12T19:23:35","date_gmt":"2021-03-12T18:23:35","guid":{"rendered":"http:\/\/www.gss-dt.de\/wordpress\/?page_id=6769"},"modified":"2021-03-12T19:24:45","modified_gmt":"2021-03-12T18:24:45","slug":"wahlpflichtbereich-wp","status":"publish","type":"page","link":"https:\/\/www.old-gss-dt.de\/wordpress\/wahlpflichtbereich-wp\/","title":{"rendered":"Wahlpflichtbereich (WP)"},"content":{"rendered":"<p style=\"text-align: left;\">Der Wahlpflichtbereich (WP) ist besonders wichtig f\u00fcr die Schullaufbahn Ihres Kindes.<br \/>\nBitte klicken Sie auf das folgende Bild f\u00fcr umfangreiche Informationen zu den angebotenen F\u00e4chern!<\/p>\n<p style=\"text-align: left;\"><a href=\"https:\/\/www.old-gss-dt.de\/wordpress\/wp-content\/uploads\/2021\/03\/Wahlpflichtunterricht.pdf\" target=\"_blank\"><img decoding=\"async\" loading=\"lazy\" class=\"alignnone wp-image-6770 size-full\" src=\"https:\/\/www.old-gss-dt.de\/wordpress\/wp-content\/uploads\/2021\/03\/Bildschirmfoto-2021-03-12-um-19.23.12.png\" alt=\"Bildschirmfoto 2021-03-12 um 19.23.12\" width=\"1502\" height=\"2254\" srcset=\"https:\/\/www.old-gss-dt.de\/wordpress\/wp-content\/uploads\/2021\/03\/Bildschirmfoto-2021-03-12-um-19.23.12.png 1502w, https:\/\/www.old-gss-dt.de\/wordpress\/wp-content\/uploads\/2021\/03\/Bildschirmfoto-2021-03-12-um-19.23.12-200x300.png 200w, https:\/\/www.old-gss-dt.de\/wordpress\/wp-content\/uploads\/2021\/03\/Bildschirmfoto-2021-03-12-um-19.23.12-333x500.png 333w\" sizes=\"(max-width: 1502px) 100vw, 1502px\" \/><\/a><\/p>\n","protected":false},"excerpt":{"rendered":"<p>Der Wahlpflichtbereich (WP) ist besonders wichtig f\u00fcr die Schullaufbahn Ihres Kindes. Bitte klicken Sie auf das folgende Bild f\u00fcr umfangreiche Informationen zu den angebotenen F\u00e4chern!<\/p>\n","protected":false},"author":1,"featured_media":0,"parent":0,"menu_order":0,"comment_status":"closed","ping_status":"closed","template":"","meta":[],"_links":{"self":[{"href":"https:\/\/www.old-gss-dt.de\/wordpress\/wp-json\/wp\/v2\/pages\/6769"}],"collection":[{"href":"https:\/\/www.old-gss-dt.de\/wordpress\/wp-json\/wp\/v2\/pages"}],"about":[{"href":"https:\/\/www.old-gss-dt.de\/wordpress\/wp-json\/wp\/v2\/types\/page"}],"author":[{"embeddable":true,"href":"https:\/\/www.old-gss-dt.de\/wordpress\/wp-json\/wp\/v2\/users\/1"}],"replies":[{"embeddable":true,"href":"https:\/\/www.old-gss-dt.de\/wordpress\/wp-json\/wp\/v2\/comments?post=6769"}],"version-history":[{"count":3,"href":"https:\/\/www.old-gss-dt.de\/wordpress\/wp-json\/wp\/v2\/pages\/6769\/revisions"}],"predecessor-version":[{"id":6774,"href":"https:\/\/www.old-gss-dt.de\/wordpress\/wp-json\/wp\/v2\/pages\/6769\/revisions\/6774"}],"wp:attachment":[{"href":"https:\/\/www.old-gss-dt.de\/wordpress\/wp-json\/wp\/v2\/media?parent=6769"}],"curies":[{"name":"wp","href":"https:\/\/api.w.org\/{rel}","templated":true}]}}