{"id":674,"date":"2011-07-14T17:25:35","date_gmt":"2011-07-14T15:25:35","guid":{"rendered":"http:\/\/www.gss-dt.de\/wordpress\/?page_id=674"},"modified":"2011-07-14T17:25:35","modified_gmt":"2011-07-14T15:25:35","slug":"berufsvorbereitung-schulprogramm","status":"publish","type":"page","link":"https:\/\/www.old-gss-dt.de\/wordpress\/berufsvorbereitung-schulprogramm\/","title":{"rendered":"Berufsvorbereitung (Schulprogramm)"},"content":{"rendered":"<h2>Vorbereitung der Sch\u00fclerInnen auf den Beruf<\/h2>\n<p>Schnupperpraktikum in Jahrgang 8<\/p>\n<p>Betriebspraktikum in Jahrgang 9<\/p>\n<p>&#8222;Betrieb und Schule&#8220; (BuS &#8211; Klasse f\u00fcr Sch\u00fclerInnen ohne Aussicht auf einen allgemeinbildenden Schulabschluss)<\/p>\n<p>ABBEO-Projekt in den Jahrg\u00e4ngen 8 bis 10<\/p>\n<p>Betriebspraktikum in Jahrgang 11<\/p>\n<p>Lebenspraktisches Training f\u00fcr F\u00f6rderkinder ab Jahrgang 6<\/p>\n<p>Betriebspraktisches Training f\u00fcr F\u00f6rderkinder in Jahrgang 9\/10<\/p>\n<p>Weitere Informationen zum Thema Berufsvorbereitung stehen <a title=\"Schule und Beruf\" href=\"https:\/\/www.old-gss-dt.de\/wordpress\/?page_id=151\">hier<\/a>.<\/p>\n","protected":false},"excerpt":{"rendered":"<p>Vorbereitung der Sch\u00fclerInnen auf den Beruf Schnupperpraktikum in Jahrgang 8 Betriebspraktikum in Jahrgang 9 &#8222;Betrieb und Schule&#8220; (BuS &#8211; Klasse f\u00fcr Sch\u00fclerInnen ohne Aussicht auf einen allgemeinbildenden Schulabschluss) ABBEO-Projekt in den Jahrg\u00e4ngen 8 bis 10 Betriebspraktikum in Jahrgang 11 Lebenspraktisches &hellip; <a href=\"https:\/\/www.old-gss-dt.de\/wordpress\/berufsvorbereitung-schulprogramm\/\">Continue reading <span class=\"meta-nav\">&rarr;<\/span><\/a><\/p>\n","protected":false},"author":1,"featured_media":0,"parent":0,"menu_order":0,"comment_status":"closed","ping_status":"closed","template":"","meta":[],"_links":{"self":[{"href":"https:\/\/www.old-gss-dt.de\/wordpress\/wp-json\/wp\/v2\/pages\/674"}],"collection":[{"href":"https:\/\/www.old-gss-dt.de\/wordpress\/wp-json\/wp\/v2\/pages"}],"about":[{"href":"https:\/\/www.old-gss-dt.de\/wordpress\/wp-json\/wp\/v2\/types\/page"}],"author":[{"embeddable":true,"href":"https:\/\/www.old-gss-dt.de\/wordpress\/wp-json\/wp\/v2\/users\/1"}],"replies":[{"embeddable":true,"href":"https:\/\/www.old-gss-dt.de\/wordpress\/wp-json\/wp\/v2\/comments?post=674"}],"version-history":[{"count":2,"href":"https:\/\/www.old-gss-dt.de\/wordpress\/wp-json\/wp\/v2\/pages\/674\/revisions"}],"predecessor-version":[{"id":676,"href":"https:\/\/www.old-gss-dt.de\/wordpress\/wp-json\/wp\/v2\/pages\/674\/revisions\/676"}],"wp:attachment":[{"href":"https:\/\/www.old-gss-dt.de\/wordpress\/wp-json\/wp\/v2\/media?parent=674"}],"curies":[{"name":"wp","href":"https:\/\/api.w.org\/{rel}","templated":true}]}}