{"id":670,"date":"2011-07-14T17:20:21","date_gmt":"2011-07-14T15:20:21","guid":{"rendered":"http:\/\/www.gss-dt.de\/wordpress\/?page_id=670"},"modified":"2011-07-14T17:20:21","modified_gmt":"2011-07-14T15:20:21","slug":"forderung-von-schulern","status":"publish","type":"page","link":"https:\/\/www.old-gss-dt.de\/wordpress\/forderung-von-schulern\/","title":{"rendered":"F\u00f6rderung von Sch\u00fclern"},"content":{"rendered":"<p>F\u00f6rderung von Sch\u00fclerInnen\u00a0mit besonderem F\u00f6rder\/Forderbedarf<\/p>\n<h2>LRS-F\u00f6rderunterricht in den Jahrg\u00e4ngen 5 und 6<\/h2>\n<p>An der Geschwister-Scholl-Schule findet ein intensiver F\u00f6rderunterricht im Bereich der Leserechtschreibschw\u00e4che (LRS) statt.<\/p>\n<p>Rechtschreibschwache Sch\u00fclerInnen werden in kleinen Gruppen gef\u00f6rdert. Es wird auf individuelle St\u00f6rungen eingegangen, sei es mit einem graphomotorischen- oder Konzentrations-Trainingsprogramm, Entspannungs\u00fcbungen und mit einem geeigneten Rechtschreibprogramm.<\/p>\n<p>Die LRS-F\u00f6rderstunden finden innerhalb des Deutsch-F\u00f6rderunterrichts statt. Es f\u00e4llt kein wichtiger anderer Unterricht aus. Der LRS-F\u00f6rderunterricht wird methodisch abwechslungsreich gestaltet und p\u00e4dagogisch behutsam gef\u00fchrt, damit die Sch\u00fclerInnen wieder Selbstvertrauen gewinnen und m\u00f6glichst bald erste Erfolgserlebnisse bekommen.<\/p>\n<h2>Mathematik-F\u00f6rderunterricht in den Jahrg\u00e4ngen 5 und 6<\/h2>\n<p>Sch\u00fclerinnen und Sch\u00fcler mit einer Teilleistungsschw\u00e4che in Mathematik erhalten ebenso F\u00f6rderunterricht wie Sch\u00fclerinnen und Sch\u00fcler mit allgemeinen Defiziten in Mathematik, die schon aus der Grundschulzeit herr\u00fchren.<\/p>\n<p>Der jeweilige F\u00f6rderunterricht liegt parallel zum Mathematikf\u00f6rderunterricht der \u00fcbrigen Klasse. Auch hier f\u00e4llt kein anderer wichtiger Unterricht aus.<\/p>\n","protected":false},"excerpt":{"rendered":"<p>F\u00f6rderung von Sch\u00fclerInnen\u00a0mit besonderem F\u00f6rder\/Forderbedarf LRS-F\u00f6rderunterricht in den Jahrg\u00e4ngen 5 und 6 An der Geschwister-Scholl-Schule findet ein intensiver F\u00f6rderunterricht im Bereich der Leserechtschreibschw\u00e4che (LRS) statt. Rechtschreibschwache Sch\u00fclerInnen werden in kleinen Gruppen gef\u00f6rdert. Es wird auf individuelle St\u00f6rungen eingegangen, sei es &hellip; <a href=\"https:\/\/www.old-gss-dt.de\/wordpress\/forderung-von-schulern\/\">Continue reading <span class=\"meta-nav\">&rarr;<\/span><\/a><\/p>\n","protected":false},"author":1,"featured_media":0,"parent":0,"menu_order":0,"comment_status":"closed","ping_status":"closed","template":"","meta":[],"_links":{"self":[{"href":"https:\/\/www.old-gss-dt.de\/wordpress\/wp-json\/wp\/v2\/pages\/670"}],"collection":[{"href":"https:\/\/www.old-gss-dt.de\/wordpress\/wp-json\/wp\/v2\/pages"}],"about":[{"href":"https:\/\/www.old-gss-dt.de\/wordpress\/wp-json\/wp\/v2\/types\/page"}],"author":[{"embeddable":true,"href":"https:\/\/www.old-gss-dt.de\/wordpress\/wp-json\/wp\/v2\/users\/1"}],"replies":[{"embeddable":true,"href":"https:\/\/www.old-gss-dt.de\/wordpress\/wp-json\/wp\/v2\/comments?post=670"}],"version-history":[{"count":2,"href":"https:\/\/www.old-gss-dt.de\/wordpress\/wp-json\/wp\/v2\/pages\/670\/revisions"}],"predecessor-version":[{"id":673,"href":"https:\/\/www.old-gss-dt.de\/wordpress\/wp-json\/wp\/v2\/pages\/670\/revisions\/673"}],"wp:attachment":[{"href":"https:\/\/www.old-gss-dt.de\/wordpress\/wp-json\/wp\/v2\/media?parent=670"}],"curies":[{"name":"wp","href":"https:\/\/api.w.org\/{rel}","templated":true}]}}