{"id":6677,"date":"2021-01-19T16:07:31","date_gmt":"2021-01-19T15:07:31","guid":{"rendered":"http:\/\/www.gss-dt.de\/wordpress\/?page_id=6677"},"modified":"2021-12-14T21:17:45","modified_gmt":"2021-12-14T20:17:45","slug":"gymnasiale-oberstufe-kennenlernen","status":"publish","type":"page","link":"https:\/\/www.old-gss-dt.de\/wordpress\/gymnasiale-oberstufe-kennenlernen\/","title":{"rendered":"Gymnasiale Oberstufe kennenlernen"},"content":{"rendered":"<p><strong>Wie kann ich die gymnasiale Oberstufe kennenlernen?<\/strong><\/p>\n<p>Leider k\u00f6nnen wir Sie zurzeit nicht pers\u00f6nlich in die Schule einladen. Sollten Sie Fragen zu unserer gymnasialen Oberstufe haben, d\u00fcrfen Sie uns gerne per E-Mail kontaktieren.<\/p>\n<p>Wir melden uns per E-Mail oder rufen Sie zur\u00fcck.<\/p>\n<p>Clemens Gattke \u00a0 \u00a0 \u00a0 \u00a0<a href=\"mailto:sekretariat@189108.nrw.schule\">sekretariat@189108.nrw.schule<\/a><\/p>\n<p>Thomas Deppe \u00a0 \u00a0 \u00a0 \u00a0\u00a0<a href=\"mailto:sekretariat@189108.nrw.schule\">sekretariat@189108.nrw.schule<\/a><\/p>\n<p>Allgemeine Informationen f\u00fcr Sch\u00fclerinnen und Sch\u00fcler, die im Jahr 2021 in die gymnasiale Oberstufe eintreten, finden Sie auf der Internetseite des Ministeriums unter<\/p>\n<p><a href=\"https:\/\/broschuerenservice.nrw.de\/msb-duesseldorf\/shop\/Die_gymnasiale_Oberstufe_an_Gymnasien_und_Gesamtschulen_in_Nordrhein-Westfalen.#&amp;gid=1&amp;pid=0\" target=\"_blank\">https:\/\/broschuerenservice.nrw.de<\/a><\/p>\n<p>Diese Brosch\u00fcre erleichtert die Planung der Schullaufbahn von der Einf\u00fchrungsphase bis zum Abitur.<\/p>\n","protected":false},"excerpt":{"rendered":"<p>Wie kann ich die gymnasiale Oberstufe kennenlernen? Leider k\u00f6nnen wir Sie zurzeit nicht pers\u00f6nlich in die Schule einladen. Sollten Sie Fragen zu unserer gymnasialen Oberstufe haben, d\u00fcrfen Sie uns gerne per E-Mail kontaktieren. Wir melden uns per E-Mail oder rufen &hellip; <a href=\"https:\/\/www.old-gss-dt.de\/wordpress\/gymnasiale-oberstufe-kennenlernen\/\">Continue reading <span class=\"meta-nav\">&rarr;<\/span><\/a><\/p>\n","protected":false},"author":1,"featured_media":0,"parent":0,"menu_order":0,"comment_status":"closed","ping_status":"closed","template":"","meta":[],"_links":{"self":[{"href":"https:\/\/www.old-gss-dt.de\/wordpress\/wp-json\/wp\/v2\/pages\/6677"}],"collection":[{"href":"https:\/\/www.old-gss-dt.de\/wordpress\/wp-json\/wp\/v2\/pages"}],"about":[{"href":"https:\/\/www.old-gss-dt.de\/wordpress\/wp-json\/wp\/v2\/types\/page"}],"author":[{"embeddable":true,"href":"https:\/\/www.old-gss-dt.de\/wordpress\/wp-json\/wp\/v2\/users\/1"}],"replies":[{"embeddable":true,"href":"https:\/\/www.old-gss-dt.de\/wordpress\/wp-json\/wp\/v2\/comments?post=6677"}],"version-history":[{"count":4,"href":"https:\/\/www.old-gss-dt.de\/wordpress\/wp-json\/wp\/v2\/pages\/6677\/revisions"}],"predecessor-version":[{"id":7033,"href":"https:\/\/www.old-gss-dt.de\/wordpress\/wp-json\/wp\/v2\/pages\/6677\/revisions\/7033"}],"wp:attachment":[{"href":"https:\/\/www.old-gss-dt.de\/wordpress\/wp-json\/wp\/v2\/media?parent=6677"}],"curies":[{"name":"wp","href":"https:\/\/api.w.org\/{rel}","templated":true}]}}