{"id":6675,"date":"2021-01-19T16:07:15","date_gmt":"2021-01-19T15:07:15","guid":{"rendered":"http:\/\/www.gss-dt.de\/wordpress\/?page_id=6675"},"modified":"2021-01-19T16:17:43","modified_gmt":"2021-01-19T15:17:43","slug":"unterschiede-zu-anderen-oberstufen","status":"publish","type":"page","link":"https:\/\/www.old-gss-dt.de\/wordpress\/unterschiede-zu-anderen-oberstufen\/","title":{"rendered":"Unterschiede zu anderen Oberstufen"},"content":{"rendered":"<p><strong>Gemeinsamkeiten und Unterschiede zu anderen gymnasialen Oberstufen<\/strong><\/p>\n<p>Die gymnasiale Oberstufe der Geschwister-Scholl-Gesamtschule hat den gleichen Stellenwert der Oberstufe eines Gymnasiums und unterliegt denselben Bedingungen. Wir legen gro\u00dfen Wert auf individuelle F\u00f6rderung und Beratung. Dies beinhaltet insbesondere die Betreuung und die pers\u00f6nliche Beratung durch das Oberstufenteam, die sich nicht nur auf die schulischen sondern auch auf die nachfolgende berufliche Entwicklung beziehen.<\/p>\n<p>Toleranz, respektvoller Umgang, soziales Engagement sowie Freude am Lernen soll unseren Sch\u00fclern die M\u00f6glichkeit geben, sich zu selbstst\u00e4ndigen, aber auch teamf\u00e4higen und konfliktf\u00e4higen Pers\u00f6nlichkeiten zu entwickeln.<\/p>\n<p>An der Geschwister-Scholl-Gesamtschule zu leben und zu lernen, aber auch zu lehren bedeutet, unterschiedlichste Menschen aus unterschiedlichen Herkunftsschulen zu integrieren, ihre individuellen St\u00e4rken zu erkennen und zu f\u00f6rdern. Im letzten Schuljahr kamen unsere Sch\u00fclerinnen und Sch\u00fcler der Oberstufe aus mehr als zehn Schulen der Sekundarstufe I.<\/p>\n<p>Die gymnasiale Oberstufe an einer berufsbildenden Schule unterscheidet sich deutlich von\u00a0 der allgemeinen gymnasialen Oberstufe. Beide Systeme sind so unterschiedlich, dass ein Wechsel in der Regel nicht m\u00f6glich ist.<\/p>\n<p>weiter zu <a title=\"Gymnasiale Oberstufe kennenlernen\" href=\"https:\/\/www.old-gss-dt.de\/wordpress\/?page_id=6677\">Gymnasiale Oberstufe kennenlernen<\/a><\/p>\n","protected":false},"excerpt":{"rendered":"<p>Gemeinsamkeiten und Unterschiede zu anderen gymnasialen Oberstufen Die gymnasiale Oberstufe der Geschwister-Scholl-Gesamtschule hat den gleichen Stellenwert der Oberstufe eines Gymnasiums und unterliegt denselben Bedingungen. Wir legen gro\u00dfen Wert auf individuelle F\u00f6rderung und Beratung. Dies beinhaltet insbesondere die Betreuung und die &hellip; <a href=\"https:\/\/www.old-gss-dt.de\/wordpress\/unterschiede-zu-anderen-oberstufen\/\">Continue reading <span class=\"meta-nav\">&rarr;<\/span><\/a><\/p>\n","protected":false},"author":1,"featured_media":0,"parent":0,"menu_order":0,"comment_status":"closed","ping_status":"closed","template":"","meta":[],"_links":{"self":[{"href":"https:\/\/www.old-gss-dt.de\/wordpress\/wp-json\/wp\/v2\/pages\/6675"}],"collection":[{"href":"https:\/\/www.old-gss-dt.de\/wordpress\/wp-json\/wp\/v2\/pages"}],"about":[{"href":"https:\/\/www.old-gss-dt.de\/wordpress\/wp-json\/wp\/v2\/types\/page"}],"author":[{"embeddable":true,"href":"https:\/\/www.old-gss-dt.de\/wordpress\/wp-json\/wp\/v2\/users\/1"}],"replies":[{"embeddable":true,"href":"https:\/\/www.old-gss-dt.de\/wordpress\/wp-json\/wp\/v2\/comments?post=6675"}],"version-history":[{"count":2,"href":"https:\/\/www.old-gss-dt.de\/wordpress\/wp-json\/wp\/v2\/pages\/6675\/revisions"}],"predecessor-version":[{"id":6687,"href":"https:\/\/www.old-gss-dt.de\/wordpress\/wp-json\/wp\/v2\/pages\/6675\/revisions\/6687"}],"wp:attachment":[{"href":"https:\/\/www.old-gss-dt.de\/wordpress\/wp-json\/wp\/v2\/media?parent=6675"}],"curies":[{"name":"wp","href":"https:\/\/api.w.org\/{rel}","templated":true}]}}