{"id":6671,"date":"2021-01-19T16:06:31","date_gmt":"2021-01-19T15:06:31","guid":{"rendered":"http:\/\/www.gss-dt.de\/wordpress\/?page_id=6671"},"modified":"2021-01-19T16:14:47","modified_gmt":"2021-01-19T15:14:47","slug":"voraussetzungen-2","status":"publish","type":"page","link":"https:\/\/www.old-gss-dt.de\/wordpress\/voraussetzungen-2\/","title":{"rendered":"Voraussetzungen"},"content":{"rendered":"<p>Welche Voraussetzung ben\u00f6tigt man f\u00fcr die Aufnahme in die gymnasiale Oberstufe?<\/p>\n<p>In die Einf\u00fchrungsphase der gymnasialen Oberstufe (bei uns Jahrgangsstufe 11) kann nur eintreten, wer die Berechtigung zum Besuch der gymnasialen Oberstufe erworben hat.<\/p>\n<p>Diesen sogenannten Q-Vermerk bekommt man<\/p>\n<ul>\n<li>durch den Mittleren Schulabschluss (Fachoberschulreife) mit der Berechtigung zum Besuch der gymnasialen Oberstufe.<\/li>\n<li>am Gymnasium durch Versetzung am Ende der letzten Klasse der Sekundarstufe I<\/li>\n<\/ul>\n<p>In die Einf\u00fchrungsphase kann in der Regel nur neu aufgenommen werden, wer das 19. Lebensjahr noch nicht vollendet hat.<\/p>\n<p>&nbsp;<\/p>\n<p>weiter zu <a title=\"Zeitpunkt und Anmeldeverfahren\" href=\"https:\/\/www.old-gss-dt.de\/wordpress\/?page_id=6673\">Zeitpunkt der Anmeldung<\/a><\/p>\n","protected":false},"excerpt":{"rendered":"<p>Welche Voraussetzung ben\u00f6tigt man f\u00fcr die Aufnahme in die gymnasiale Oberstufe? In die Einf\u00fchrungsphase der gymnasialen Oberstufe (bei uns Jahrgangsstufe 11) kann nur eintreten, wer die Berechtigung zum Besuch der gymnasialen Oberstufe erworben hat. Diesen sogenannten Q-Vermerk bekommt man durch &hellip; <a href=\"https:\/\/www.old-gss-dt.de\/wordpress\/voraussetzungen-2\/\">Continue reading <span class=\"meta-nav\">&rarr;<\/span><\/a><\/p>\n","protected":false},"author":1,"featured_media":0,"parent":0,"menu_order":0,"comment_status":"closed","ping_status":"closed","template":"","meta":[],"_links":{"self":[{"href":"https:\/\/www.old-gss-dt.de\/wordpress\/wp-json\/wp\/v2\/pages\/6671"}],"collection":[{"href":"https:\/\/www.old-gss-dt.de\/wordpress\/wp-json\/wp\/v2\/pages"}],"about":[{"href":"https:\/\/www.old-gss-dt.de\/wordpress\/wp-json\/wp\/v2\/types\/page"}],"author":[{"embeddable":true,"href":"https:\/\/www.old-gss-dt.de\/wordpress\/wp-json\/wp\/v2\/users\/1"}],"replies":[{"embeddable":true,"href":"https:\/\/www.old-gss-dt.de\/wordpress\/wp-json\/wp\/v2\/comments?post=6671"}],"version-history":[{"count":2,"href":"https:\/\/www.old-gss-dt.de\/wordpress\/wp-json\/wp\/v2\/pages\/6671\/revisions"}],"predecessor-version":[{"id":6684,"href":"https:\/\/www.old-gss-dt.de\/wordpress\/wp-json\/wp\/v2\/pages\/6671\/revisions\/6684"}],"wp:attachment":[{"href":"https:\/\/www.old-gss-dt.de\/wordpress\/wp-json\/wp\/v2\/media?parent=6671"}],"curies":[{"name":"wp","href":"https:\/\/api.w.org\/{rel}","templated":true}]}}