{"id":6666,"date":"2021-01-19T15:59:33","date_gmt":"2021-01-19T14:59:33","guid":{"rendered":"http:\/\/www.gss-dt.de\/wordpress\/?page_id=6666"},"modified":"2021-01-19T16:12:58","modified_gmt":"2021-01-19T15:12:58","slug":"anmeldung-zur-gymnasialen-oberstufe","status":"publish","type":"page","link":"https:\/\/www.old-gss-dt.de\/wordpress\/anmeldung-zur-gymnasialen-oberstufe\/","title":{"rendered":"Anmeldung zur gymnasialen Oberstufe"},"content":{"rendered":"<p>Hier finden Sie alle Informationen zur Anmeldung f\u00fcr die Oberstufe.<\/p>\n<p><a title=\"Voraussetzungen\" href=\"https:\/\/www.old-gss-dt.de\/wordpress\/?page_id=6671\">Voraussetzungen<\/a><\/p>\n<p><a title=\"Zeitpunkt und Anmeldeverfahren\" href=\"https:\/\/www.old-gss-dt.de\/wordpress\/?page_id=6673\">Zeitpunkt und Anmeldeverfahren<\/a><\/p>\n<p><a title=\"Unterschiede zu anderen Oberstufen\" href=\"https:\/\/www.old-gss-dt.de\/wordpress\/?page_id=6675\">Unterschiede zu anderen gymnasialen Oberstufen<\/a><\/p>\n<p><a title=\"Gymnasiale Oberstufe kennenlernen\" href=\"https:\/\/www.old-gss-dt.de\/wordpress\/?page_id=6677\">Gymnasiale Oberstufe kennenlernen<\/a><\/p>\n<p>Wir freuen uns, Sie und euch bei uns in der Gesamtschule begr\u00fc\u00dfen zu d\u00fcrfen!<\/p>\n","protected":false},"excerpt":{"rendered":"<p>Hier finden Sie alle Informationen zur Anmeldung f\u00fcr die Oberstufe. Voraussetzungen Zeitpunkt und Anmeldeverfahren Unterschiede zu anderen gymnasialen Oberstufen Gymnasiale Oberstufe kennenlernen Wir freuen uns, Sie und euch bei uns in der Gesamtschule begr\u00fc\u00dfen zu d\u00fcrfen!<\/p>\n","protected":false},"author":1,"featured_media":0,"parent":0,"menu_order":0,"comment_status":"closed","ping_status":"closed","template":"","meta":[],"_links":{"self":[{"href":"https:\/\/www.old-gss-dt.de\/wordpress\/wp-json\/wp\/v2\/pages\/6666"}],"collection":[{"href":"https:\/\/www.old-gss-dt.de\/wordpress\/wp-json\/wp\/v2\/pages"}],"about":[{"href":"https:\/\/www.old-gss-dt.de\/wordpress\/wp-json\/wp\/v2\/types\/page"}],"author":[{"embeddable":true,"href":"https:\/\/www.old-gss-dt.de\/wordpress\/wp-json\/wp\/v2\/users\/1"}],"replies":[{"embeddable":true,"href":"https:\/\/www.old-gss-dt.de\/wordpress\/wp-json\/wp\/v2\/comments?post=6666"}],"version-history":[{"count":4,"href":"https:\/\/www.old-gss-dt.de\/wordpress\/wp-json\/wp\/v2\/pages\/6666\/revisions"}],"predecessor-version":[{"id":6683,"href":"https:\/\/www.old-gss-dt.de\/wordpress\/wp-json\/wp\/v2\/pages\/6666\/revisions\/6683"}],"wp:attachment":[{"href":"https:\/\/www.old-gss-dt.de\/wordpress\/wp-json\/wp\/v2\/media?parent=6666"}],"curies":[{"name":"wp","href":"https:\/\/api.w.org\/{rel}","templated":true}]}}