{"id":6641,"date":"2020-12-14T16:42:52","date_gmt":"2020-12-14T15:42:52","guid":{"rendered":"http:\/\/www.gss-dt.de\/wordpress\/?page_id=6641"},"modified":"2020-12-14T16:47:24","modified_gmt":"2020-12-14T15:47:24","slug":"iserv","status":"publish","type":"page","link":"https:\/\/www.old-gss-dt.de\/wordpress\/iserv\/","title":{"rendered":"iServ"},"content":{"rendered":"<p>iServ ist unsere Lern- und Kommunikationsplattform f\u00fcr unsere Schule.<\/p>\n<p>Alle Sch\u00fclerinnen und Sch\u00fcler so wie die Lehrerinnen und Lehrer sind verpflichtet, sich regelm\u00e4\u00dfig bei iServ einzuloggen um ihre Nachrichten und Aufgaben abzufragen.<\/p>\n<p>Auf jedem Computer mit Internetverbindung kannst du dich bei iServ anmelden in dem du &#8222;ge-gss.de&#8220; in die Adressleiste eintr\u00e4gst. Bei \u00e4lteren Computern musst du eventuell die vollst\u00e4ndige Adresse &#8222;http:\/\/www.ge-gss.de&#8220; eintragen.<br \/>\nAm einfachsten ist es, du klickst einfach <a href=\"http:\/\/www.ge-gss.de\" target=\"_blank\">hier auf diesen Link<\/a>!<\/p>\n<p>Dann \u00f6ffnet sich dieses Fenster:<br \/>\n<a href=\"https:\/\/www.old-gss-dt.de\/wordpress\/wp-content\/uploads\/2020\/12\/Bildschirmfoto-2020-12-14-um-16.34.38.png\"><img decoding=\"async\" loading=\"lazy\" class=\"alignnone size-large wp-image-6642\" src=\"https:\/\/www.old-gss-dt.de\/wordpress\/wp-content\/uploads\/2020\/12\/Bildschirmfoto-2020-12-14-um-16.34.38-500x486.png\" alt=\"Bildschirmfoto 2020-12-14 um 16.34.38\" width=\"500\" height=\"486\" srcset=\"https:\/\/www.old-gss-dt.de\/wordpress\/wp-content\/uploads\/2020\/12\/Bildschirmfoto-2020-12-14-um-16.34.38-500x486.png 500w, https:\/\/www.old-gss-dt.de\/wordpress\/wp-content\/uploads\/2020\/12\/Bildschirmfoto-2020-12-14-um-16.34.38-300x291.png 300w, https:\/\/www.old-gss-dt.de\/wordpress\/wp-content\/uploads\/2020\/12\/Bildschirmfoto-2020-12-14-um-16.34.38.png 1254w\" sizes=\"(max-width: 500px) 100vw, 500px\" \/><\/a><\/p>\n<p>Die Daten f\u00fcr deinen Anmeldenamen (Account) und dein Passwort bekommst du von deinen Klassenlehrerinnen und Lehrern.<\/p>\n<p>Wenn die Anmeldung nicht funktioniert, liegt es fast immer daran, dass du dich beim Eingeben deines Namens (oder beim Kennwort) vertippt hast.<\/p>\n<p>Ein h\u00e4ufiger Fehler (passiert oft am Handy):<br \/>\nEuer Vorname ist durch einen Punkt vom Nachnamen getrennt. Viele Android-Handys machen automatisch nach dem Punkt (&#8222;.&#8220;) ein Leerzeichen. Das darf aber nicht sein!<\/p>\n<p>Beispiel:<br \/>\nEs darf NICHT (!) &#8222;peter. meier&#8220; hei\u00dfen, sondern ohne Leerzeichen nach dem Punkt &#8222;peter.meier&#8220;.<\/p>\n<p>Viel Erfolg beim Einloggen!<\/p>\n<p>&nbsp;<\/p>\n<p>Noch bequemer geht es, wenn ihr euch die iServ-App f\u00fcr euer Handy herunter ladet. Geht daf\u00fcr in den Apple-App-Store (iPhones) oder in den Google Playstore (Android).<\/p>\n<p>Die Handy-App fragt euch dann nach der Adresse f\u00fcr den IServ-Server. Dort gebt ihr dann &#8222;ge-gss.de&#8220; ein.<br \/>\nAccountname und Passwort wie oben erkl\u00e4rt.<br \/>\nSolltest ihr nach eurer iServ-Emailadresse gefragt werden, dann tippt einfach auf &#8222;Ich habe keine Emailadresse&#8220;.<\/p>\n","protected":false},"excerpt":{"rendered":"<p>iServ ist unsere Lern- und Kommunikationsplattform f\u00fcr unsere Schule. Alle Sch\u00fclerinnen und Sch\u00fcler so wie die Lehrerinnen und Lehrer sind verpflichtet, sich regelm\u00e4\u00dfig bei iServ einzuloggen um ihre Nachrichten und Aufgaben abzufragen. Auf jedem Computer mit Internetverbindung kannst du dich &hellip; <a href=\"https:\/\/www.old-gss-dt.de\/wordpress\/iserv\/\">Continue reading <span class=\"meta-nav\">&rarr;<\/span><\/a><\/p>\n","protected":false},"author":1,"featured_media":0,"parent":0,"menu_order":0,"comment_status":"closed","ping_status":"closed","template":"","meta":[],"_links":{"self":[{"href":"https:\/\/www.old-gss-dt.de\/wordpress\/wp-json\/wp\/v2\/pages\/6641"}],"collection":[{"href":"https:\/\/www.old-gss-dt.de\/wordpress\/wp-json\/wp\/v2\/pages"}],"about":[{"href":"https:\/\/www.old-gss-dt.de\/wordpress\/wp-json\/wp\/v2\/types\/page"}],"author":[{"embeddable":true,"href":"https:\/\/www.old-gss-dt.de\/wordpress\/wp-json\/wp\/v2\/users\/1"}],"replies":[{"embeddable":true,"href":"https:\/\/www.old-gss-dt.de\/wordpress\/wp-json\/wp\/v2\/comments?post=6641"}],"version-history":[{"count":3,"href":"https:\/\/www.old-gss-dt.de\/wordpress\/wp-json\/wp\/v2\/pages\/6641\/revisions"}],"predecessor-version":[{"id":6646,"href":"https:\/\/www.old-gss-dt.de\/wordpress\/wp-json\/wp\/v2\/pages\/6641\/revisions\/6646"}],"wp:attachment":[{"href":"https:\/\/www.old-gss-dt.de\/wordpress\/wp-json\/wp\/v2\/media?parent=6641"}],"curies":[{"name":"wp","href":"https:\/\/api.w.org\/{rel}","templated":true}]}}