{"id":6614,"date":"2020-12-10T09:08:23","date_gmt":"2020-12-10T08:08:23","guid":{"rendered":"http:\/\/www.gss-dt.de\/wordpress\/?page_id=6614"},"modified":"2022-01-25T20:54:45","modified_gmt":"2022-01-25T19:54:45","slug":"gesamtschule-kennenlernen","status":"publish","type":"page","link":"https:\/\/www.old-gss-dt.de\/wordpress\/gesamtschule-kennenlernen\/","title":{"rendered":"Gesamtschule kennenlernen"},"content":{"rendered":"<p><strong>Wie kann ich die Gesamtschule kennenlernen?<\/strong><\/p>\n<p>Da wir zurzeit nicht alle pers\u00f6nlich in die Schule einladen k\u00f6nnen, haben wir f\u00fcr Sie und vor allem auch f\u00fcr Ihre Kinder ein <strong>Video<\/strong> gedreht, in dem Sie <strong>umfangreiche Informationen<\/strong> \u00fcber die Geschwister-Scholl-Gesamtschule erhalten. Schauen Sie sich unser Video auf der Startseite\u00a0an und erleben Sie <strong>verschiedene Eindr\u00fccke aus unserem bunten Schul- und Unterrichtsalltag.<\/strong><\/p>\n","protected":false},"excerpt":{"rendered":"<p>Wie kann ich die Gesamtschule kennenlernen? Da wir zurzeit nicht alle pers\u00f6nlich in die Schule einladen k\u00f6nnen, haben wir f\u00fcr Sie und vor allem auch f\u00fcr Ihre Kinder ein Video gedreht, in dem Sie umfangreiche Informationen \u00fcber die Geschwister-Scholl-Gesamtschule erhalten. &hellip; <a href=\"https:\/\/www.old-gss-dt.de\/wordpress\/gesamtschule-kennenlernen\/\">Continue reading <span class=\"meta-nav\">&rarr;<\/span><\/a><\/p>\n","protected":false},"author":1,"featured_media":0,"parent":0,"menu_order":0,"comment_status":"closed","ping_status":"closed","template":"","meta":[],"_links":{"self":[{"href":"https:\/\/www.old-gss-dt.de\/wordpress\/wp-json\/wp\/v2\/pages\/6614"}],"collection":[{"href":"https:\/\/www.old-gss-dt.de\/wordpress\/wp-json\/wp\/v2\/pages"}],"about":[{"href":"https:\/\/www.old-gss-dt.de\/wordpress\/wp-json\/wp\/v2\/types\/page"}],"author":[{"embeddable":true,"href":"https:\/\/www.old-gss-dt.de\/wordpress\/wp-json\/wp\/v2\/users\/1"}],"replies":[{"embeddable":true,"href":"https:\/\/www.old-gss-dt.de\/wordpress\/wp-json\/wp\/v2\/comments?post=6614"}],"version-history":[{"count":3,"href":"https:\/\/www.old-gss-dt.de\/wordpress\/wp-json\/wp\/v2\/pages\/6614\/revisions"}],"predecessor-version":[{"id":7076,"href":"https:\/\/www.old-gss-dt.de\/wordpress\/wp-json\/wp\/v2\/pages\/6614\/revisions\/7076"}],"wp:attachment":[{"href":"https:\/\/www.old-gss-dt.de\/wordpress\/wp-json\/wp\/v2\/media?parent=6614"}],"curies":[{"name":"wp","href":"https:\/\/api.w.org\/{rel}","templated":true}]}}