{"id":6611,"date":"2020-12-10T09:07:01","date_gmt":"2020-12-10T08:07:01","guid":{"rendered":"http:\/\/www.gss-dt.de\/wordpress\/?page_id=6611"},"modified":"2021-01-11T12:03:24","modified_gmt":"2021-01-11T11:03:24","slug":"unterschiede-zu-anderen-schulformen","status":"publish","type":"page","link":"https:\/\/www.old-gss-dt.de\/wordpress\/unterschiede-zu-anderen-schulformen\/","title":{"rendered":"Unterschiede zu anderen Schulformen"},"content":{"rendered":"<p><strong>Was unterscheidet die Gesamtschule von anderen Schulformen?<\/strong><\/p>\n<p>An der Gesamtschule lernen <strong>alle Kinder gemeinsam in einer Klasse<\/strong> \u2013 unabh\u00e4ngig von ihrer Schulformempfehlung. Die Kinder haben ohne die Festlegung auf einen Schulformschwerpunkt mehr Zeit sich zu entwickeln. Sie werden entsprechend ihrer unterschiedlichen Interessen und Begabungen <strong>individuell gef\u00f6rdert und gefordert<\/strong>. Erst nach Klasse 6 beginnt in einigen F\u00e4chern die <strong>Fachleistungsdifferenzierung<\/strong>, die dann die Sch\u00fclerinnen und Sch\u00fcler zu den verschiedenen Schulabschl\u00fcssen hinf\u00fchrt. An der Gesamtschule wird das <strong>Abitur nach Jahrgang 13<\/strong> vergeben sowie <strong>der Realschulabschluss, der Hauptschulabschluss und der F\u00f6rderschulabschluss nach Jahrgang 10.<\/strong><\/p>\n<p>weiter zu <a title=\"Gesamtschule kennenlernen\" href=\"https:\/\/www.old-gss-dt.de\/wordpress\/?page_id=6614\">Gesamtschule kennenlernen<\/a><\/p>\n","protected":false},"excerpt":{"rendered":"<p>Was unterscheidet die Gesamtschule von anderen Schulformen? An der Gesamtschule lernen alle Kinder gemeinsam in einer Klasse \u2013 unabh\u00e4ngig von ihrer Schulformempfehlung. Die Kinder haben ohne die Festlegung auf einen Schulformschwerpunkt mehr Zeit sich zu entwickeln. Sie werden entsprechend ihrer &hellip; <a href=\"https:\/\/www.old-gss-dt.de\/wordpress\/unterschiede-zu-anderen-schulformen\/\">Continue reading <span class=\"meta-nav\">&rarr;<\/span><\/a><\/p>\n","protected":false},"author":1,"featured_media":0,"parent":0,"menu_order":0,"comment_status":"closed","ping_status":"closed","template":"","meta":[],"_links":{"self":[{"href":"https:\/\/www.old-gss-dt.de\/wordpress\/wp-json\/wp\/v2\/pages\/6611"}],"collection":[{"href":"https:\/\/www.old-gss-dt.de\/wordpress\/wp-json\/wp\/v2\/pages"}],"about":[{"href":"https:\/\/www.old-gss-dt.de\/wordpress\/wp-json\/wp\/v2\/types\/page"}],"author":[{"embeddable":true,"href":"https:\/\/www.old-gss-dt.de\/wordpress\/wp-json\/wp\/v2\/users\/1"}],"replies":[{"embeddable":true,"href":"https:\/\/www.old-gss-dt.de\/wordpress\/wp-json\/wp\/v2\/comments?post=6611"}],"version-history":[{"count":3,"href":"https:\/\/www.old-gss-dt.de\/wordpress\/wp-json\/wp\/v2\/pages\/6611\/revisions"}],"predecessor-version":[{"id":6662,"href":"https:\/\/www.old-gss-dt.de\/wordpress\/wp-json\/wp\/v2\/pages\/6611\/revisions\/6662"}],"wp:attachment":[{"href":"https:\/\/www.old-gss-dt.de\/wordpress\/wp-json\/wp\/v2\/media?parent=6611"}],"curies":[{"name":"wp","href":"https:\/\/api.w.org\/{rel}","templated":true}]}}