{"id":6606,"date":"2020-12-10T09:03:32","date_gmt":"2020-12-10T08:03:32","guid":{"rendered":"http:\/\/www.gss-dt.de\/wordpress\/?page_id=6606"},"modified":"2020-12-12T18:43:32","modified_gmt":"2020-12-12T17:43:32","slug":"schulformempfehlung","status":"publish","type":"page","link":"https:\/\/www.old-gss-dt.de\/wordpress\/schulformempfehlung\/","title":{"rendered":"Schulformempfehlung"},"content":{"rendered":"<p><strong>Welche Schulformempfehlung ben\u00f6tigt mein Kind f\u00fcr die Gesamtschule?<\/strong><\/p>\n<p>An der Gesamtschule werden Kinder <strong>mit allen Schulformempfehlungen<\/strong> aufgenommen \u2013 also mit <strong>Hauptschulempfehlungen, Realschulempfehlungen und Gymnasialempfehlungen<\/strong>.<\/p>\n<p>Die Geschwister-Scholl-Gesamtschule ist eine <strong>Schule des Gemeinsamen Lernens<\/strong>, daher werden bei uns ebenso Sch\u00fclerinnen und Sch\u00fcler mit verschiedenen sonderp\u00e4dagogischen F\u00f6rderbedarfen aufgenommen.<\/p>\n<p>weiter zu <a title=\"Zeitpunkt zur Anmeldung\" href=\"https:\/\/www.old-gss-dt.de\/wordpress\/?page_id=6608\">Zeitpunkt der Anmeldung<\/a><\/p>\n","protected":false},"excerpt":{"rendered":"<p>Welche Schulformempfehlung ben\u00f6tigt mein Kind f\u00fcr die Gesamtschule? An der Gesamtschule werden Kinder mit allen Schulformempfehlungen aufgenommen \u2013 also mit Hauptschulempfehlungen, Realschulempfehlungen und Gymnasialempfehlungen. Die Geschwister-Scholl-Gesamtschule ist eine Schule des Gemeinsamen Lernens, daher werden bei uns ebenso Sch\u00fclerinnen und Sch\u00fcler &hellip; <a href=\"https:\/\/www.old-gss-dt.de\/wordpress\/schulformempfehlung\/\">Continue reading <span class=\"meta-nav\">&rarr;<\/span><\/a><\/p>\n","protected":false},"author":1,"featured_media":0,"parent":0,"menu_order":0,"comment_status":"closed","ping_status":"closed","template":"","meta":[],"_links":{"self":[{"href":"https:\/\/www.old-gss-dt.de\/wordpress\/wp-json\/wp\/v2\/pages\/6606"}],"collection":[{"href":"https:\/\/www.old-gss-dt.de\/wordpress\/wp-json\/wp\/v2\/pages"}],"about":[{"href":"https:\/\/www.old-gss-dt.de\/wordpress\/wp-json\/wp\/v2\/types\/page"}],"author":[{"embeddable":true,"href":"https:\/\/www.old-gss-dt.de\/wordpress\/wp-json\/wp\/v2\/users\/1"}],"replies":[{"embeddable":true,"href":"https:\/\/www.old-gss-dt.de\/wordpress\/wp-json\/wp\/v2\/comments?post=6606"}],"version-history":[{"count":2,"href":"https:\/\/www.old-gss-dt.de\/wordpress\/wp-json\/wp\/v2\/pages\/6606\/revisions"}],"predecessor-version":[{"id":6633,"href":"https:\/\/www.old-gss-dt.de\/wordpress\/wp-json\/wp\/v2\/pages\/6606\/revisions\/6633"}],"wp:attachment":[{"href":"https:\/\/www.old-gss-dt.de\/wordpress\/wp-json\/wp\/v2\/media?parent=6606"}],"curies":[{"name":"wp","href":"https:\/\/api.w.org\/{rel}","templated":true}]}}