{"id":6602,"date":"2020-12-10T08:58:44","date_gmt":"2020-12-10T07:58:44","guid":{"rendered":"http:\/\/www.gss-dt.de\/wordpress\/?page_id=6602"},"modified":"2023-01-09T10:25:16","modified_gmt":"2023-01-09T09:25:16","slug":"anmeldung-5-klasse","status":"publish","type":"page","link":"https:\/\/www.old-gss-dt.de\/wordpress\/anmeldung-5-klasse\/","title":{"rendered":"Anmeldung 5. Klasse"},"content":{"rendered":"<p>Hier finden Sie alle Informationen zur Anmeldung!<\/p>\n<p><a title=\"Schulformempfehlung\" href=\"https:\/\/www.old-gss-dt.de\/wordpress\/?page_id=6606\">Schulformempfehlung<\/a><\/p>\n<p><a title=\"Zeitpunkt zur Anmeldung\" href=\"https:\/\/www.old-gss-dt.de\/wordpress\/?page_id=6608\">Zeitpunkt zur Anmeldung<\/a><\/p>\n<p><a title=\"Unterschiede zu anderen Schulformen\" href=\"https:\/\/www.old-gss-dt.de\/wordpress\/?page_id=6611\">Unterschiede zu anderen Schulformen<\/a><\/p>\n<p><strong><em>Wir freuen uns, Sie und euch bei uns in der Gesamtschule begr\u00fc\u00dfen zu d\u00fcrfen!<\/em><\/strong><\/p>\n<p><a title=\"Gesamtschule kennenlernen\" href=\"https:\/\/www.old-gss-dt.de\/wordpress\/?page_id=6614\">\u00a0<\/a><\/p>\n<p><iframe loading=\"lazy\" title=\"YouTube video player\" src=\"https:\/\/www.youtube.com\/embed\/1eoOoUv-ViY\" width=\"560\" height=\"315\" frameborder=\"0\" allowfullscreen=\"allowfullscreen\"><\/iframe><\/p>\n","protected":false},"excerpt":{"rendered":"<p>Hier finden Sie alle Informationen zur Anmeldung! Schulformempfehlung Zeitpunkt zur Anmeldung Unterschiede zu anderen Schulformen Wir freuen uns, Sie und euch bei uns in der Gesamtschule begr\u00fc\u00dfen zu d\u00fcrfen! \u00a0<\/p>\n","protected":false},"author":1,"featured_media":0,"parent":0,"menu_order":0,"comment_status":"closed","ping_status":"closed","template":"","meta":[],"_links":{"self":[{"href":"https:\/\/www.old-gss-dt.de\/wordpress\/wp-json\/wp\/v2\/pages\/6602"}],"collection":[{"href":"https:\/\/www.old-gss-dt.de\/wordpress\/wp-json\/wp\/v2\/pages"}],"about":[{"href":"https:\/\/www.old-gss-dt.de\/wordpress\/wp-json\/wp\/v2\/types\/page"}],"author":[{"embeddable":true,"href":"https:\/\/www.old-gss-dt.de\/wordpress\/wp-json\/wp\/v2\/users\/1"}],"replies":[{"embeddable":true,"href":"https:\/\/www.old-gss-dt.de\/wordpress\/wp-json\/wp\/v2\/comments?post=6602"}],"version-history":[{"count":7,"href":"https:\/\/www.old-gss-dt.de\/wordpress\/wp-json\/wp\/v2\/pages\/6602\/revisions"}],"predecessor-version":[{"id":7372,"href":"https:\/\/www.old-gss-dt.de\/wordpress\/wp-json\/wp\/v2\/pages\/6602\/revisions\/7372"}],"wp:attachment":[{"href":"https:\/\/www.old-gss-dt.de\/wordpress\/wp-json\/wp\/v2\/media?parent=6602"}],"curies":[{"name":"wp","href":"https:\/\/api.w.org\/{rel}","templated":true}]}}