{"id":6339,"date":"2020-02-13T18:47:17","date_gmt":"2020-02-13T17:47:17","guid":{"rendered":"http:\/\/www.gss-dt.de\/wordpress\/?page_id=6339"},"modified":"2022-12-01T14:40:14","modified_gmt":"2022-12-01T13:40:14","slug":"sv-schuelerverwaltung","status":"publish","type":"page","link":"https:\/\/www.old-gss-dt.de\/wordpress\/sv-schuelerverwaltung\/","title":{"rendered":"SV \u2013 Sch\u00fclerverwaltung"},"content":{"rendered":"<p>Ihr habt Ideen, W\u00fcnsche oder Vorschl\u00e4ge zur Verbesserung des Schulaltages und m\u00f6chtet diese gerne einbringen? Dann wendet euch doch an uns: die SV. Als Sch\u00fclervertretung unserer Schule setzen wir uns daf\u00fcr ein, dass eure Anregungen geh\u00f6rt und umgesetzt werden. Ihr habt beispielsweise kreative Vorstellungen zur Schulhofgestaltung oder von einem Projekt geh\u00f6rt, an dem unsere Schule unbedingt arbeiten sollte? Dann k\u00f6nnt ihr euch jeder Zeit an uns wenden und ganz einfach ein Mitglied der SV ansprechen, oder selbst eines werden. Als ein solches Mitglied z\u00e4hlt auch der\/die Sch\u00fclersprecher\/in, welche\/r bei schulischen Veranstaltungen die Sch\u00fclervertretung und somit auch eure W\u00fcnsche und Kritikpunkte \u00e4u\u00dfert und vertritt.<\/p>\n<p>Auch wenn die SV von uns Sch\u00fclerinnen und Sch\u00fclern geleitet wird, stehen uns die SV- Lehrer\/innen immer zur Verf\u00fcgung, die SuS bei den Treffen zur Seite stehen und sie bei unseren Vorhaben zu unterst\u00fctzen.<\/p>\n<p><img decoding=\"async\" loading=\"lazy\" class=\"wp-image-7359 size-medium alignleft\" src=\"https:\/\/www.old-gss-dt.de\/wordpress\/wp-content\/uploads\/2022\/12\/SV-GSG-Detmold-195x300.jpeg\" alt=\"\" width=\"195\" height=\"300\" srcset=\"https:\/\/www.old-gss-dt.de\/wordpress\/wp-content\/uploads\/2022\/12\/SV-GSG-Detmold-195x300.jpeg 195w, https:\/\/www.old-gss-dt.de\/wordpress\/wp-content\/uploads\/2022\/12\/SV-GSG-Detmold-326x500.jpeg 326w, https:\/\/www.old-gss-dt.de\/wordpress\/wp-content\/uploads\/2022\/12\/SV-GSG-Detmold-768x1180.jpeg 768w, https:\/\/www.old-gss-dt.de\/wordpress\/wp-content\/uploads\/2022\/12\/SV-GSG-Detmold-1000x1536.jpeg 1000w, https:\/\/www.old-gss-dt.de\/wordpress\/wp-content\/uploads\/2022\/12\/SV-GSG-Detmold.jpeg 1125w\" sizes=\"(max-width: 195px) 100vw, 195px\" \/>Gerade deswegen ist es wichtig, dass dar\u00fcber abgestimmt wird, wer die Sch\u00fclervertretung repr\u00e4sentiert. Um dies festlegen zu k\u00f6nnen, findet jedes Jahr zu Beginn des Schuljahres eine Sch\u00fclerversammlung statt, in der die Klassensprecher\/innen dar\u00fcber abstimmen, wer Sch\u00fclersprecher\/in wird. Diese\/r sollte Mitglied der SV sein, jedoch spielt es keine Rolle, wie lange dies schon der Fall ist. Ab dem 16. Lebensjahr kann jede\/r Sch\u00fclersprecher\/in werden.<\/p>\n<p>Ein weiterer wichtiger Punkt ist, dass die SV ein Mitspracherecht in der Schulkonferenz hat und mit Lehrern und Lehrerinnen sowie den teilnehmenden Eltern gleichberechtigt ist. Da auf den Konferenzen interessante und grundlegende Themen besprochen werden, die auch und vor allem euch betreffen, seid ihr dabei besonders gefragt, die Arbeit in der SV zu unterst\u00fctzen.<\/p>\n<p>Gemeinsam mit eurer Hilfe haben wir es zum Beispiel geschafft die Handyregelung durchzusetzen, einen spannenden Holocaust-Gedenktag aufzuziehen und den Aufenthalt im Schulgeb\u00e4ude f\u00fcr Oberstufensch\u00fcler in den Pausen zu erm\u00f6glichen.<\/p>\n<p><a href=\"https:\/\/www.old-gss-dt.de\/wordpress\/wp-content\/uploads\/2020\/02\/f7fac1c6-2da2-4e77-b85d-3a0584bf0be2.jpg\"><img decoding=\"async\" loading=\"lazy\" class=\"alignnone size-large wp-image-6341\" src=\"https:\/\/www.old-gss-dt.de\/wordpress\/wp-content\/uploads\/2020\/02\/f7fac1c6-2da2-4e77-b85d-3a0584bf0be2-500x271.jpg\" alt=\"f7fac1c6-2da2-4e77-b85d-3a0584bf0be2\" width=\"500\" height=\"271\" srcset=\"https:\/\/www.old-gss-dt.de\/wordpress\/wp-content\/uploads\/2020\/02\/f7fac1c6-2da2-4e77-b85d-3a0584bf0be2.jpg 500w, https:\/\/www.old-gss-dt.de\/wordpress\/wp-content\/uploads\/2020\/02\/f7fac1c6-2da2-4e77-b85d-3a0584bf0be2-300x163.jpg 300w\" sizes=\"(max-width: 500px) 100vw, 500px\" \/><\/a><\/p>\n<p>Egal, ob ihr schon l\u00e4nger weitere tolle Vorschl\u00e4ge hattet, euch welche beim Lesen dieses Textes eingefallen sind oder euch in Zukunft etwas wichtig erscheint: Ihr d\u00fcrft gerne zu uns kommen! Finden tut ihr uns immer montags in der Mittagspause im SV-Raum, zudem k\u00f6nnt ihr uns auch immer gerne ansprechen. Zu sehen sind wir auf dem Gruppenfoto. Falls ihr nun selber Lust bekommen habt, euch in der SV zu engagieren, k\u00f6nnt ihr uns ebenfalls gerne ansprechen. F\u00fcr weitere Fragen stehen wir euch nat\u00fcrlich jeder Zeit zur Verf\u00fcgung.<\/p>\n<p>Wir freuen uns auf eure Ideen und das ein oder andere neue Mitglied.<\/p>\n<p>Eure SV :)<\/p>\n","protected":false},"excerpt":{"rendered":"<p>Ihr habt Ideen, W\u00fcnsche oder Vorschl\u00e4ge zur Verbesserung des Schulaltages und m\u00f6chtet diese gerne einbringen? Dann wendet euch doch an uns: die SV. Als Sch\u00fclervertretung unserer Schule setzen wir uns daf\u00fcr ein, dass eure Anregungen geh\u00f6rt und umgesetzt werden. Ihr &hellip; <a href=\"https:\/\/www.old-gss-dt.de\/wordpress\/sv-schuelerverwaltung\/\">Continue reading <span class=\"meta-nav\">&rarr;<\/span><\/a><\/p>\n","protected":false},"author":1,"featured_media":0,"parent":0,"menu_order":0,"comment_status":"closed","ping_status":"closed","template":"","meta":[],"_links":{"self":[{"href":"https:\/\/www.old-gss-dt.de\/wordpress\/wp-json\/wp\/v2\/pages\/6339"}],"collection":[{"href":"https:\/\/www.old-gss-dt.de\/wordpress\/wp-json\/wp\/v2\/pages"}],"about":[{"href":"https:\/\/www.old-gss-dt.de\/wordpress\/wp-json\/wp\/v2\/types\/page"}],"author":[{"embeddable":true,"href":"https:\/\/www.old-gss-dt.de\/wordpress\/wp-json\/wp\/v2\/users\/1"}],"replies":[{"embeddable":true,"href":"https:\/\/www.old-gss-dt.de\/wordpress\/wp-json\/wp\/v2\/comments?post=6339"}],"version-history":[{"count":3,"href":"https:\/\/www.old-gss-dt.de\/wordpress\/wp-json\/wp\/v2\/pages\/6339\/revisions"}],"predecessor-version":[{"id":7361,"href":"https:\/\/www.old-gss-dt.de\/wordpress\/wp-json\/wp\/v2\/pages\/6339\/revisions\/7361"}],"wp:attachment":[{"href":"https:\/\/www.old-gss-dt.de\/wordpress\/wp-json\/wp\/v2\/media?parent=6339"}],"curies":[{"name":"wp","href":"https:\/\/api.w.org\/{rel}","templated":true}]}}