{"id":5636,"date":"2018-08-21T17:02:54","date_gmt":"2018-08-21T15:02:54","guid":{"rendered":"http:\/\/www.gss-dt.de\/wordpress\/?page_id=5636"},"modified":"2018-08-21T17:59:55","modified_gmt":"2018-08-21T15:59:55","slug":"uebersicht-zur-berufswahl","status":"publish","type":"page","link":"https:\/\/www.old-gss-dt.de\/wordpress\/uebersicht-zur-berufswahl\/","title":{"rendered":"\u00dcbersicht zur Berufswahl"},"content":{"rendered":"<p>Bitte auf das Schaubild klicken f\u00fcr eine gr\u00f6\u00dfere Darstellung!<\/p>\n<p><a href=\"https:\/\/www.old-gss-dt.de\/wordpress\/wp-content\/uploads\/2018\/08\/Bildschirmfoto-2018-08-21-um-17.31.07.png\" target=\"_blank\"><img decoding=\"async\" loading=\"lazy\" class=\"alignleft size-full wp-image-5656\" src=\"https:\/\/www.old-gss-dt.de\/wordpress\/wp-content\/uploads\/2018\/08\/Bildschirmfoto-2018-08-21-um-17.31.07.png\" alt=\"Bildschirmfoto 2018-08-21 um 17.31.07\" width=\"1396\" height=\"920\" srcset=\"https:\/\/www.old-gss-dt.de\/wordpress\/wp-content\/uploads\/2018\/08\/Bildschirmfoto-2018-08-21-um-17.31.07.png 1396w, https:\/\/www.old-gss-dt.de\/wordpress\/wp-content\/uploads\/2018\/08\/Bildschirmfoto-2018-08-21-um-17.31.07-300x198.png 300w, https:\/\/www.old-gss-dt.de\/wordpress\/wp-content\/uploads\/2018\/08\/Bildschirmfoto-2018-08-21-um-17.31.07-500x330.png 500w\" sizes=\"(max-width: 1396px) 100vw, 1396px\" \/><\/a><br \/>\nWeiter zu\u00a0<a href=\"https:\/\/www.old-gss-dt.de\/wordpress\/?page_id=5638\">Ausgew\u00e4hlte Aspekte der Berufsorientierung<\/a><\/p>\n","protected":false},"excerpt":{"rendered":"<p>Bitte auf das Schaubild klicken f\u00fcr eine gr\u00f6\u00dfere Darstellung! Weiter zu\u00a0Ausgew\u00e4hlte Aspekte der Berufsorientierung<\/p>\n","protected":false},"author":1,"featured_media":0,"parent":0,"menu_order":0,"comment_status":"closed","ping_status":"closed","template":"","meta":[],"_links":{"self":[{"href":"https:\/\/www.old-gss-dt.de\/wordpress\/wp-json\/wp\/v2\/pages\/5636"}],"collection":[{"href":"https:\/\/www.old-gss-dt.de\/wordpress\/wp-json\/wp\/v2\/pages"}],"about":[{"href":"https:\/\/www.old-gss-dt.de\/wordpress\/wp-json\/wp\/v2\/types\/page"}],"author":[{"embeddable":true,"href":"https:\/\/www.old-gss-dt.de\/wordpress\/wp-json\/wp\/v2\/users\/1"}],"replies":[{"embeddable":true,"href":"https:\/\/www.old-gss-dt.de\/wordpress\/wp-json\/wp\/v2\/comments?post=5636"}],"version-history":[{"count":7,"href":"https:\/\/www.old-gss-dt.de\/wordpress\/wp-json\/wp\/v2\/pages\/5636\/revisions"}],"predecessor-version":[{"id":5671,"href":"https:\/\/www.old-gss-dt.de\/wordpress\/wp-json\/wp\/v2\/pages\/5636\/revisions\/5671"}],"wp:attachment":[{"href":"https:\/\/www.old-gss-dt.de\/wordpress\/wp-json\/wp\/v2\/media?parent=5636"}],"curies":[{"name":"wp","href":"https:\/\/api.w.org\/{rel}","templated":true}]}}