{"id":561,"date":"2011-07-07T13:18:24","date_gmt":"2011-07-07T11:18:24","guid":{"rendered":"http:\/\/www.gss-dt.de\/wordpress\/?page_id=561"},"modified":"2014-01-26T22:38:07","modified_gmt":"2014-01-26T21:38:07","slug":"beitrittserklarung","status":"publish","type":"page","link":"https:\/\/www.old-gss-dt.de\/wordpress\/beitrittserklarung\/","title":{"rendered":"Beitrittserkl\u00e4rung"},"content":{"rendered":"<p>Wir freuen uns sehr dar\u00fcber, wenn Sie unseren F\u00f6rderververein unterst\u00fctzen und Mitglied werden!<\/p>\n<p><a href=\"https:\/\/www.old-gss-dt.de\/wordpress\/wp-content\/uploads\/2014\/01\/Beitrittserklaerung-Foerderverein.pdf\" target=\"_blank\">Hier<\/a> k\u00f6nnen Sie das Formular f\u00fcr die Beitrittserkl\u00e4rung herunterladen.<\/p>\n<p>Vielen Dank f\u00fcr Ihre Unterst\u00fctzung!<\/p>\n<p>Zur\u00fcck zu\u00a0<a title=\"Schule\" href=\"https:\/\/www.old-gss-dt.de\/wordpress\/?page_id=193\">Schule<\/a><\/p>\n","protected":false},"excerpt":{"rendered":"<p>Wir freuen uns sehr dar\u00fcber, wenn Sie unseren F\u00f6rderververein unterst\u00fctzen und Mitglied werden! Hier k\u00f6nnen Sie das Formular f\u00fcr die Beitrittserkl\u00e4rung herunterladen. Vielen Dank f\u00fcr Ihre Unterst\u00fctzung! Zur\u00fcck zu\u00a0Schule<\/p>\n","protected":false},"author":1,"featured_media":0,"parent":0,"menu_order":0,"comment_status":"closed","ping_status":"closed","template":"","meta":[],"_links":{"self":[{"href":"https:\/\/www.old-gss-dt.de\/wordpress\/wp-json\/wp\/v2\/pages\/561"}],"collection":[{"href":"https:\/\/www.old-gss-dt.de\/wordpress\/wp-json\/wp\/v2\/pages"}],"about":[{"href":"https:\/\/www.old-gss-dt.de\/wordpress\/wp-json\/wp\/v2\/types\/page"}],"author":[{"embeddable":true,"href":"https:\/\/www.old-gss-dt.de\/wordpress\/wp-json\/wp\/v2\/users\/1"}],"replies":[{"embeddable":true,"href":"https:\/\/www.old-gss-dt.de\/wordpress\/wp-json\/wp\/v2\/comments?post=561"}],"version-history":[{"count":6,"href":"https:\/\/www.old-gss-dt.de\/wordpress\/wp-json\/wp\/v2\/pages\/561\/revisions"}],"predecessor-version":[{"id":2775,"href":"https:\/\/www.old-gss-dt.de\/wordpress\/wp-json\/wp\/v2\/pages\/561\/revisions\/2775"}],"wp:attachment":[{"href":"https:\/\/www.old-gss-dt.de\/wordpress\/wp-json\/wp\/v2\/media?parent=561"}],"curies":[{"name":"wp","href":"https:\/\/api.w.org\/{rel}","templated":true}]}}