{"id":559,"date":"2011-07-07T13:17:58","date_gmt":"2011-07-07T11:17:58","guid":{"rendered":"http:\/\/www.gss-dt.de\/wordpress\/?page_id=559"},"modified":"2011-07-07T13:22:59","modified_gmt":"2011-07-07T11:22:59","slug":"zukunftsplane","status":"publish","type":"page","link":"https:\/\/www.old-gss-dt.de\/wordpress\/zukunftsplane\/","title":{"rendered":"Zukunftspl\u00e4ne"},"content":{"rendered":"<h2>Zukunftspl\u00e4ne des F\u00f6rdervereins<\/h2>\n<p>Auch in Zukunft m\u00f6chte der F\u00f6rderverein\u00a0die bisherigen Aktivit\u00e4ten unterst\u00fctzen.<\/p>\n<p>Durch die Finanzierung einer Stelle in der Schulbibliothek k\u00f6nnen rund 1200 Sch\u00fcler im Internet recherchieren und erhalten eine Betreuung beim Auffinden und Ausleihen von B\u00fcchern.<\/p>\n<p>In Freistunden k\u00f6nnen Sch\u00fcler hier ihre Hausaufgaben erledigen, Karten spielen\u00a0oder in einem Buch lesen.<\/p>\n<p>Eine saubere Toilettenanlage ist unseren Sch\u00fclern wichtig. Deshalb wird auch zuk\u00fcnftig das Projekt \u201eBetreute Toilette\u201c vom F\u00f6rderverein finanziell unterst\u00fctzt.\u00a0Durch die Betreuung und Beaufsichtigung der Toilettenanlagen werden Vandalismus und Verunreinigungen weitestgehend verhindert.<\/p>\n<p>Der F\u00f6rderverein ist von seinem Selbstverst\u00e4ndnis her ein Elternverein und ausgerichtet auf die F\u00f6rderung der Kinder. Neben den Mitgliedsbeitr\u00e4gen w\u00fcnscht sich der \u201eVerein der Freunde und F\u00f6rderer der Geschwister-Scholl-Gesamtschule Detmold e.V.\u201c auch in Zukunft ein erh\u00f6htes Engagement und Mithilfe der Eltern bei der Organisation von Schulfesten, Basaren\u00a0oder anderen Aktivit\u00e4ten.<\/p>\n<p>Weiter zu <a title=\"Beitrittserkl\u00e4rung\" href=\"https:\/\/www.old-gss-dt.de\/wordpress\/?page_id=561\">Beitrittserkl\u00e4rung<\/a><\/p>\n<p>Zur\u00fcck zu\u00a0<a title=\"Schule\" href=\"https:\/\/www.old-gss-dt.de\/wordpress\/?page_id=193\">Schule<\/a><\/p>\n<p>&nbsp;<\/p>\n<p>&nbsp;<\/p>\n<p>&nbsp;<\/p>\n<p>&nbsp;<\/p>\n<p>&nbsp;<\/p>\n<p>&nbsp;<\/p>\n<p>&nbsp;<\/p>\n<p>&nbsp;<\/p>\n","protected":false},"excerpt":{"rendered":"<p>Zukunftspl\u00e4ne des F\u00f6rdervereins Auch in Zukunft m\u00f6chte der F\u00f6rderverein\u00a0die bisherigen Aktivit\u00e4ten unterst\u00fctzen. Durch die Finanzierung einer Stelle in der Schulbibliothek k\u00f6nnen rund 1200 Sch\u00fcler im Internet recherchieren und erhalten eine Betreuung beim Auffinden und Ausleihen von B\u00fcchern. In Freistunden k\u00f6nnen &hellip; <a href=\"https:\/\/www.old-gss-dt.de\/wordpress\/zukunftsplane\/\">Continue reading <span class=\"meta-nav\">&rarr;<\/span><\/a><\/p>\n","protected":false},"author":1,"featured_media":0,"parent":0,"menu_order":0,"comment_status":"closed","ping_status":"closed","template":"","meta":[],"_links":{"self":[{"href":"https:\/\/www.old-gss-dt.de\/wordpress\/wp-json\/wp\/v2\/pages\/559"}],"collection":[{"href":"https:\/\/www.old-gss-dt.de\/wordpress\/wp-json\/wp\/v2\/pages"}],"about":[{"href":"https:\/\/www.old-gss-dt.de\/wordpress\/wp-json\/wp\/v2\/types\/page"}],"author":[{"embeddable":true,"href":"https:\/\/www.old-gss-dt.de\/wordpress\/wp-json\/wp\/v2\/users\/1"}],"replies":[{"embeddable":true,"href":"https:\/\/www.old-gss-dt.de\/wordpress\/wp-json\/wp\/v2\/comments?post=559"}],"version-history":[{"count":3,"href":"https:\/\/www.old-gss-dt.de\/wordpress\/wp-json\/wp\/v2\/pages\/559\/revisions"}],"predecessor-version":[{"id":569,"href":"https:\/\/www.old-gss-dt.de\/wordpress\/wp-json\/wp\/v2\/pages\/559\/revisions\/569"}],"wp:attachment":[{"href":"https:\/\/www.old-gss-dt.de\/wordpress\/wp-json\/wp\/v2\/media?parent=559"}],"curies":[{"name":"wp","href":"https:\/\/api.w.org\/{rel}","templated":true}]}}