{"id":555,"date":"2011-07-07T13:11:15","date_gmt":"2011-07-07T11:11:15","guid":{"rendered":"http:\/\/www.gss-dt.de\/wordpress\/?page_id=555"},"modified":"2011-07-07T13:26:36","modified_gmt":"2011-07-07T11:26:36","slug":"aktivitaten-des-fordervereins","status":"publish","type":"page","link":"https:\/\/www.old-gss-dt.de\/wordpress\/aktivitaten-des-fordervereins\/","title":{"rendered":"Aktivit\u00e4ten des F\u00f6rdervereins"},"content":{"rendered":"<h2>Bisherige Aktivit\u00e4ten des F\u00f6rdervereins<\/h2>\n<p>Die gegenw\u00e4rtigen fast 400 F\u00f6rdermitglieder haben mit ihren finanziellen\u00a0Aufwendungen in den letzten Jahren\u00a0in erheblichem Ma\u00df zur Steigerung der\u00a0Aktivit\u00e4ten der Schule beigetragen.<\/p>\n<p>Dazu z\u00e4hlen z.B.:<\/p>\n<ul>\n<li>Anschaffung von Sportger\u00e4ten\u00a0(Fu\u00dfb\u00e4lle, Wave-Boards )<\/li>\n<li>Unterst\u00fctzung der Sch\u00fclervertretungsarbeit (SV)<\/li>\n<li>F\u00f6rderung von Austauschprojekten<\/li>\n<li>Unterst\u00fctzung des Projektes\u00a0\u201cBetreute Toilette\u201c<\/li>\n<li>personelle Unterst\u00fctzung in der\u00a0Schulb\u00fccherei<\/li>\n<li>B\u00fccheranschaffungen<\/li>\n<li>Erwerb von Trikots f\u00fcr die\u00a0Sportmannschaften<\/li>\n<li>Unterst\u00fctzung bei Klassenfahrten<\/li>\n<\/ul>\n<p>Weiter zu <a title=\"Zukunftspl\u00e4ne\" href=\"https:\/\/www.old-gss-dt.de\/wordpress\/?page_id=559\">Zukunftspl\u00e4ne<\/a><\/p>\n<p>Zur\u00fcck zu\u00a0<a title=\"Schule\" href=\"https:\/\/www.old-gss-dt.de\/wordpress\/?page_id=193\">Schule<\/a><\/p>\n<p>&nbsp;<\/p>\n<p>&nbsp;<\/p>\n","protected":false},"excerpt":{"rendered":"<p>Bisherige Aktivit\u00e4ten des F\u00f6rdervereins Die gegenw\u00e4rtigen fast 400 F\u00f6rdermitglieder haben mit ihren finanziellen\u00a0Aufwendungen in den letzten Jahren\u00a0in erheblichem Ma\u00df zur Steigerung der\u00a0Aktivit\u00e4ten der Schule beigetragen. Dazu z\u00e4hlen z.B.: Anschaffung von Sportger\u00e4ten\u00a0(Fu\u00dfb\u00e4lle, Wave-Boards ) Unterst\u00fctzung der Sch\u00fclervertretungsarbeit (SV) F\u00f6rderung von Austauschprojekten &hellip; <a href=\"https:\/\/www.old-gss-dt.de\/wordpress\/aktivitaten-des-fordervereins\/\">Continue reading <span class=\"meta-nav\">&rarr;<\/span><\/a><\/p>\n","protected":false},"author":1,"featured_media":0,"parent":0,"menu_order":0,"comment_status":"closed","ping_status":"closed","template":"","meta":[],"_links":{"self":[{"href":"https:\/\/www.old-gss-dt.de\/wordpress\/wp-json\/wp\/v2\/pages\/555"}],"collection":[{"href":"https:\/\/www.old-gss-dt.de\/wordpress\/wp-json\/wp\/v2\/pages"}],"about":[{"href":"https:\/\/www.old-gss-dt.de\/wordpress\/wp-json\/wp\/v2\/types\/page"}],"author":[{"embeddable":true,"href":"https:\/\/www.old-gss-dt.de\/wordpress\/wp-json\/wp\/v2\/users\/1"}],"replies":[{"embeddable":true,"href":"https:\/\/www.old-gss-dt.de\/wordpress\/wp-json\/wp\/v2\/comments?post=555"}],"version-history":[{"count":5,"href":"https:\/\/www.old-gss-dt.de\/wordpress\/wp-json\/wp\/v2\/pages\/555\/revisions"}],"predecessor-version":[{"id":575,"href":"https:\/\/www.old-gss-dt.de\/wordpress\/wp-json\/wp\/v2\/pages\/555\/revisions\/575"}],"wp:attachment":[{"href":"https:\/\/www.old-gss-dt.de\/wordpress\/wp-json\/wp\/v2\/media?parent=555"}],"curies":[{"name":"wp","href":"https:\/\/api.w.org\/{rel}","templated":true}]}}