{"id":538,"date":"2011-07-06T19:36:29","date_gmt":"2011-07-06T17:36:29","guid":{"rendered":"http:\/\/www.gss-dt.de\/wordpress\/?page_id=538"},"modified":"2011-07-06T19:38:54","modified_gmt":"2011-07-06T17:38:54","slug":"mobiles-atelier","status":"publish","type":"page","link":"https:\/\/www.old-gss-dt.de\/wordpress\/mobiles-atelier\/","title":{"rendered":"Mobiles Atelier"},"content":{"rendered":"<h2>Kunst AG f\u00fcr die Jahrg\u00e4nge 7 und 8<\/h2>\n<p>Wir malen Landschaftsbilder in \u00d6l auf der Staffelei\u00a0mit Pinsel und Palette.<\/p>\n<p>Bei guten Wetter gehen wir nach drau\u00dfen und malen dort.<\/p>\n<p>F\u00fcr schlechtes Wetter machen wir gemeinsam Fotos\u00a0und arbeiten dann im Kunstraum.<\/p>\n<p>Am Ende des Schuljahres findet eine kleine Ausstellung der Arbeiten statt.<\/p>\n<p><a href=\"https:\/\/www.old-gss-dt.de\/wordpress\/wp-content\/uploads\/2011\/07\/2011_Projekt_Atelier_1.jpg\"><img decoding=\"async\" loading=\"lazy\" class=\"alignnone size-large wp-image-539\" title=\"2011_Projekt_Atelier_1\" src=\"https:\/\/www.old-gss-dt.de\/wordpress\/wp-content\/uploads\/2011\/07\/2011_Projekt_Atelier_1-500x374.jpg\" alt=\"\" width=\"500\" height=\"374\" srcset=\"https:\/\/www.old-gss-dt.de\/wordpress\/wp-content\/uploads\/2011\/07\/2011_Projekt_Atelier_1-500x374.jpg 500w, https:\/\/www.old-gss-dt.de\/wordpress\/wp-content\/uploads\/2011\/07\/2011_Projekt_Atelier_1-300x224.jpg 300w, https:\/\/www.old-gss-dt.de\/wordpress\/wp-content\/uploads\/2011\/07\/2011_Projekt_Atelier_1.jpg 615w\" sizes=\"(max-width: 500px) 100vw, 500px\" \/><\/a><\/p>\n<p><a href=\"https:\/\/www.old-gss-dt.de\/wordpress\/wp-content\/uploads\/2011\/07\/2011_Projekt_Atelier_4.jpg\"><img decoding=\"async\" loading=\"lazy\" class=\"alignnone size-large wp-image-540\" title=\"2011_Projekt_Atelier_4\" src=\"https:\/\/www.old-gss-dt.de\/wordpress\/wp-content\/uploads\/2011\/07\/2011_Projekt_Atelier_4-500x374.jpg\" alt=\"\" width=\"500\" height=\"374\" srcset=\"https:\/\/www.old-gss-dt.de\/wordpress\/wp-content\/uploads\/2011\/07\/2011_Projekt_Atelier_4-500x374.jpg 500w, https:\/\/www.old-gss-dt.de\/wordpress\/wp-content\/uploads\/2011\/07\/2011_Projekt_Atelier_4-300x224.jpg 300w, https:\/\/www.old-gss-dt.de\/wordpress\/wp-content\/uploads\/2011\/07\/2011_Projekt_Atelier_4.jpg 615w\" sizes=\"(max-width: 500px) 100vw, 500px\" \/><\/a><\/p>\n<p><a href=\"https:\/\/www.old-gss-dt.de\/wordpress\/wp-content\/uploads\/2011\/07\/2011_Projekt_Atelier_5.jpg\"><img decoding=\"async\" loading=\"lazy\" class=\"alignnone size-large wp-image-541\" title=\"2011_Projekt_Atelier_5\" src=\"https:\/\/www.old-gss-dt.de\/wordpress\/wp-content\/uploads\/2011\/07\/2011_Projekt_Atelier_5-500x338.jpg\" alt=\"\" width=\"500\" height=\"338\" srcset=\"https:\/\/www.old-gss-dt.de\/wordpress\/wp-content\/uploads\/2011\/07\/2011_Projekt_Atelier_5-500x338.jpg 500w, https:\/\/www.old-gss-dt.de\/wordpress\/wp-content\/uploads\/2011\/07\/2011_Projekt_Atelier_5-300x202.jpg 300w, https:\/\/www.old-gss-dt.de\/wordpress\/wp-content\/uploads\/2011\/07\/2011_Projekt_Atelier_5.jpg 769w\" sizes=\"(max-width: 500px) 100vw, 500px\" \/><\/a><\/p>\n","protected":false},"excerpt":{"rendered":"<p>Kunst AG f\u00fcr die Jahrg\u00e4nge 7 und 8 Wir malen Landschaftsbilder in \u00d6l auf der Staffelei\u00a0mit Pinsel und Palette. Bei guten Wetter gehen wir nach drau\u00dfen und malen dort. F\u00fcr schlechtes Wetter machen wir gemeinsam Fotos\u00a0und arbeiten dann im Kunstraum. &hellip; <a href=\"https:\/\/www.old-gss-dt.de\/wordpress\/mobiles-atelier\/\">Continue reading <span class=\"meta-nav\">&rarr;<\/span><\/a><\/p>\n","protected":false},"author":1,"featured_media":0,"parent":0,"menu_order":0,"comment_status":"closed","ping_status":"closed","template":"","meta":[],"_links":{"self":[{"href":"https:\/\/www.old-gss-dt.de\/wordpress\/wp-json\/wp\/v2\/pages\/538"}],"collection":[{"href":"https:\/\/www.old-gss-dt.de\/wordpress\/wp-json\/wp\/v2\/pages"}],"about":[{"href":"https:\/\/www.old-gss-dt.de\/wordpress\/wp-json\/wp\/v2\/types\/page"}],"author":[{"embeddable":true,"href":"https:\/\/www.old-gss-dt.de\/wordpress\/wp-json\/wp\/v2\/users\/1"}],"replies":[{"embeddable":true,"href":"https:\/\/www.old-gss-dt.de\/wordpress\/wp-json\/wp\/v2\/comments?post=538"}],"version-history":[{"count":3,"href":"https:\/\/www.old-gss-dt.de\/wordpress\/wp-json\/wp\/v2\/pages\/538\/revisions"}],"predecessor-version":[{"id":546,"href":"https:\/\/www.old-gss-dt.de\/wordpress\/wp-json\/wp\/v2\/pages\/538\/revisions\/546"}],"wp:attachment":[{"href":"https:\/\/www.old-gss-dt.de\/wordpress\/wp-json\/wp\/v2\/media?parent=538"}],"curies":[{"name":"wp","href":"https:\/\/api.w.org\/{rel}","templated":true}]}}