{"id":5336,"date":"2018-03-08T08:26:42","date_gmt":"2018-03-08T07:26:42","guid":{"rendered":"http:\/\/www.gss-dt.de\/wordpress\/?page_id=5336"},"modified":"2018-03-08T08:26:42","modified_gmt":"2018-03-08T07:26:42","slug":"2018-kunstprojekt","status":"publish","type":"page","link":"https:\/\/www.old-gss-dt.de\/wordpress\/2018-kunstprojekt\/","title":{"rendered":"2018 Kunstprojekt"},"content":{"rendered":"<p>Masken, Figuren und Gesichter \u2013 alles aus Holz (Januar 2018)<\/p>\n<p>Erasmus macht\u2019s m\u00f6glich! In diesem Jahr dreht sich alles um das Thema Holz und f\u00fcr zwei Kunstkurse des Jahrgangs 10\u00a0 unter der Leitung von Frau B\u00fcrgermeister und Herrn Jensen eine ideale Gelegenheit plastisch arbeiten zu k\u00f6nnen. So konnte der K\u00fcnstler Eray Eryazici aus Detmold f\u00fcr ein Projekt ganz besonderer Art gewonnen werden. St\u00fcck f\u00fcr St\u00fcck haben die Sch\u00fclerinnen und Sch\u00fcler mit Herrn Eryazici aus einem St\u00fcck Baumstamm Gesichter, Figuren oder Masken herausgearbeitet.<\/p>\n<div id=\"attachment_5356\" style=\"width: 510px\" class=\"wp-caption alignnone\"><a href=\"https:\/\/www.old-gss-dt.de\/wordpress\/wp-content\/uploads\/2018\/03\/P1050276.jpg\"><img aria-describedby=\"caption-attachment-5356\" decoding=\"async\" loading=\"lazy\" class=\"wp-image-5356 size-full\" src=\"https:\/\/www.old-gss-dt.de\/wordpress\/wp-content\/uploads\/2018\/03\/P1050276.jpg\" alt=\"P1050276\" width=\"500\" height=\"750\" srcset=\"https:\/\/www.old-gss-dt.de\/wordpress\/wp-content\/uploads\/2018\/03\/P1050276.jpg 500w, https:\/\/www.old-gss-dt.de\/wordpress\/wp-content\/uploads\/2018\/03\/P1050276-200x300.jpg 200w, https:\/\/www.old-gss-dt.de\/wordpress\/wp-content\/uploads\/2018\/03\/P1050276-333x500.jpg 333w\" sizes=\"(max-width: 500px) 100vw, 500px\" \/><\/a><p id=\"caption-attachment-5356\" class=\"wp-caption-text\">Der K\u00fcnstler Eray Eryazici<\/p><\/div>\n<p><a href=\"https:\/\/www.old-gss-dt.de\/wordpress\/wp-content\/uploads\/2018\/03\/IMG_0574.jpg\"><img decoding=\"async\" loading=\"lazy\" class=\"alignnone size-full wp-image-5338\" src=\"https:\/\/www.old-gss-dt.de\/wordpress\/wp-content\/uploads\/2018\/03\/IMG_0574.jpg\" alt=\"IMG_0574\" width=\"500\" height=\"375\" srcset=\"https:\/\/www.old-gss-dt.de\/wordpress\/wp-content\/uploads\/2018\/03\/IMG_0574.jpg 500w, https:\/\/www.old-gss-dt.de\/wordpress\/wp-content\/uploads\/2018\/03\/IMG_0574-300x225.jpg 300w\" sizes=\"(max-width: 500px) 100vw, 500px\" \/><\/a> <a href=\"https:\/\/www.old-gss-dt.de\/wordpress\/wp-content\/uploads\/2018\/03\/IMG_0577.jpg\"><img decoding=\"async\" loading=\"lazy\" class=\"alignnone size-full wp-image-5339\" src=\"https:\/\/www.old-gss-dt.de\/wordpress\/wp-content\/uploads\/2018\/03\/IMG_0577.jpg\" alt=\"IMG_0577\" width=\"500\" height=\"375\" srcset=\"https:\/\/www.old-gss-dt.de\/wordpress\/wp-content\/uploads\/2018\/03\/IMG_0577.jpg 500w, https:\/\/www.old-gss-dt.de\/wordpress\/wp-content\/uploads\/2018\/03\/IMG_0577-300x225.jpg 300w\" sizes=\"(max-width: 500px) 100vw, 500px\" \/><\/a> <a href=\"https:\/\/www.old-gss-dt.de\/wordpress\/wp-content\/uploads\/2018\/03\/IMG_0582.jpg\"><img decoding=\"async\" loading=\"lazy\" class=\"alignnone size-full wp-image-5340\" src=\"https:\/\/www.old-gss-dt.de\/wordpress\/wp-content\/uploads\/2018\/03\/IMG_0582.jpg\" alt=\"IMG_0582\" width=\"500\" height=\"667\" srcset=\"https:\/\/www.old-gss-dt.de\/wordpress\/wp-content\/uploads\/2018\/03\/IMG_0582.jpg 500w, https:\/\/www.old-gss-dt.de\/wordpress\/wp-content\/uploads\/2018\/03\/IMG_0582-225x300.jpg 225w, https:\/\/www.old-gss-dt.de\/wordpress\/wp-content\/uploads\/2018\/03\/IMG_0582-375x500.jpg 375w\" sizes=\"(max-width: 500px) 100vw, 500px\" \/><\/a> <a href=\"https:\/\/www.old-gss-dt.de\/wordpress\/wp-content\/uploads\/2018\/03\/IMG_0586.jpg\"><img decoding=\"async\" loading=\"lazy\" class=\"alignnone size-full wp-image-5341\" src=\"https:\/\/www.old-gss-dt.de\/wordpress\/wp-content\/uploads\/2018\/03\/IMG_0586.jpg\" alt=\"IMG_0586\" width=\"500\" height=\"375\" srcset=\"https:\/\/www.old-gss-dt.de\/wordpress\/wp-content\/uploads\/2018\/03\/IMG_0586.jpg 500w, https:\/\/www.old-gss-dt.de\/wordpress\/wp-content\/uploads\/2018\/03\/IMG_0586-300x225.jpg 300w\" sizes=\"(max-width: 500px) 100vw, 500px\" \/><\/a> <a href=\"https:\/\/www.old-gss-dt.de\/wordpress\/wp-content\/uploads\/2018\/03\/IMG_0588.jpg\"><img decoding=\"async\" loading=\"lazy\" class=\"alignnone size-full wp-image-5342\" src=\"https:\/\/www.old-gss-dt.de\/wordpress\/wp-content\/uploads\/2018\/03\/IMG_0588.jpg\" alt=\"IMG_0588\" width=\"500\" height=\"667\" srcset=\"https:\/\/www.old-gss-dt.de\/wordpress\/wp-content\/uploads\/2018\/03\/IMG_0588.jpg 500w, https:\/\/www.old-gss-dt.de\/wordpress\/wp-content\/uploads\/2018\/03\/IMG_0588-225x300.jpg 225w, https:\/\/www.old-gss-dt.de\/wordpress\/wp-content\/uploads\/2018\/03\/IMG_0588-375x500.jpg 375w\" sizes=\"(max-width: 500px) 100vw, 500px\" \/><\/a> <a href=\"https:\/\/www.old-gss-dt.de\/wordpress\/wp-content\/uploads\/2018\/03\/IMG_0591.jpg\"><img decoding=\"async\" loading=\"lazy\" class=\"alignnone size-full wp-image-5343\" src=\"https:\/\/www.old-gss-dt.de\/wordpress\/wp-content\/uploads\/2018\/03\/IMG_0591.jpg\" alt=\"IMG_0591\" width=\"500\" height=\"667\" srcset=\"https:\/\/www.old-gss-dt.de\/wordpress\/wp-content\/uploads\/2018\/03\/IMG_0591.jpg 500w, https:\/\/www.old-gss-dt.de\/wordpress\/wp-content\/uploads\/2018\/03\/IMG_0591-225x300.jpg 225w, https:\/\/www.old-gss-dt.de\/wordpress\/wp-content\/uploads\/2018\/03\/IMG_0591-375x500.jpg 375w\" sizes=\"(max-width: 500px) 100vw, 500px\" \/><\/a> <a href=\"https:\/\/www.old-gss-dt.de\/wordpress\/wp-content\/uploads\/2018\/03\/IMG_0592.jpg\"><img decoding=\"async\" loading=\"lazy\" class=\"alignnone size-full wp-image-5344\" src=\"https:\/\/www.old-gss-dt.de\/wordpress\/wp-content\/uploads\/2018\/03\/IMG_0592.jpg\" alt=\"IMG_0592\" width=\"500\" height=\"667\" srcset=\"https:\/\/www.old-gss-dt.de\/wordpress\/wp-content\/uploads\/2018\/03\/IMG_0592.jpg 500w, https:\/\/www.old-gss-dt.de\/wordpress\/wp-content\/uploads\/2018\/03\/IMG_0592-225x300.jpg 225w, https:\/\/www.old-gss-dt.de\/wordpress\/wp-content\/uploads\/2018\/03\/IMG_0592-375x500.jpg 375w\" sizes=\"(max-width: 500px) 100vw, 500px\" \/><\/a> <a href=\"https:\/\/www.old-gss-dt.de\/wordpress\/wp-content\/uploads\/2018\/03\/IMG_0596.jpg\"><img decoding=\"async\" loading=\"lazy\" class=\"alignnone size-full wp-image-5345\" src=\"https:\/\/www.old-gss-dt.de\/wordpress\/wp-content\/uploads\/2018\/03\/IMG_0596.jpg\" alt=\"IMG_0596\" width=\"500\" height=\"667\" srcset=\"https:\/\/www.old-gss-dt.de\/wordpress\/wp-content\/uploads\/2018\/03\/IMG_0596.jpg 500w, https:\/\/www.old-gss-dt.de\/wordpress\/wp-content\/uploads\/2018\/03\/IMG_0596-225x300.jpg 225w, https:\/\/www.old-gss-dt.de\/wordpress\/wp-content\/uploads\/2018\/03\/IMG_0596-375x500.jpg 375w\" sizes=\"(max-width: 500px) 100vw, 500px\" \/><\/a> <a href=\"https:\/\/www.old-gss-dt.de\/wordpress\/wp-content\/uploads\/2018\/03\/P1050201.jpg\"><img decoding=\"async\" loading=\"lazy\" class=\"alignnone size-full wp-image-5346\" src=\"https:\/\/www.old-gss-dt.de\/wordpress\/wp-content\/uploads\/2018\/03\/P1050201.jpg\" alt=\"P1050201\" width=\"500\" height=\"750\" srcset=\"https:\/\/www.old-gss-dt.de\/wordpress\/wp-content\/uploads\/2018\/03\/P1050201.jpg 500w, https:\/\/www.old-gss-dt.de\/wordpress\/wp-content\/uploads\/2018\/03\/P1050201-200x300.jpg 200w, https:\/\/www.old-gss-dt.de\/wordpress\/wp-content\/uploads\/2018\/03\/P1050201-333x500.jpg 333w\" sizes=\"(max-width: 500px) 100vw, 500px\" \/><\/a> <a href=\"https:\/\/www.old-gss-dt.de\/wordpress\/wp-content\/uploads\/2018\/03\/P1050202.jpg\"><img decoding=\"async\" loading=\"lazy\" class=\"alignnone size-full wp-image-5347\" src=\"https:\/\/www.old-gss-dt.de\/wordpress\/wp-content\/uploads\/2018\/03\/P1050202.jpg\" alt=\"P1050202\" width=\"500\" height=\"333\" srcset=\"https:\/\/www.old-gss-dt.de\/wordpress\/wp-content\/uploads\/2018\/03\/P1050202.jpg 500w, https:\/\/www.old-gss-dt.de\/wordpress\/wp-content\/uploads\/2018\/03\/P1050202-300x200.jpg 300w\" sizes=\"(max-width: 500px) 100vw, 500px\" \/><\/a> <a href=\"https:\/\/www.old-gss-dt.de\/wordpress\/wp-content\/uploads\/2018\/03\/P1050203.jpg\"><img decoding=\"async\" loading=\"lazy\" class=\"alignnone size-full wp-image-5348\" src=\"https:\/\/www.old-gss-dt.de\/wordpress\/wp-content\/uploads\/2018\/03\/P1050203.jpg\" alt=\"P1050203\" width=\"500\" height=\"750\" srcset=\"https:\/\/www.old-gss-dt.de\/wordpress\/wp-content\/uploads\/2018\/03\/P1050203.jpg 500w, https:\/\/www.old-gss-dt.de\/wordpress\/wp-content\/uploads\/2018\/03\/P1050203-200x300.jpg 200w, https:\/\/www.old-gss-dt.de\/wordpress\/wp-content\/uploads\/2018\/03\/P1050203-333x500.jpg 333w\" sizes=\"(max-width: 500px) 100vw, 500px\" \/><\/a> <a href=\"https:\/\/www.old-gss-dt.de\/wordpress\/wp-content\/uploads\/2018\/03\/P1050213.jpg\"><img decoding=\"async\" loading=\"lazy\" class=\"alignnone size-full wp-image-5349\" src=\"https:\/\/www.old-gss-dt.de\/wordpress\/wp-content\/uploads\/2018\/03\/P1050213.jpg\" alt=\"P1050213\" width=\"500\" height=\"750\" srcset=\"https:\/\/www.old-gss-dt.de\/wordpress\/wp-content\/uploads\/2018\/03\/P1050213.jpg 500w, https:\/\/www.old-gss-dt.de\/wordpress\/wp-content\/uploads\/2018\/03\/P1050213-200x300.jpg 200w, https:\/\/www.old-gss-dt.de\/wordpress\/wp-content\/uploads\/2018\/03\/P1050213-333x500.jpg 333w\" sizes=\"(max-width: 500px) 100vw, 500px\" \/><\/a> <a href=\"https:\/\/www.old-gss-dt.de\/wordpress\/wp-content\/uploads\/2018\/03\/P1050233.jpg\"><img decoding=\"async\" loading=\"lazy\" class=\"alignnone size-full wp-image-5350\" src=\"https:\/\/www.old-gss-dt.de\/wordpress\/wp-content\/uploads\/2018\/03\/P1050233.jpg\" alt=\"P1050233\" width=\"500\" height=\"333\" srcset=\"https:\/\/www.old-gss-dt.de\/wordpress\/wp-content\/uploads\/2018\/03\/P1050233.jpg 500w, https:\/\/www.old-gss-dt.de\/wordpress\/wp-content\/uploads\/2018\/03\/P1050233-300x200.jpg 300w\" sizes=\"(max-width: 500px) 100vw, 500px\" \/><\/a> <a href=\"https:\/\/www.old-gss-dt.de\/wordpress\/wp-content\/uploads\/2018\/03\/P1050237.jpg\"><img decoding=\"async\" loading=\"lazy\" class=\"alignnone size-full wp-image-5351\" src=\"https:\/\/www.old-gss-dt.de\/wordpress\/wp-content\/uploads\/2018\/03\/P1050237.jpg\" alt=\"P1050237\" width=\"500\" height=\"333\" srcset=\"https:\/\/www.old-gss-dt.de\/wordpress\/wp-content\/uploads\/2018\/03\/P1050237.jpg 500w, https:\/\/www.old-gss-dt.de\/wordpress\/wp-content\/uploads\/2018\/03\/P1050237-300x200.jpg 300w\" sizes=\"(max-width: 500px) 100vw, 500px\" \/><\/a> <a href=\"https:\/\/www.old-gss-dt.de\/wordpress\/wp-content\/uploads\/2018\/03\/P1050245.jpg\"><img decoding=\"async\" loading=\"lazy\" class=\"alignnone size-full wp-image-5352\" src=\"https:\/\/www.old-gss-dt.de\/wordpress\/wp-content\/uploads\/2018\/03\/P1050245.jpg\" alt=\"P1050245\" width=\"500\" height=\"750\" srcset=\"https:\/\/www.old-gss-dt.de\/wordpress\/wp-content\/uploads\/2018\/03\/P1050245.jpg 500w, https:\/\/www.old-gss-dt.de\/wordpress\/wp-content\/uploads\/2018\/03\/P1050245-200x300.jpg 200w, https:\/\/www.old-gss-dt.de\/wordpress\/wp-content\/uploads\/2018\/03\/P1050245-333x500.jpg 333w\" sizes=\"(max-width: 500px) 100vw, 500px\" \/><\/a> <a href=\"https:\/\/www.old-gss-dt.de\/wordpress\/wp-content\/uploads\/2018\/03\/P1050253.jpg\"><img decoding=\"async\" loading=\"lazy\" class=\"alignnone size-full wp-image-5353\" src=\"https:\/\/www.old-gss-dt.de\/wordpress\/wp-content\/uploads\/2018\/03\/P1050253.jpg\" alt=\"P1050253\" width=\"500\" height=\"333\" srcset=\"https:\/\/www.old-gss-dt.de\/wordpress\/wp-content\/uploads\/2018\/03\/P1050253.jpg 500w, https:\/\/www.old-gss-dt.de\/wordpress\/wp-content\/uploads\/2018\/03\/P1050253-300x200.jpg 300w\" sizes=\"(max-width: 500px) 100vw, 500px\" \/><\/a> <a href=\"https:\/\/www.old-gss-dt.de\/wordpress\/wp-content\/uploads\/2018\/03\/P1050260.jpg\"><img decoding=\"async\" loading=\"lazy\" class=\"alignnone size-full wp-image-5354\" src=\"https:\/\/www.old-gss-dt.de\/wordpress\/wp-content\/uploads\/2018\/03\/P1050260.jpg\" alt=\"P1050260\" width=\"500\" height=\"750\" srcset=\"https:\/\/www.old-gss-dt.de\/wordpress\/wp-content\/uploads\/2018\/03\/P1050260.jpg 500w, https:\/\/www.old-gss-dt.de\/wordpress\/wp-content\/uploads\/2018\/03\/P1050260-200x300.jpg 200w, https:\/\/www.old-gss-dt.de\/wordpress\/wp-content\/uploads\/2018\/03\/P1050260-333x500.jpg 333w\" sizes=\"(max-width: 500px) 100vw, 500px\" \/><\/a> <a href=\"https:\/\/www.old-gss-dt.de\/wordpress\/wp-content\/uploads\/2018\/03\/P1050267.jpg\"><img decoding=\"async\" loading=\"lazy\" class=\"alignnone size-full wp-image-5355\" src=\"https:\/\/www.old-gss-dt.de\/wordpress\/wp-content\/uploads\/2018\/03\/P1050267.jpg\" alt=\"P1050267\" width=\"500\" height=\"750\" srcset=\"https:\/\/www.old-gss-dt.de\/wordpress\/wp-content\/uploads\/2018\/03\/P1050267.jpg 500w, https:\/\/www.old-gss-dt.de\/wordpress\/wp-content\/uploads\/2018\/03\/P1050267-200x300.jpg 200w, https:\/\/www.old-gss-dt.de\/wordpress\/wp-content\/uploads\/2018\/03\/P1050267-333x500.jpg 333w\" sizes=\"(max-width: 500px) 100vw, 500px\" \/><\/a> <a href=\"https:\/\/www.old-gss-dt.de\/wordpress\/wp-content\/uploads\/2018\/03\/P1050302.jpg\"><img decoding=\"async\" loading=\"lazy\" class=\"alignnone size-full wp-image-5357\" src=\"https:\/\/www.old-gss-dt.de\/wordpress\/wp-content\/uploads\/2018\/03\/P1050302.jpg\" alt=\"P1050302\" width=\"500\" height=\"750\" srcset=\"https:\/\/www.old-gss-dt.de\/wordpress\/wp-content\/uploads\/2018\/03\/P1050302.jpg 500w, https:\/\/www.old-gss-dt.de\/wordpress\/wp-content\/uploads\/2018\/03\/P1050302-200x300.jpg 200w, https:\/\/www.old-gss-dt.de\/wordpress\/wp-content\/uploads\/2018\/03\/P1050302-333x500.jpg 333w\" sizes=\"(max-width: 500px) 100vw, 500px\" \/><\/a> <a href=\"https:\/\/www.old-gss-dt.de\/wordpress\/wp-content\/uploads\/2018\/03\/P1050305.jpg\"><img decoding=\"async\" loading=\"lazy\" class=\"alignnone size-full wp-image-5358\" src=\"https:\/\/www.old-gss-dt.de\/wordpress\/wp-content\/uploads\/2018\/03\/P1050305.jpg\" alt=\"P1050305\" width=\"500\" height=\"750\" srcset=\"https:\/\/www.old-gss-dt.de\/wordpress\/wp-content\/uploads\/2018\/03\/P1050305.jpg 500w, https:\/\/www.old-gss-dt.de\/wordpress\/wp-content\/uploads\/2018\/03\/P1050305-200x300.jpg 200w, https:\/\/www.old-gss-dt.de\/wordpress\/wp-content\/uploads\/2018\/03\/P1050305-333x500.jpg 333w\" sizes=\"(max-width: 500px) 100vw, 500px\" \/><\/a> <a href=\"https:\/\/www.old-gss-dt.de\/wordpress\/wp-content\/uploads\/2018\/03\/P1050311.jpg\"><img decoding=\"async\" loading=\"lazy\" class=\"alignnone size-full wp-image-5359\" src=\"https:\/\/www.old-gss-dt.de\/wordpress\/wp-content\/uploads\/2018\/03\/P1050311.jpg\" alt=\"P1050311\" width=\"500\" height=\"750\" srcset=\"https:\/\/www.old-gss-dt.de\/wordpress\/wp-content\/uploads\/2018\/03\/P1050311.jpg 500w, https:\/\/www.old-gss-dt.de\/wordpress\/wp-content\/uploads\/2018\/03\/P1050311-200x300.jpg 200w, https:\/\/www.old-gss-dt.de\/wordpress\/wp-content\/uploads\/2018\/03\/P1050311-333x500.jpg 333w\" sizes=\"(max-width: 500px) 100vw, 500px\" \/><\/a> <a href=\"https:\/\/www.old-gss-dt.de\/wordpress\/wp-content\/uploads\/2018\/03\/P1050317.jpg\"><img decoding=\"async\" loading=\"lazy\" class=\"alignnone size-full wp-image-5360\" src=\"https:\/\/www.old-gss-dt.de\/wordpress\/wp-content\/uploads\/2018\/03\/P1050317.jpg\" alt=\"P1050317\" width=\"500\" height=\"333\" srcset=\"https:\/\/www.old-gss-dt.de\/wordpress\/wp-content\/uploads\/2018\/03\/P1050317.jpg 500w, https:\/\/www.old-gss-dt.de\/wordpress\/wp-content\/uploads\/2018\/03\/P1050317-300x200.jpg 300w\" sizes=\"(max-width: 500px) 100vw, 500px\" \/><\/a> <a href=\"https:\/\/www.old-gss-dt.de\/wordpress\/wp-content\/uploads\/2018\/03\/P1050323.jpg\"><img decoding=\"async\" loading=\"lazy\" class=\"alignnone size-full wp-image-5361\" src=\"https:\/\/www.old-gss-dt.de\/wordpress\/wp-content\/uploads\/2018\/03\/P1050323.jpg\" alt=\"P1050323\" width=\"500\" height=\"750\" srcset=\"https:\/\/www.old-gss-dt.de\/wordpress\/wp-content\/uploads\/2018\/03\/P1050323.jpg 500w, https:\/\/www.old-gss-dt.de\/wordpress\/wp-content\/uploads\/2018\/03\/P1050323-200x300.jpg 200w, https:\/\/www.old-gss-dt.de\/wordpress\/wp-content\/uploads\/2018\/03\/P1050323-333x500.jpg 333w\" sizes=\"(max-width: 500px) 100vw, 500px\" \/><\/a> <a href=\"https:\/\/www.old-gss-dt.de\/wordpress\/wp-content\/uploads\/2018\/03\/P1050349.jpg\"><img decoding=\"async\" loading=\"lazy\" class=\"alignnone size-full wp-image-5362\" src=\"https:\/\/www.old-gss-dt.de\/wordpress\/wp-content\/uploads\/2018\/03\/P1050349.jpg\" alt=\"P1050349\" width=\"500\" height=\"750\" srcset=\"https:\/\/www.old-gss-dt.de\/wordpress\/wp-content\/uploads\/2018\/03\/P1050349.jpg 500w, https:\/\/www.old-gss-dt.de\/wordpress\/wp-content\/uploads\/2018\/03\/P1050349-200x300.jpg 200w, https:\/\/www.old-gss-dt.de\/wordpress\/wp-content\/uploads\/2018\/03\/P1050349-333x500.jpg 333w\" sizes=\"(max-width: 500px) 100vw, 500px\" \/><\/a> <a href=\"https:\/\/www.old-gss-dt.de\/wordpress\/wp-content\/uploads\/2018\/03\/P1050350.jpg\"><img decoding=\"async\" loading=\"lazy\" class=\"alignnone size-full wp-image-5363\" src=\"https:\/\/www.old-gss-dt.de\/wordpress\/wp-content\/uploads\/2018\/03\/P1050350.jpg\" alt=\"P1050350\" width=\"500\" height=\"333\" srcset=\"https:\/\/www.old-gss-dt.de\/wordpress\/wp-content\/uploads\/2018\/03\/P1050350.jpg 500w, https:\/\/www.old-gss-dt.de\/wordpress\/wp-content\/uploads\/2018\/03\/P1050350-300x200.jpg 300w\" sizes=\"(max-width: 500px) 100vw, 500px\" \/><\/a><\/p>\n","protected":false},"excerpt":{"rendered":"<p>Masken, Figuren und Gesichter \u2013 alles aus Holz (Januar 2018) Erasmus macht\u2019s m\u00f6glich! In diesem Jahr dreht sich alles um das Thema Holz und f\u00fcr zwei Kunstkurse des Jahrgangs 10\u00a0 unter der Leitung von Frau B\u00fcrgermeister und Herrn Jensen eine &hellip; <a href=\"https:\/\/www.old-gss-dt.de\/wordpress\/2018-kunstprojekt\/\">Continue reading <span class=\"meta-nav\">&rarr;<\/span><\/a><\/p>\n","protected":false},"author":1,"featured_media":0,"parent":0,"menu_order":0,"comment_status":"closed","ping_status":"closed","template":"","meta":[],"_links":{"self":[{"href":"https:\/\/www.old-gss-dt.de\/wordpress\/wp-json\/wp\/v2\/pages\/5336"}],"collection":[{"href":"https:\/\/www.old-gss-dt.de\/wordpress\/wp-json\/wp\/v2\/pages"}],"about":[{"href":"https:\/\/www.old-gss-dt.de\/wordpress\/wp-json\/wp\/v2\/types\/page"}],"author":[{"embeddable":true,"href":"https:\/\/www.old-gss-dt.de\/wordpress\/wp-json\/wp\/v2\/users\/1"}],"replies":[{"embeddable":true,"href":"https:\/\/www.old-gss-dt.de\/wordpress\/wp-json\/wp\/v2\/comments?post=5336"}],"version-history":[{"count":2,"href":"https:\/\/www.old-gss-dt.de\/wordpress\/wp-json\/wp\/v2\/pages\/5336\/revisions"}],"predecessor-version":[{"id":5364,"href":"https:\/\/www.old-gss-dt.de\/wordpress\/wp-json\/wp\/v2\/pages\/5336\/revisions\/5364"}],"wp:attachment":[{"href":"https:\/\/www.old-gss-dt.de\/wordpress\/wp-json\/wp\/v2\/media?parent=5336"}],"curies":[{"name":"wp","href":"https:\/\/api.w.org\/{rel}","templated":true}]}}