{"id":4517,"date":"2016-12-20T20:26:59","date_gmt":"2016-12-20T19:26:59","guid":{"rendered":"http:\/\/www.gss-dt.de\/wordpress\/?page_id=4517"},"modified":"2016-12-20T20:27:49","modified_gmt":"2016-12-20T19:27:49","slug":"einfuehrungsphase-jahrgang-11","status":"publish","type":"page","link":"https:\/\/www.old-gss-dt.de\/wordpress\/einfuehrungsphase-jahrgang-11\/","title":{"rendered":"Einf\u00fchrungsphase (Jahrgang 11)"},"content":{"rendered":"<ul>\n<li>Einf\u00fchrungsveranstaltung Studien- und Berufsorientierung, Vorstellung des Konzepts (Eltern und Sch\u00fcler)<\/li>\n<li>Erste individuelle Orientierungsgespr\u00e4che, Zielvereinbarungen, protokollierte Standortgespr\u00e4che<\/li>\n<li>Beratung und Betreuung freiwilliger Praktika<\/li>\n<li>Projekt Dimension 21 \u2013 Abi und dann weiter? (Nachbesprechung zu Beginn der Q1)<\/li>\n<li>Besondere Beratung f\u00fcr Sch\u00fcler die nach der EF abgehen (Abbruchmanagement)<\/li>\n<\/ul>\n<p>&nbsp;<\/p>\n<p>Zur\u00fcck zu\u00a0<a title=\"BO in der Sek II\" href=\"https:\/\/www.old-gss-dt.de\/wordpress\/?page_id=157\">BO Sek II<\/a><\/p>\n","protected":false},"excerpt":{"rendered":"<p>Einf\u00fchrungsveranstaltung Studien- und Berufsorientierung, Vorstellung des Konzepts (Eltern und Sch\u00fcler) Erste individuelle Orientierungsgespr\u00e4che, Zielvereinbarungen, protokollierte Standortgespr\u00e4che Beratung und Betreuung freiwilliger Praktika Projekt Dimension 21 \u2013 Abi und dann weiter? (Nachbesprechung zu Beginn der Q1) Besondere Beratung f\u00fcr Sch\u00fcler die nach &hellip; <a href=\"https:\/\/www.old-gss-dt.de\/wordpress\/einfuehrungsphase-jahrgang-11\/\">Continue reading <span class=\"meta-nav\">&rarr;<\/span><\/a><\/p>\n","protected":false},"author":1,"featured_media":0,"parent":0,"menu_order":0,"comment_status":"closed","ping_status":"closed","template":"","meta":[],"_links":{"self":[{"href":"https:\/\/www.old-gss-dt.de\/wordpress\/wp-json\/wp\/v2\/pages\/4517"}],"collection":[{"href":"https:\/\/www.old-gss-dt.de\/wordpress\/wp-json\/wp\/v2\/pages"}],"about":[{"href":"https:\/\/www.old-gss-dt.de\/wordpress\/wp-json\/wp\/v2\/types\/page"}],"author":[{"embeddable":true,"href":"https:\/\/www.old-gss-dt.de\/wordpress\/wp-json\/wp\/v2\/users\/1"}],"replies":[{"embeddable":true,"href":"https:\/\/www.old-gss-dt.de\/wordpress\/wp-json\/wp\/v2\/comments?post=4517"}],"version-history":[{"count":2,"href":"https:\/\/www.old-gss-dt.de\/wordpress\/wp-json\/wp\/v2\/pages\/4517\/revisions"}],"predecessor-version":[{"id":4519,"href":"https:\/\/www.old-gss-dt.de\/wordpress\/wp-json\/wp\/v2\/pages\/4517\/revisions\/4519"}],"wp:attachment":[{"href":"https:\/\/www.old-gss-dt.de\/wordpress\/wp-json\/wp\/v2\/media?parent=4517"}],"curies":[{"name":"wp","href":"https:\/\/api.w.org\/{rel}","templated":true}]}}