{"id":447,"date":"2011-07-04T18:33:16","date_gmt":"2011-07-04T16:33:16","guid":{"rendered":"http:\/\/www.gss-dt.de\/wordpress\/?page_id=447"},"modified":"2016-08-30T14:09:25","modified_gmt":"2016-08-30T12:09:25","slug":"gemeinsamer-unterricht","status":"publish","type":"page","link":"https:\/\/www.old-gss-dt.de\/wordpress\/gemeinsamer-unterricht\/","title":{"rendered":"Gemeinsames Lernen"},"content":{"rendered":"<p class=\"western\"><span style=\"font-size: medium;\">Die <\/span><span style=\"font-size: medium;\"><b>Leitidee der Geschwister-Scholl-Schule<\/b><\/span><span style=\"font-size: medium;\"> \u201eEine Schule f\u00fcr Alle\u201c impliziert, dass die Heterogenit\u00e4t der Gesellschaft auch in der Zusammensetzung unserer Sch\u00fclerschaft abgebildet ist.<\/span><\/p>\n<p class=\"western\"><span style=\"font-size: medium;\">Die <\/span><span style=\"font-size: medium;\"><b>Anerkennung von Heterogenit\u00e4t<\/b><\/span><span style=\"font-size: medium;\"> ist ein Kernpunkt unseres Schulprogramms. Im Gemeinsamen Lernen wird er in besonderer Weise realisiert, indem er ein gemeinsames Lebens- und Lernfeld f\u00fcr Kinder und Jugendliche mit und ohne Beeintr\u00e4chtigungen bietet.<\/span><\/p>\n<p class=\"western\"><a href=\"https:\/\/www.old-gss-dt.de\/wordpress\/wp-admin\/post.php?post=4214&amp;action=edit&amp;message=1\">1. Grundlagen<\/a><\/p>\n<p class=\"western\"><a href=\"https:\/\/www.old-gss-dt.de\/wordpress\/?page_id=4218\">2. Umsetzung<\/a><\/p>\n<p class=\"western\"><a href=\"https:\/\/www.old-gss-dt.de\/wordpress\/?page_id=4221\">3. Strukturierung der Zusammenarbeit<\/a><\/p>\n<p class=\"western\"><a href=\"https:\/\/www.old-gss-dt.de\/wordpress\/?page_id=4224\">4. Organisation<\/a><\/p>\n","protected":false},"excerpt":{"rendered":"<p>Die Leitidee der Geschwister-Scholl-Schule \u201eEine Schule f\u00fcr Alle\u201c impliziert, dass die Heterogenit\u00e4t der Gesellschaft auch in der Zusammensetzung unserer Sch\u00fclerschaft abgebildet ist. Die Anerkennung von Heterogenit\u00e4t ist ein Kernpunkt unseres Schulprogramms. Im Gemeinsamen Lernen wird er in besonderer Weise realisiert, &hellip; <a href=\"https:\/\/www.old-gss-dt.de\/wordpress\/gemeinsamer-unterricht\/\">Continue reading <span class=\"meta-nav\">&rarr;<\/span><\/a><\/p>\n","protected":false},"author":1,"featured_media":0,"parent":0,"menu_order":0,"comment_status":"closed","ping_status":"closed","template":"","meta":[],"_links":{"self":[{"href":"https:\/\/www.old-gss-dt.de\/wordpress\/wp-json\/wp\/v2\/pages\/447"}],"collection":[{"href":"https:\/\/www.old-gss-dt.de\/wordpress\/wp-json\/wp\/v2\/pages"}],"about":[{"href":"https:\/\/www.old-gss-dt.de\/wordpress\/wp-json\/wp\/v2\/types\/page"}],"author":[{"embeddable":true,"href":"https:\/\/www.old-gss-dt.de\/wordpress\/wp-json\/wp\/v2\/users\/1"}],"replies":[{"embeddable":true,"href":"https:\/\/www.old-gss-dt.de\/wordpress\/wp-json\/wp\/v2\/comments?post=447"}],"version-history":[{"count":17,"href":"https:\/\/www.old-gss-dt.de\/wordpress\/wp-json\/wp\/v2\/pages\/447\/revisions"}],"predecessor-version":[{"id":4230,"href":"https:\/\/www.old-gss-dt.de\/wordpress\/wp-json\/wp\/v2\/pages\/447\/revisions\/4230"}],"wp:attachment":[{"href":"https:\/\/www.old-gss-dt.de\/wordpress\/wp-json\/wp\/v2\/media?parent=447"}],"curies":[{"name":"wp","href":"https:\/\/api.w.org\/{rel}","templated":true}]}}