{"id":437,"date":"2011-07-04T18:04:14","date_gmt":"2011-07-04T16:04:14","guid":{"rendered":"http:\/\/www.gss-dt.de\/wordpress\/?page_id=437"},"modified":"2011-07-04T18:04:14","modified_gmt":"2011-07-04T16:04:14","slug":"kleintiere","status":"publish","type":"page","link":"https:\/\/www.old-gss-dt.de\/wordpress\/kleintiere\/","title":{"rendered":"Kleintiere"},"content":{"rendered":"<div id=\"mainContent\">\n<div id=\"c89\">\n<div>\n<div>\n<div>\n<h2>Kleintierzoo in der Schule<\/h2>\n<div class=\"mceTemp\">\n<dl id=\"attachment_416\" class=\"wp-caption alignright\" style=\"width: 310px;\">\n<dt><a href=\"https:\/\/www.old-gss-dt.de\/wordpress\/wp-content\/uploads\/2011\/07\/2010_Projekt_Salamander.jpg\"><img decoding=\"async\" loading=\"lazy\" title=\"2010_Projekt_Salamander\" src=\"https:\/\/www.old-gss-dt.de\/wordpress\/wp-content\/uploads\/2011\/07\/2010_Projekt_Salamander.jpg\" alt=\"\" width=\"300\" height=\"263\" \/><\/a><\/dt>\n<\/dl>\n<\/div>\n<p>Bei Aufr\u00e4umarbeiten im kleinen Innenhof der Schule wurden pr\u00e4historischeTiere entdeckt<\/p>\n<\/div>\n<div>\n<p>\u201eKennst du den Teich an unserer Schule?\u201c \u201eWo ist der denn?\u201c \u201eNa, auf halbem Weg zur K\u00fcche, in dem kleinen Innenhof.\u201c \u201eAch da, aber den sieht man doch gar nicht!\u201c<\/p>\n<\/div>\n<div>\n<p>Richtig, das stimmt, dachte sich Frau Selle, die t\u00e4glich an diesem Biotop vorbeigeht und den Urwald dort sieht. Warum nicht ein Projekt \u201ePimp your Innenhof\u201c anbieten? Gesagt, getan. Zehn naturbegeisterte Sch\u00fclerinnen und Sch\u00fcler fanden sich und legten tatkr\u00e4ftig Hand an . Mit Hacke, Ast- und Rosenschere, mit Spaten und Rechen r\u00fcckten sie dem Gestr\u00fcpp auf die Pelle, schnitten hier, gruben dort, pflanzten neue Blumen und gruben alte Pflanzen aus. Ruck zuck lichtete sich der Innenhof und gibt nun den Blick auf den Teich frei.<\/p>\n<\/div>\n<div>\n<p>\u201eUps! Was ist das?\u201c \u201eEi, das gibt\u2019s doch gar nicht! Da l\u00e4uft ja eine Schildkr\u00f6te!\u201c Tats\u00e4chlich, die muss wohl schon l\u00e4nger da wohnen. Wie aber ist sie wohl dahingekommen? Wurde sie von einem Sch\u00fcler ausgesetzt? Oder mutierte ein Fossil unter der Einwirkung magischer Strahlen zu neuem Leben? Wir wissen es nicht, aber sie lebt dort. Und nicht nur sie \u2013 auch ein Feuersalamander konnte am Teich entdeckt werden. Ulkige, uralte Tiere, die blitzschnell in kleinen Mauerritzen verschwinden k\u00f6nnen. Ob wohl noch mehr Tiere zum Vorschein kommen werden?<\/p>\n<\/div>\n<div>\n<p>Bald sind die Arbeiten am Innenhof beendet und alle Sch\u00fclerinnen und Sch\u00fcler d\u00fcrfen sich \u00fcber diesen neuen luftigen Raum freuen.<\/p>\n<\/div>\n<div>\n<p>Und: \u201eEs hat Spa\u00df gemacht, hier drau\u00dfen zu arbeiten.\u201c, so bemerkte eine Projektteilnehmerin. Das ist eben auch Schule!<\/p>\n<\/div>\n<\/div>\n<\/div>\n<\/div>\n<\/div>\n<p>Zur\u00fcck zu\u00a0<a title=\"Projekttage 2010\" href=\"https:\/\/www.old-gss-dt.de\/wordpress\/?page_id=166\">Projekttage 2010<\/a><\/p>\n","protected":false},"excerpt":{"rendered":"<p>Kleintierzoo in der Schule Bei Aufr\u00e4umarbeiten im kleinen Innenhof der Schule wurden pr\u00e4historischeTiere entdeckt \u201eKennst du den Teich an unserer Schule?\u201c \u201eWo ist der denn?\u201c \u201eNa, auf halbem Weg zur K\u00fcche, in dem kleinen Innenhof.\u201c \u201eAch da, aber den sieht &hellip; <a href=\"https:\/\/www.old-gss-dt.de\/wordpress\/kleintiere\/\">Continue reading <span class=\"meta-nav\">&rarr;<\/span><\/a><\/p>\n","protected":false},"author":1,"featured_media":0,"parent":0,"menu_order":0,"comment_status":"closed","ping_status":"closed","template":"","meta":[],"_links":{"self":[{"href":"https:\/\/www.old-gss-dt.de\/wordpress\/wp-json\/wp\/v2\/pages\/437"}],"collection":[{"href":"https:\/\/www.old-gss-dt.de\/wordpress\/wp-json\/wp\/v2\/pages"}],"about":[{"href":"https:\/\/www.old-gss-dt.de\/wordpress\/wp-json\/wp\/v2\/types\/page"}],"author":[{"embeddable":true,"href":"https:\/\/www.old-gss-dt.de\/wordpress\/wp-json\/wp\/v2\/users\/1"}],"replies":[{"embeddable":true,"href":"https:\/\/www.old-gss-dt.de\/wordpress\/wp-json\/wp\/v2\/comments?post=437"}],"version-history":[{"count":2,"href":"https:\/\/www.old-gss-dt.de\/wordpress\/wp-json\/wp\/v2\/pages\/437\/revisions"}],"predecessor-version":[{"id":440,"href":"https:\/\/www.old-gss-dt.de\/wordpress\/wp-json\/wp\/v2\/pages\/437\/revisions\/440"}],"wp:attachment":[{"href":"https:\/\/www.old-gss-dt.de\/wordpress\/wp-json\/wp\/v2\/media?parent=437"}],"curies":[{"name":"wp","href":"https:\/\/api.w.org\/{rel}","templated":true}]}}