{"id":430,"date":"2011-07-04T17:56:46","date_gmt":"2011-07-04T15:56:46","guid":{"rendered":"http:\/\/www.gss-dt.de\/wordpress\/?page_id=430"},"modified":"2011-07-04T17:57:18","modified_gmt":"2011-07-04T15:57:18","slug":"wandmalerei","status":"publish","type":"page","link":"https:\/\/www.old-gss-dt.de\/wordpress\/wandmalerei\/","title":{"rendered":"Wandmalerei"},"content":{"rendered":"<div>\n<h2><span style=\"color: #000000;\">Die Wandgestaltung<\/span><\/h2>\n<\/div>\n<div>\n<p><span style=\"color: #000000;\">In diesem Projekt ging es um W\u00e4nde unseres Schulgeb\u00e4udes, die von den Teilnehmern zuerst wei\u00df gemacht und dann farbig gestaltet werden sollten. Ziel war es, die tristen W\u00e4nde sch\u00f6ner zu machen, indem sie mit Mustern, Bildern und Graffitis verziert wurden.<\/span><\/p>\n<\/div>\n<div>\n<p><span style=\"color: #000000;\">Teilnehmen durften Sch\u00fcler aus den 5.und 6. Klassen. Insgesamt 21 Sch\u00fclerinnen und Sch\u00fcler nahmen teil. Betreut wurde die Gruppe von Herrn Bartsch.<\/span><\/p>\n<\/div>\n<div>\n<p><span style=\"color: #000000;\">Die Projektteilnehmer mussten daf\u00fcr in die eigene Tasche greifen: Sie bezahlten 10 Euro pro Person, um die Farben kaufen zu k\u00f6nnen. Die Sch\u00fcler mussten Arbeitssachen anziehen, die sie selber von zu Hause mitbrachten.<\/span><\/p>\n<\/div>\n<p>Zur\u00fcck zu <a title=\"Projekttage 2010\" href=\"https:\/\/www.old-gss-dt.de\/wordpress\/?page_id=166\">Projekttage 2010<\/a><\/p>\n","protected":false},"excerpt":{"rendered":"<p>Die Wandgestaltung In diesem Projekt ging es um W\u00e4nde unseres Schulgeb\u00e4udes, die von den Teilnehmern zuerst wei\u00df gemacht und dann farbig gestaltet werden sollten. Ziel war es, die tristen W\u00e4nde sch\u00f6ner zu machen, indem sie mit Mustern, Bildern und Graffitis &hellip; <a href=\"https:\/\/www.old-gss-dt.de\/wordpress\/wandmalerei\/\">Continue reading <span class=\"meta-nav\">&rarr;<\/span><\/a><\/p>\n","protected":false},"author":1,"featured_media":0,"parent":0,"menu_order":0,"comment_status":"closed","ping_status":"closed","template":"","meta":[],"_links":{"self":[{"href":"https:\/\/www.old-gss-dt.de\/wordpress\/wp-json\/wp\/v2\/pages\/430"}],"collection":[{"href":"https:\/\/www.old-gss-dt.de\/wordpress\/wp-json\/wp\/v2\/pages"}],"about":[{"href":"https:\/\/www.old-gss-dt.de\/wordpress\/wp-json\/wp\/v2\/types\/page"}],"author":[{"embeddable":true,"href":"https:\/\/www.old-gss-dt.de\/wordpress\/wp-json\/wp\/v2\/users\/1"}],"replies":[{"embeddable":true,"href":"https:\/\/www.old-gss-dt.de\/wordpress\/wp-json\/wp\/v2\/comments?post=430"}],"version-history":[{"count":2,"href":"https:\/\/www.old-gss-dt.de\/wordpress\/wp-json\/wp\/v2\/pages\/430\/revisions"}],"predecessor-version":[{"id":432,"href":"https:\/\/www.old-gss-dt.de\/wordpress\/wp-json\/wp\/v2\/pages\/430\/revisions\/432"}],"wp:attachment":[{"href":"https:\/\/www.old-gss-dt.de\/wordpress\/wp-json\/wp\/v2\/media?parent=430"}],"curies":[{"name":"wp","href":"https:\/\/api.w.org\/{rel}","templated":true}]}}