{"id":426,"date":"2011-07-04T17:54:29","date_gmt":"2011-07-04T15:54:29","guid":{"rendered":"http:\/\/www.gss-dt.de\/wordpress\/?page_id=426"},"modified":"2011-07-04T17:54:29","modified_gmt":"2011-07-04T15:54:29","slug":"pimpmyshirt","status":"publish","type":"page","link":"https:\/\/www.old-gss-dt.de\/wordpress\/pimpmyshirt\/","title":{"rendered":"PimpMyShirt"},"content":{"rendered":"<div>\n<div id=\"attachment_427\" style=\"width: 310px\" class=\"wp-caption alignright\"><a href=\"https:\/\/www.old-gss-dt.de\/wordpress\/wp-content\/uploads\/2011\/07\/2010_Projekt_PimpMyShirt.jpg\"><img aria-describedby=\"caption-attachment-427\" decoding=\"async\" loading=\"lazy\" class=\"size-medium wp-image-427\" title=\"2010_Projekt_PimpMyShirt\" src=\"https:\/\/www.old-gss-dt.de\/wordpress\/wp-content\/uploads\/2011\/07\/2010_Projekt_PimpMyShirt-300x225.jpg\" alt=\"\" width=\"300\" height=\"225\" srcset=\"https:\/\/www.old-gss-dt.de\/wordpress\/wp-content\/uploads\/2011\/07\/2010_Projekt_PimpMyShirt-300x225.jpg 300w, https:\/\/www.old-gss-dt.de\/wordpress\/wp-content\/uploads\/2011\/07\/2010_Projekt_PimpMyShirt-500x375.jpg 500w, https:\/\/www.old-gss-dt.de\/wordpress\/wp-content\/uploads\/2011\/07\/2010_Projekt_PimpMyShirt.jpg 600w\" sizes=\"(max-width: 300px) 100vw, 300px\" \/><\/a><p id=\"caption-attachment-427\" class=\"wp-caption-text\">Sch\u00fclerinnen beim Bemalen der &quot;gepimpten&quot; T-Shirts<\/p><\/div>\n<p>Das war rekordverd\u00e4chtig: Mehr als 300 Anmeldungen f\u00fcr ein einzelnes Projekt \u00fcberraschte sogar die Lehrer! Sie mussten ausw\u00e4hlen und entschieden sich f\u00fcr die Sch\u00fcler aus den 5. und 6. Klassen. Am Schluss konnten so nur 27 Sch\u00fcler mitmachen. Viele waren entt\u00e4uscht, dass sie nicht genommen wurden.<\/p>\n<\/div>\n<div>\n<p>Wer die Sendungen \u201ePimp my ride\u201c und \u201ePimp my bike\u201c kennt, wei\u00df, worum es in diesem Projekt ging: Hier wurden T-Shirts mit Textilfarbe aufgepeppt. Die Sch\u00fcler brachten ausrangierte Shirts von zu Hause mit, um sie zu veredeln. Aus alt wurde neu: Langweilige wei\u00dfe oder einfarbige T-Shirts ohne Muster erhielten ein neues, cooles Outfit. Die Teilnehmer hatten daran Spa\u00df, ihre alten Klamotten mit flotten Spr\u00fcchen, lustigen Smileys und bunten Mustern zu verzieren.<\/p>\n<\/div>\n<div>\n<p>Am zweitem Projekttag gingen die Sch\u00fclerrinnen und Sch\u00fcler ins Freilichtmuseum, um dort an einem Workshop \u00fcber die Neugestaltung alter Schuhe teilzunehmen.<\/p>\n<\/div>\n<p>Zur\u00fcck zu <a title=\"Projekttage 2010\" href=\"https:\/\/www.old-gss-dt.de\/wordpress\/?page_id=166\">Projekttage 2010<\/a><\/p>\n","protected":false},"excerpt":{"rendered":"<p>Das war rekordverd\u00e4chtig: Mehr als 300 Anmeldungen f\u00fcr ein einzelnes Projekt \u00fcberraschte sogar die Lehrer! Sie mussten ausw\u00e4hlen und entschieden sich f\u00fcr die Sch\u00fcler aus den 5. und 6. Klassen. Am Schluss konnten so nur 27 Sch\u00fcler mitmachen. Viele waren &hellip; <a href=\"https:\/\/www.old-gss-dt.de\/wordpress\/pimpmyshirt\/\">Continue reading <span class=\"meta-nav\">&rarr;<\/span><\/a><\/p>\n","protected":false},"author":1,"featured_media":0,"parent":0,"menu_order":0,"comment_status":"closed","ping_status":"closed","template":"","meta":[],"_links":{"self":[{"href":"https:\/\/www.old-gss-dt.de\/wordpress\/wp-json\/wp\/v2\/pages\/426"}],"collection":[{"href":"https:\/\/www.old-gss-dt.de\/wordpress\/wp-json\/wp\/v2\/pages"}],"about":[{"href":"https:\/\/www.old-gss-dt.de\/wordpress\/wp-json\/wp\/v2\/types\/page"}],"author":[{"embeddable":true,"href":"https:\/\/www.old-gss-dt.de\/wordpress\/wp-json\/wp\/v2\/users\/1"}],"replies":[{"embeddable":true,"href":"https:\/\/www.old-gss-dt.de\/wordpress\/wp-json\/wp\/v2\/comments?post=426"}],"version-history":[{"count":1,"href":"https:\/\/www.old-gss-dt.de\/wordpress\/wp-json\/wp\/v2\/pages\/426\/revisions"}],"predecessor-version":[{"id":428,"href":"https:\/\/www.old-gss-dt.de\/wordpress\/wp-json\/wp\/v2\/pages\/426\/revisions\/428"}],"wp:attachment":[{"href":"https:\/\/www.old-gss-dt.de\/wordpress\/wp-json\/wp\/v2\/media?parent=426"}],"curies":[{"name":"wp","href":"https:\/\/api.w.org\/{rel}","templated":true}]}}