{"id":4224,"date":"2016-08-30T14:03:17","date_gmt":"2016-08-30T12:03:17","guid":{"rendered":"http:\/\/www.gss-dt.de\/wordpress\/?page_id=4224"},"modified":"2016-08-30T14:03:17","modified_gmt":"2016-08-30T12:03:17","slug":"4-organisation","status":"publish","type":"page","link":"https:\/\/www.old-gss-dt.de\/wordpress\/4-organisation\/","title":{"rendered":"4. Organisation"},"content":{"rendered":"<p class=\"western\"><span style=\"font-size: medium;\">Die verschiedenen Organisationsebenen, die das erfolgreiche Lernen f\u00fcr die Sch\u00fcler mit sonderp\u00e4dagogischem Unterst\u00fctzungsbedarf beeinflussen, machen gemeinsame Intentionen und Absprachen des Schultr\u00e4gers, der Schulaufsicht, der Schulleitung und der Lehrkr\u00e4fte notwendig.<br \/>\nDie Koordination des Gemeinsamen Unterrichts wird an der GSS zurzeit von der Koordinatorin f\u00fcr Gemeinsames Lernen als Querschnittsaufgabe in der Sek I ausgef\u00fcllt. <\/span><\/p>\n<p class=\"western\"><span style=\"font-size: medium;\">Die Aufgaben der weiteren Beteiligten sind:<\/span><\/p>\n<p class=\"western\"><strong><span style=\"color: #00000a;\"><span style=\"font-size: medium;\">Schultr\u00e4ger:<\/span><\/span><\/strong><br \/>\n<span style=\"font-size: medium;\">Die Stadt Detmold stellt ein Budget bereit, mit dem die materielle Ausstattung erweitert werden soll. Weiterhin stehen z.Z. f\u00fcnf Gruppenr\u00e4ume zur Verf\u00fcgung, die f\u00fcr Differenzierungsma\u00dfnahmen genutzt werden.<\/span><\/p>\n<p class=\"western\"><span style=\"font-size: medium;\">Die Besch\u00e4ftigung einer Erzieherin mit einer halben Stelle erm\u00f6glicht, dass die Sch\u00fcler mit sonderp\u00e4dagogischem Unterst\u00fctzungsbedarf teilweise auch in au\u00dferunterrichtlichen Zeiten betreut sind.<\/span><\/p>\n<p class=\"western\"><span style=\"font-size: medium;\">Der Schultr\u00e4ger organisiert und finanziert einen Sch\u00fclerspezialverkehr f\u00fcr die Sch\u00fcler mit sonderp\u00e4dagogischem F\u00f6rderbedarf, die ihren Schulweg nicht selbstst\u00e4ndig zur\u00fccklegen k\u00f6nnen.<\/span><\/p>\n<p class=\"western\"><span style=\"font-size: medium;\">Unsere Schule ist barrierefrei. Bei uns k\u00f6nnen SuS mit k\u00f6rperlichen und motorischen Handicaps beschult werden.<\/span><\/p>\n<p class=\"western\"><strong><span style=\"color: #00000a;\"><span style=\"font-size: medium;\">Schulaufsicht:<\/span><\/span><\/strong><br \/>\n<span style=\"font-size: medium;\">Die Berechnung der sonderp\u00e4dagogischen Lehrkr\u00e4fte erfolgt gem\u00e4\u00df der Budgetierung durch die Schulaufsicht. Die Sch\u00fcler mit sonderp\u00e4dagogischem Unterst\u00fctzungsbedarf z\u00e4hlen auch als Sch\u00fcler im Gesamtschulkapitel.<\/span><\/p>\n<p class=\"western\"><span style=\"font-size: medium;\">Die Schulaufsicht ber\u00e4t die Lehrer und Lehrerinnen in Fragen der Weiterentwicklung des Gemeinsamen Lernens. Daf\u00fcr f\u00fchrt die Fachberaterin des Schulamtes f\u00fcr den Kreis Lippe mindestens einmal im Schuljahr eine Dienstbesprechung f\u00fcr sonderp\u00e4dagogische Lehrkr\u00e4fte im Gemeinsamen Lernen durch. Die Fachberaterinnen der BR stehen dar\u00fcber hinaus f\u00fcr Beratung zur Verf\u00fcgung. Die BR pflegt die Website \u201eInklusion\u201c, auf der die Rechtsgrundlagen und aktuelles Material zum Thema eingestellt sind.<\/span><\/p>\n<p class=\"western\"><strong><span style=\"color: #00000a;\"><span style=\"font-size: medium;\">Die Schulleitung:<\/span><\/span><\/strong><br \/>\n<span style=\"font-size: medium;\">Die Schulleitung vertritt die Interessen und Notwendigkeiten, die sich aus der Heterogenit\u00e4t der Sch\u00fclerschaft ergeben, im Kollegium und beim Schultr\u00e4ger.<\/span><\/p>\n<p class=\"western\"><strong><span style=\"color: #00000a;\"><span style=\"font-size: medium;\">Organisationsleitung:<\/span><\/span><\/strong><br \/>\n<span style=\"font-size: medium;\">Ein besonderer Stellenwert kommt der Stundenplangestaltung sowie der personellen Besetzung der inklusiven Klassen zu. Vorschl\u00e4ge zur Unterrichtsverteilung werden von den Klassenleitungen f\u00fcr ihre Lerngruppen entwickelt und nach Abw\u00e4gung mit gesamtschulischen Notwendigkeiten von der Organisationsleitung nach M\u00f6glichkeit umgesetzt.<\/span><\/p>\n<p class=\"western\"><strong><span style=\"color: #00000a;\"><span style=\"font-size: medium;\">Abteilungsleitung:<\/span><\/span><\/strong><br \/>\n<span style=\"font-size: medium;\">Die Abteilungsleitung bzw. die Koordinatorin f\u00fcr Gemeinsames Lernen f\u00fchren Aufnahmegespr\u00e4che mit Eltern und Sch\u00fclern, die sich f\u00fcr den Unterricht in den heterogenen Lerngruppen interessieren.<\/span><\/p>\n<p class=\"western\"><span style=\"font-size: medium;\">Sie setzen die Lerngruppen zusammen und beteiligen dabei die zuk\u00fcnftigen Klassenleitungen.<\/span><\/p>\n<p class=\"western\"><span style=\"font-size: medium;\">Die Pl\u00e4tze f\u00fcr die Sch\u00fcler mit sonderp\u00e4dagogischem Unterst\u00fctzungsbedarf werden durch das Schulamt koordiniert. <\/span><\/p>\n<p class=\"western\"><span style=\"font-size: medium;\"><span style=\"font-size: medium;\"><b>Koordination Gemeinsames Lernen:<\/b><\/span><br \/>\nSeit dem 2. Halbjahr 2015 steht der Schule eine Stelle in der erweiterten Schulleitung zur Koordination lernbereichs- und abteilungs\u00fcbergreifender Aufgaben im Gemeinsamen Lernen zur Verf\u00fcgung.<\/span><\/p>\n<p class=\"western\"><span style=\"font-size: medium;\">Die Schwerpunkte dieser Aufgabe sind:<\/span><\/p>\n<ul>\n<li><span style=\"font-size: medium;\">Leitung der Dienstbesprechung Sonderp\u00e4dagogik und der Teilkonferenz Gemeinsames Lernen<\/span><\/li>\n<li><span style=\"font-size: medium;\">Konzeption Gemeinsames Lernen weiter entwickeln (Konzept, Unterrichtsentwicklung, Kooperation der Lehrkr\u00e4fte, Organisation des Unterrichts, AO-SF\u2026)<\/span><\/li>\n<li><span style=\"font-size: medium;\">Vernetzung (Stadt, F\u00f6rderschulen, Schulamt, BR\u2026)<\/span><\/li>\n<\/ul>\n<p class=\"western\"><span style=\"font-size: medium;\"><span style=\"font-size: medium;\"><b>Berufswahlkoordination:<\/b><\/span><br \/>\nDer Prozess der Berufsorientierung f\u00fcr alle Sch\u00fcler mit sonderp\u00e4dagogischem Unterst\u00fctzungsbedarf wird durch einen Kollegen, der als Berufswahlkoordinator speziell ausgebildet ist, organisiert und begleitet. <\/span><\/p>\n<p class=\"western\"><span style=\"font-size: medium;\">Die Schwerpunkte dieser Aufgabe sind:<\/span><\/p>\n<ul>\n<li><span style=\"font-size: medium;\">Beratung hinsichtlich geeigneter Praktikumsstellen <\/span><\/li>\n<li><span style=\"font-size: medium;\">Durchf\u00fchrung des Berufspraktischen Trainings<\/span><\/li>\n<li><span style=\"font-size: medium;\">Begleitung des Tagespraktikums<\/span><\/li>\n<li><span style=\"font-size: medium;\">Akquise sinnvoller Ausbildungsstellen oder berufsvorbereitender Ma\u00dfnahmen <\/span><\/li>\n<li><span style=\"font-size: medium;\">Zusammenarbeit mit der Agentur f\u00fcr Arbeit und dem Integrationsfachdienst.<\/span><\/li>\n<\/ul>\n<p class=\"western\"><strong>U<\/strong><span style=\"font-size: medium;\"><strong><span style=\"font-size: medium;\">nterrichtende Lehrer und Lehrerinnen:<\/span><\/strong><br \/>\n\u00dcber die gemeinsame Unterrichtsplanung und \u2013durchf\u00fchrung hinaus entwickeln die Lehrer und Lehrerinnen gemeinsam mit der Koordinatorin f\u00fcr das Gemeinsame Lernen das Konzept des Gemeinsamen Unterrichts an unserer Schule weiter. Daf\u00fcr werden die Erfahrungen auf den Ebenen Unterricht, Sch\u00fcler, Organisation und Kooperation regelm\u00e4\u00dfig ausgetauscht und einbezogen. <\/span><\/p>\n<p class=\"western\"><span style=\"font-size: medium;\">Die Klassenleitungen der Klassen mit Gemeinsamen Lernen f\u00fchren pro Schuljahr eine teaminterne Fortbildungsma\u00dfnahme durch. Sie nehmen dar\u00fcber hinaus an regelm\u00e4\u00dfigen Teamsitzungen zu aktuellen Themen teil und gestalten diese mit. <\/span><\/p>\n","protected":false},"excerpt":{"rendered":"<p>Die verschiedenen Organisationsebenen, die das erfolgreiche Lernen f\u00fcr die Sch\u00fcler mit sonderp\u00e4dagogischem Unterst\u00fctzungsbedarf beeinflussen, machen gemeinsame Intentionen und Absprachen des Schultr\u00e4gers, der Schulaufsicht, der Schulleitung und der Lehrkr\u00e4fte notwendig. Die Koordination des Gemeinsamen Unterrichts wird an der GSS zurzeit von &hellip; <a href=\"https:\/\/www.old-gss-dt.de\/wordpress\/4-organisation\/\">Continue reading <span class=\"meta-nav\">&rarr;<\/span><\/a><\/p>\n","protected":false},"author":1,"featured_media":0,"parent":0,"menu_order":0,"comment_status":"closed","ping_status":"closed","template":"","meta":[],"_links":{"self":[{"href":"https:\/\/www.old-gss-dt.de\/wordpress\/wp-json\/wp\/v2\/pages\/4224"}],"collection":[{"href":"https:\/\/www.old-gss-dt.de\/wordpress\/wp-json\/wp\/v2\/pages"}],"about":[{"href":"https:\/\/www.old-gss-dt.de\/wordpress\/wp-json\/wp\/v2\/types\/page"}],"author":[{"embeddable":true,"href":"https:\/\/www.old-gss-dt.de\/wordpress\/wp-json\/wp\/v2\/users\/1"}],"replies":[{"embeddable":true,"href":"https:\/\/www.old-gss-dt.de\/wordpress\/wp-json\/wp\/v2\/comments?post=4224"}],"version-history":[{"count":1,"href":"https:\/\/www.old-gss-dt.de\/wordpress\/wp-json\/wp\/v2\/pages\/4224\/revisions"}],"predecessor-version":[{"id":4225,"href":"https:\/\/www.old-gss-dt.de\/wordpress\/wp-json\/wp\/v2\/pages\/4224\/revisions\/4225"}],"wp:attachment":[{"href":"https:\/\/www.old-gss-dt.de\/wordpress\/wp-json\/wp\/v2\/media?parent=4224"}],"curies":[{"name":"wp","href":"https:\/\/api.w.org\/{rel}","templated":true}]}}