{"id":4221,"date":"2016-08-30T13:55:54","date_gmt":"2016-08-30T11:55:54","guid":{"rendered":"http:\/\/www.gss-dt.de\/wordpress\/?page_id=4221"},"modified":"2016-08-30T13:55:54","modified_gmt":"2016-08-30T11:55:54","slug":"3-strukturierung-der-zusammenarbeit","status":"publish","type":"page","link":"https:\/\/www.old-gss-dt.de\/wordpress\/3-strukturierung-der-zusammenarbeit\/","title":{"rendered":"3. Strukturierung der Zusammenarbeit"},"content":{"rendered":"<p><span style=\"font-size: medium;\">Die Sch\u00fcler mit sonderp\u00e4dagogischem Unterst\u00fctzungsbedarf werden in der Regel in den Klassen c und d eines Jahrgangs geb\u00fcndelt. Der Unterricht findet \u00fcberwiegend in Doppelstunden statt.<\/span><\/p>\n<p><a name=\"_GoBack\"><\/a><span style=\"font-size: medium;\">Eine sonderp\u00e4dagogische Lehrkraft mit voller Stelle ist zurzeit f\u00fcr 2 Klassen zust\u00e4ndig, in einer davon als eine der Klassenleitungen. Der Unterrichtseinsatz findet vorrangig in diesen beiden Klassen statt, die Stundenverteilung gew\u00e4hrt eine Unterrichtskonstanz in beiden Klassen. Die Kernf\u00e4cher Mathematik, Deutsch und Englisch werden doppelt besetzt, in Ausnahmef\u00e4llen erfolgt die Doppelbesetzung in diesen F\u00e4chern durch eine allgemeine Lehrkraft. Die sonderp\u00e4dagogische Lehrkraft ist in beiden Klassen vorrangig verantwortlich f\u00fcr die Erstellung und Kommunikation der F\u00f6rderplanung und die Erstellung der Zeugnisse.<br \/>\nDie Zusammenarbeit im Team wird zu Beginn jedes Schuljahres bzw. zu Beginn der Zusammenarbeit auf der Grundlage der Arbeitshilfe \u201eKooperation in professionellen Lerngemeinschaften\u201c im Detail geregelt.<\/span><\/p>\n<p><span style=\"font-size: medium;\">Im Stundenplan ist f\u00fcr jedes Klassenleitungsteam eine Teamstunde eingeplant. Die sonderp\u00e4dagogische Lehrkraft sollte die M\u00f6glichkeit haben, auch in der Klasse ohne Klassenleitung an den Teamgespr\u00e4chen teilzunehmen.<\/span><\/p>\n<p><span style=\"font-size: medium;\">Die sonderp\u00e4dagogischen Lehrkr\u00e4fte unterrichten auch verantwortlich in ihren studierten F\u00e4chern.<\/span><\/p>\n<p><span style=\"font-size: medium;\">Der Unterricht ist auf die Heterogenit\u00e4t der Lerngruppe ausgerichtet und findet in der Regel f\u00fcr die gesamte Lerngruppe statt.<br \/>\nDas Prinzip des niveaudifferenzierten Lernens wird von den Lehrkr\u00e4ften in der Unterrichtsplanung und \u2013durchf\u00fchrung umgesetzt.<\/span><\/p>\n","protected":false},"excerpt":{"rendered":"<p>Die Sch\u00fcler mit sonderp\u00e4dagogischem Unterst\u00fctzungsbedarf werden in der Regel in den Klassen c und d eines Jahrgangs geb\u00fcndelt. Der Unterricht findet \u00fcberwiegend in Doppelstunden statt. Eine sonderp\u00e4dagogische Lehrkraft mit voller Stelle ist zurzeit f\u00fcr 2 Klassen zust\u00e4ndig, in einer davon &hellip; <a href=\"https:\/\/www.old-gss-dt.de\/wordpress\/3-strukturierung-der-zusammenarbeit\/\">Continue reading <span class=\"meta-nav\">&rarr;<\/span><\/a><\/p>\n","protected":false},"author":1,"featured_media":0,"parent":0,"menu_order":0,"comment_status":"closed","ping_status":"closed","template":"","meta":[],"_links":{"self":[{"href":"https:\/\/www.old-gss-dt.de\/wordpress\/wp-json\/wp\/v2\/pages\/4221"}],"collection":[{"href":"https:\/\/www.old-gss-dt.de\/wordpress\/wp-json\/wp\/v2\/pages"}],"about":[{"href":"https:\/\/www.old-gss-dt.de\/wordpress\/wp-json\/wp\/v2\/types\/page"}],"author":[{"embeddable":true,"href":"https:\/\/www.old-gss-dt.de\/wordpress\/wp-json\/wp\/v2\/users\/1"}],"replies":[{"embeddable":true,"href":"https:\/\/www.old-gss-dt.de\/wordpress\/wp-json\/wp\/v2\/comments?post=4221"}],"version-history":[{"count":1,"href":"https:\/\/www.old-gss-dt.de\/wordpress\/wp-json\/wp\/v2\/pages\/4221\/revisions"}],"predecessor-version":[{"id":4222,"href":"https:\/\/www.old-gss-dt.de\/wordpress\/wp-json\/wp\/v2\/pages\/4221\/revisions\/4222"}],"wp:attachment":[{"href":"https:\/\/www.old-gss-dt.de\/wordpress\/wp-json\/wp\/v2\/media?parent=4221"}],"curies":[{"name":"wp","href":"https:\/\/api.w.org\/{rel}","templated":true}]}}