{"id":405,"date":"2011-07-04T17:28:17","date_gmt":"2011-07-04T15:28:17","guid":{"rendered":"http:\/\/www.gss-dt.de\/wordpress\/?page_id=405"},"modified":"2011-07-04T17:29:07","modified_gmt":"2011-07-04T15:29:07","slug":"gesunde-ernahrung","status":"publish","type":"page","link":"https:\/\/www.old-gss-dt.de\/wordpress\/gesunde-ernahrung\/","title":{"rendered":"Gesunde Ern\u00e4hrung"},"content":{"rendered":"<h2><span style=\"color: #000000;\">D\u00f6ner macht sch\u00f6ner?<\/span><\/h2>\n<p><a href=\"https:\/\/www.old-gss-dt.de\/wordpress\/wp-content\/uploads\/2011\/07\/2010_Projekt_Ernaehrung.jpg\"><span style=\"color: #000000;\"><img decoding=\"async\" loading=\"lazy\" class=\"alignright size-full wp-image-406\" title=\"2010_Projekt_Ernaehrung\" src=\"https:\/\/www.old-gss-dt.de\/wordpress\/wp-content\/uploads\/2011\/07\/2010_Projekt_Ernaehrung.jpg\" alt=\"\" width=\"300\" height=\"200\" \/><\/span><\/a><span style=\"color: #000000;\">Zwei Tage in der K\u00fcche sind nicht jedermanns Sache. Aber den 17 Sch\u00fclerinnen und Sch\u00fclern aus der 5. und 6. Jahrgangsstufe, die am Projekt \u201eD\u00f6ner macht sch\u00f6ner\u201c teilgenommen haben, hat es Spa\u00df gemacht, weil sie sich mit dem be-sch\u00e4ftigen konnten ,was ihnen am besten schmeckt: D\u00f6ner bis zum Abwinken.<\/span><\/p>\n<p><span style=\"color: #000000;\">Als perfekte K\u00f6chinnen betreuten Frau Joly und Frau Thiek\u00f6tter die Gruppe.<\/span><\/p>\n<p><span style=\"color: #000000;\">Die Projektteilnehmer stellten in der Schulk\u00fcche nach eigenen Rezepten D\u00f6ner her. Dabei wurde nicht nur Fleisch, sondern auch viel gesundes Gem\u00fcse verarbeitet. Sie wollten feststellen, ob selbst gemachte D\u00f6ner schmackhafter sind als gekaufte.<\/span><\/p>\n<p><span style=\"color: #000000;\">\u201eDas hat Spa\u00df gemacht!\u201c, meinte eine Sch\u00fclerin total begeistert. Denn am Schluss wurden alle D\u00f6ner gen\u00fcsslich verspeist. Und das war vielleicht das beste an den beiden Projekttagen.<\/span><\/p>\n<p>Zur\u00fcck zu <a title=\"Projekttage 2010\" href=\"https:\/\/www.old-gss-dt.de\/wordpress\/?page_id=166\">Projekttage 2010<\/a><\/p>\n","protected":false},"excerpt":{"rendered":"<p>D\u00f6ner macht sch\u00f6ner? Zwei Tage in der K\u00fcche sind nicht jedermanns Sache. Aber den 17 Sch\u00fclerinnen und Sch\u00fclern aus der 5. und 6. Jahrgangsstufe, die am Projekt \u201eD\u00f6ner macht sch\u00f6ner\u201c teilgenommen haben, hat es Spa\u00df gemacht, weil sie sich mit &hellip; <a href=\"https:\/\/www.old-gss-dt.de\/wordpress\/gesunde-ernahrung\/\">Continue reading <span class=\"meta-nav\">&rarr;<\/span><\/a><\/p>\n","protected":false},"author":1,"featured_media":0,"parent":0,"menu_order":0,"comment_status":"closed","ping_status":"closed","template":"","meta":[],"_links":{"self":[{"href":"https:\/\/www.old-gss-dt.de\/wordpress\/wp-json\/wp\/v2\/pages\/405"}],"collection":[{"href":"https:\/\/www.old-gss-dt.de\/wordpress\/wp-json\/wp\/v2\/pages"}],"about":[{"href":"https:\/\/www.old-gss-dt.de\/wordpress\/wp-json\/wp\/v2\/types\/page"}],"author":[{"embeddable":true,"href":"https:\/\/www.old-gss-dt.de\/wordpress\/wp-json\/wp\/v2\/users\/1"}],"replies":[{"embeddable":true,"href":"https:\/\/www.old-gss-dt.de\/wordpress\/wp-json\/wp\/v2\/comments?post=405"}],"version-history":[{"count":2,"href":"https:\/\/www.old-gss-dt.de\/wordpress\/wp-json\/wp\/v2\/pages\/405\/revisions"}],"predecessor-version":[{"id":408,"href":"https:\/\/www.old-gss-dt.de\/wordpress\/wp-json\/wp\/v2\/pages\/405\/revisions\/408"}],"wp:attachment":[{"href":"https:\/\/www.old-gss-dt.de\/wordpress\/wp-json\/wp\/v2\/media?parent=405"}],"curies":[{"name":"wp","href":"https:\/\/api.w.org\/{rel}","templated":true}]}}