{"id":400,"date":"2011-07-04T17:24:18","date_gmt":"2011-07-04T15:24:18","guid":{"rendered":"http:\/\/www.gss-dt.de\/wordpress\/?page_id=400"},"modified":"2011-07-04T17:29:26","modified_gmt":"2011-07-04T15:29:26","slug":"aufraumaktion","status":"publish","type":"page","link":"https:\/\/www.old-gss-dt.de\/wordpress\/aufraumaktion\/","title":{"rendered":"Aufr\u00e4umaktion"},"content":{"rendered":"<div>\n<p><a href=\"https:\/\/www.old-gss-dt.de\/wordpress\/wp-content\/uploads\/2011\/07\/2010_Aufraeumaktion.jpg\"><img decoding=\"async\" loading=\"lazy\" class=\"alignright size-full wp-image-401\" title=\"2010_Aufraeumaktion\" src=\"https:\/\/www.old-gss-dt.de\/wordpress\/wp-content\/uploads\/2011\/07\/2010_Aufraeumaktion.jpg\" alt=\"\" width=\"300\" height=\"198\" \/><\/a>Keiner r\u00e4umt gern auf, vor allem Kinder nicht. Eltern klagen immer wieder \u00fcber das Chaos in den Kinderzimmern. Sie wollen, dass ihr Kind lernt aufzur\u00e4umen.<\/p>\n<\/div>\n<div>\n<p>Lehrer sind auch nicht anders: Die Kinder sollen nicht nur lernen, zu Hause aufzur\u00e4umen, sondern \u00fcberall, zum Beispiel in der Schule. So kam es zum Projekt \u201eAufr\u00e4umen\u201c, an dem 14 Sch\u00fclerinnen und Sch\u00fcler teilnahmen.<\/p>\n<\/div>\n<div>\n<p>Wir wissen doch alle, wie unordentlich eine Schule sein kann. Es liegen Papierschnipsel, Kaugummireste, Scherben und M\u00fcll aller Art herum.<\/p>\n<\/div>\n<div>\n<p>Das Ziel der Gruppe war es, hier endlich einmal f\u00fcr Ordnung zu sorgen und die Schule von au\u00dfen und innen gr\u00fcndlich zu reinigen, um sie zu versch\u00f6nern.<\/p>\n<\/div>\n<div>\n<p>Mit Putzlappen, Schw\u00e4mmen und Wassereimern r\u00fcckten sie dem Schmutz zu Leibe. Schmierereien an den W\u00e4nden wurden mit Reinigungsmitteln beseitigt.<\/p>\n<\/div>\n<div>\n<p>Schwerpunkt der Arbeit war der Treppenaufgang im Eingangsbereich. Die W\u00e4nde in den Toilettenr\u00e4umen konnten aus Zeitgr\u00fcnden leider nicht mehr gereinigt werden.<\/p>\n<\/div>\n<div>\n<p>Zu bewundern ist die Tatsache, dass die Sch\u00fclerinnen und Sch\u00fcler Schmutz beseitigten, der nicht von ihnen stammte. Hoffen wir, dass alle die Schule in Zukunft sauberer halten!<\/p>\n<\/div>\n<p>Zur\u00fcck zu\u00a0<a title=\"Projekttage 2010\" href=\"https:\/\/www.old-gss-dt.de\/wordpress\/?page_id=166\">Projekttage 2010<\/a><\/p>\n","protected":false},"excerpt":{"rendered":"<p>Keiner r\u00e4umt gern auf, vor allem Kinder nicht. Eltern klagen immer wieder \u00fcber das Chaos in den Kinderzimmern. Sie wollen, dass ihr Kind lernt aufzur\u00e4umen. Lehrer sind auch nicht anders: Die Kinder sollen nicht nur lernen, zu Hause aufzur\u00e4umen, sondern &hellip; <a href=\"https:\/\/www.old-gss-dt.de\/wordpress\/aufraumaktion\/\">Continue reading <span class=\"meta-nav\">&rarr;<\/span><\/a><\/p>\n","protected":false},"author":1,"featured_media":0,"parent":0,"menu_order":0,"comment_status":"closed","ping_status":"closed","template":"","meta":[],"_links":{"self":[{"href":"https:\/\/www.old-gss-dt.de\/wordpress\/wp-json\/wp\/v2\/pages\/400"}],"collection":[{"href":"https:\/\/www.old-gss-dt.de\/wordpress\/wp-json\/wp\/v2\/pages"}],"about":[{"href":"https:\/\/www.old-gss-dt.de\/wordpress\/wp-json\/wp\/v2\/types\/page"}],"author":[{"embeddable":true,"href":"https:\/\/www.old-gss-dt.de\/wordpress\/wp-json\/wp\/v2\/users\/1"}],"replies":[{"embeddable":true,"href":"https:\/\/www.old-gss-dt.de\/wordpress\/wp-json\/wp\/v2\/comments?post=400"}],"version-history":[{"count":2,"href":"https:\/\/www.old-gss-dt.de\/wordpress\/wp-json\/wp\/v2\/pages\/400\/revisions"}],"predecessor-version":[{"id":409,"href":"https:\/\/www.old-gss-dt.de\/wordpress\/wp-json\/wp\/v2\/pages\/400\/revisions\/409"}],"wp:attachment":[{"href":"https:\/\/www.old-gss-dt.de\/wordpress\/wp-json\/wp\/v2\/media?parent=400"}],"curies":[{"name":"wp","href":"https:\/\/api.w.org\/{rel}","templated":true}]}}