{"id":347,"date":"2011-07-03T21:32:43","date_gmt":"2011-07-03T19:32:43","guid":{"rendered":"http:\/\/www.gss-dt.de\/wordpress\/?page_id=347"},"modified":"2011-07-18T01:24:49","modified_gmt":"2011-07-17T23:24:49","slug":"schule-ohne-rassismus","status":"publish","type":"page","link":"https:\/\/www.old-gss-dt.de\/wordpress\/schule-ohne-rassismus\/","title":{"rendered":"Schule ohne Rassismus"},"content":{"rendered":"<p>Wege zum demokratischen Lernen:<\/p>\n<p>Schule ohne Rassismus<\/p>\n<ul>\n<li>Engagieren f\u00fcr Toleranz und Zivilcourage<\/li>\n<li>gegen Rechtsextremismus, Fremdenhass und Ausl\u00e4nderfeindlichkeit<\/li>\n<li>Geschwister &#8211; Scholl &#8211; Gedenktage<\/li>\n<li>internationale Feste<\/li>\n<li>Ausstellungen und Aktionen<\/li>\n<\/ul>\n<p>Die Geschwister-Scholl-Schule ist f\u00fcr ihre vielfachen und langj\u00e4hrigen Aktivit\u00e4ten gegen Fremdenfeindlichkeit und Rassismus im August 2001 von der\u00a0<a href=\"http:\/\/www.aktioncourage.org\/\" target=\"_blank\">Aktion Courage<\/a>ausgezeichnet worden.<\/p>\n<p><a href=\"https:\/\/www.old-gss-dt.de\/wordpress\/wp-content\/uploads\/2011\/07\/2001_Schule_ohne_Rassismus.jpg\"><img decoding=\"async\" loading=\"lazy\" title=\"2001_Schule_ohne_Rassismus\" src=\"https:\/\/www.old-gss-dt.de\/wordpress\/wp-content\/uploads\/2011\/07\/2001_Schule_ohne_Rassismus.jpg\" alt=\"\" width=\"536\" height=\"132\" \/><\/a>Seitdem darf unsere Schule den Titel &#8222;<strong>Schule ohne Rassismus<\/strong>&#8220; im Namen f\u00fchren.<\/p>\n<p>Die offizielle Titelverleihung fand am 15. November 2001 in der Aula unserer Schule statt. Sie erfolgte durch einen Vertreter der Bundeskoordination Schule ohne Rassismus.<\/p>\n<p>Als Pate der Geschwister-Scholl-Schule nahm der Regierungspr\u00e4sident, Herr Andreas Wiebe, an der Veranstaltung teil.<\/p>\n<p>Zur\u00fcck zu <a href=\"https:\/\/www.old-gss-dt.de\/wordpress\/?page_id=193\">Schule<\/a><\/p>\n","protected":false},"excerpt":{"rendered":"<p>Wege zum demokratischen Lernen: Schule ohne Rassismus Engagieren f\u00fcr Toleranz und Zivilcourage gegen Rechtsextremismus, Fremdenhass und Ausl\u00e4nderfeindlichkeit Geschwister &#8211; Scholl &#8211; Gedenktage internationale Feste Ausstellungen und Aktionen Die Geschwister-Scholl-Schule ist f\u00fcr ihre vielfachen und langj\u00e4hrigen Aktivit\u00e4ten gegen Fremdenfeindlichkeit und Rassismus &hellip; <a href=\"https:\/\/www.old-gss-dt.de\/wordpress\/schule-ohne-rassismus\/\">Continue reading <span class=\"meta-nav\">&rarr;<\/span><\/a><\/p>\n","protected":false},"author":1,"featured_media":0,"parent":0,"menu_order":0,"comment_status":"closed","ping_status":"closed","template":"","meta":[],"_links":{"self":[{"href":"https:\/\/www.old-gss-dt.de\/wordpress\/wp-json\/wp\/v2\/pages\/347"}],"collection":[{"href":"https:\/\/www.old-gss-dt.de\/wordpress\/wp-json\/wp\/v2\/pages"}],"about":[{"href":"https:\/\/www.old-gss-dt.de\/wordpress\/wp-json\/wp\/v2\/types\/page"}],"author":[{"embeddable":true,"href":"https:\/\/www.old-gss-dt.de\/wordpress\/wp-json\/wp\/v2\/users\/1"}],"replies":[{"embeddable":true,"href":"https:\/\/www.old-gss-dt.de\/wordpress\/wp-json\/wp\/v2\/comments?post=347"}],"version-history":[{"count":6,"href":"https:\/\/www.old-gss-dt.de\/wordpress\/wp-json\/wp\/v2\/pages\/347\/revisions"}],"predecessor-version":[{"id":835,"href":"https:\/\/www.old-gss-dt.de\/wordpress\/wp-json\/wp\/v2\/pages\/347\/revisions\/835"}],"wp:attachment":[{"href":"https:\/\/www.old-gss-dt.de\/wordpress\/wp-json\/wp\/v2\/media?parent=347"}],"curies":[{"name":"wp","href":"https:\/\/api.w.org\/{rel}","templated":true}]}}