{"id":325,"date":"2011-07-03T21:17:15","date_gmt":"2011-07-03T19:17:15","guid":{"rendered":"http:\/\/www.gss-dt.de\/wordpress\/?page_id=325"},"modified":"2011-07-03T21:34:20","modified_gmt":"2011-07-03T19:34:20","slug":"demokratie","status":"publish","type":"page","link":"https:\/\/www.old-gss-dt.de\/wordpress\/demokratie\/","title":{"rendered":"Demokratie"},"content":{"rendered":"<p>Wir wollen Demokratie begreifen, \u00fcben und sichern.<\/p>\n<p>Im Einzelnen bedeutet dies:<\/p>\n<ul>\n<li>gr\u00fcndliche Bearbeitung eines gesellschaftlichen Themas im j\u00e4hrlichen Rhythmus in unterschiedlichen F\u00e4chern<\/li>\n<li>Feste, Feiern, Projekte zu gesellschaftlichen Themen und anl\u00e4sslich besonderer geschichtlicher Daten<\/li>\n<li>au\u00dferunterrichtliche Aktivit\u00e4ten<\/li>\n<li>Zusammenarbeit mit \u00f6ffentlichen und anderen Institutionen in der Region<\/li>\n<\/ul>\n<p>Wege zum demokratischen Lernen:<\/p>\n<ul>\n<li>Gemeinschaftsregeln<\/li>\n<li>Soziales Lernen als selbstst\u00e4ndiges Unterrichtsprojekt in den Jahrg\u00e4ngen 5 und 6<\/li>\n<li>Schule ohne Rassismus<\/li>\n<li>engagierte Sch\u00fclervertretung<\/li>\n<li>Die Mitarbeit der Eltern<\/li>\n<\/ul>\n<p><a title=\"Schule ohne Rassismus\" href=\"https:\/\/www.old-gss-dt.de\/wordpress\/?page_id=347\">Schule ohne Rassismus<\/a><\/p>\n<p>Elternschaft<\/p>\n<p>Zur\u00fcck zum\u00a0<a title=\"Schulprogramm\" href=\"https:\/\/www.old-gss-dt.de\/wordpress\/?page_id=316\">Schulprogramm<\/a><\/p>\n","protected":false},"excerpt":{"rendered":"<p>Wir wollen Demokratie begreifen, \u00fcben und sichern. Im Einzelnen bedeutet dies: gr\u00fcndliche Bearbeitung eines gesellschaftlichen Themas im j\u00e4hrlichen Rhythmus in unterschiedlichen F\u00e4chern Feste, Feiern, Projekte zu gesellschaftlichen Themen und anl\u00e4sslich besonderer geschichtlicher Daten au\u00dferunterrichtliche Aktivit\u00e4ten Zusammenarbeit mit \u00f6ffentlichen und anderen &hellip; <a href=\"https:\/\/www.old-gss-dt.de\/wordpress\/demokratie\/\">Continue reading <span class=\"meta-nav\">&rarr;<\/span><\/a><\/p>\n","protected":false},"author":1,"featured_media":0,"parent":0,"menu_order":0,"comment_status":"closed","ping_status":"closed","template":"","meta":[],"_links":{"self":[{"href":"https:\/\/www.old-gss-dt.de\/wordpress\/wp-json\/wp\/v2\/pages\/325"}],"collection":[{"href":"https:\/\/www.old-gss-dt.de\/wordpress\/wp-json\/wp\/v2\/pages"}],"about":[{"href":"https:\/\/www.old-gss-dt.de\/wordpress\/wp-json\/wp\/v2\/types\/page"}],"author":[{"embeddable":true,"href":"https:\/\/www.old-gss-dt.de\/wordpress\/wp-json\/wp\/v2\/users\/1"}],"replies":[{"embeddable":true,"href":"https:\/\/www.old-gss-dt.de\/wordpress\/wp-json\/wp\/v2\/comments?post=325"}],"version-history":[{"count":5,"href":"https:\/\/www.old-gss-dt.de\/wordpress\/wp-json\/wp\/v2\/pages\/325\/revisions"}],"predecessor-version":[{"id":350,"href":"https:\/\/www.old-gss-dt.de\/wordpress\/wp-json\/wp\/v2\/pages\/325\/revisions\/350"}],"wp:attachment":[{"href":"https:\/\/www.old-gss-dt.de\/wordpress\/wp-json\/wp\/v2\/media?parent=325"}],"curies":[{"name":"wp","href":"https:\/\/api.w.org\/{rel}","templated":true}]}}