{"id":323,"date":"2011-07-03T21:17:04","date_gmt":"2011-07-03T19:17:04","guid":{"rendered":"http:\/\/www.gss-dt.de\/wordpress\/?page_id=323"},"modified":"2011-07-14T17:29:04","modified_gmt":"2011-07-14T15:29:04","slug":"individualitat","status":"publish","type":"page","link":"https:\/\/www.old-gss-dt.de\/wordpress\/individualitat\/","title":{"rendered":"Individualit\u00e4t"},"content":{"rendered":"<p>Wir wollen auf den einzelnen Sch\u00fcler\u00a0und die einzelne Sch\u00fclerin eingehen.<\/p>\n<p>Im Einzelnen bedeutet dies:<\/p>\n<ul>\n<li>individuelle F\u00f6rderung und Forderung<\/li>\n<li>Angebot von Identifikationsm\u00f6glichkeiten<\/li>\n<li>Arbeit in der Gruppe und auch Wahrnehmung des Einzelnen<\/li>\n<li>Hilfe bei Problemen<\/li>\n<\/ul>\n<p>Wege zum individuellen Lernen:<\/p>\n<ul>\n<li>Unterricht im Klassenverband und in <a title=\"Kurse\" href=\"https:\/\/www.old-gss-dt.de\/wordpress\/?page_id=357\">Leistungs- und neigungsbezogenen Kursen<\/a><\/li>\n<li>zus\u00e4tzliche Unterrichtsangebote in <a title=\"AGs\" href=\"https:\/\/www.old-gss-dt.de\/wordpress\/?page_id=359\">AG-Form<\/a><\/li>\n<li>Integration von Kindern und Jugendlichen mit <a title=\"Gemeinsamer Unterricht\" href=\"https:\/\/www.old-gss-dt.de\/wordpress\/?page_id=447\">Behinderung<\/a><\/li>\n<li>Integration von Kindern und Jugendlichen mit <a title=\"Sprachf\u00f6rderung\" href=\"https:\/\/www.old-gss-dt.de\/wordpress\/?page_id=666\">unterschiedlichen Ausgangssprachen<\/a><\/li>\n<li>F\u00f6rderung von Sch\u00fclerInnen mit besonderem <a title=\"F\u00f6rderung von Sch\u00fclern\" href=\"https:\/\/www.old-gss-dt.de\/wordpress\/?page_id=670\">F\u00f6rder\/Forderbedarf<\/a><\/li>\n<li>Vorbereitung der Sch\u00fclerInnen <a title=\"Berufsvorbereitung (Schulprogramm)\" href=\"https:\/\/www.old-gss-dt.de\/wordpress\/?page_id=674\">auf den Beruf<\/a><\/li>\n<li><a title=\"Individuelle Beratung (Schulprogramm)\" href=\"https:\/\/www.old-gss-dt.de\/wordpress\/?page_id=677\">individuelle Beratung<\/a><\/li>\n<\/ul>\n<p>Zur\u00fcck zum\u00a0<a title=\"Schulprogramm\" href=\"https:\/\/www.old-gss-dt.de\/wordpress\/?page_id=316\">Schulprogramm<\/a><\/p>\n","protected":false},"excerpt":{"rendered":"<p>Wir wollen auf den einzelnen Sch\u00fcler\u00a0und die einzelne Sch\u00fclerin eingehen. Im Einzelnen bedeutet dies: individuelle F\u00f6rderung und Forderung Angebot von Identifikationsm\u00f6glichkeiten Arbeit in der Gruppe und auch Wahrnehmung des Einzelnen Hilfe bei Problemen Wege zum individuellen Lernen: Unterricht im Klassenverband &hellip; <a href=\"https:\/\/www.old-gss-dt.de\/wordpress\/individualitat\/\">Continue reading <span class=\"meta-nav\">&rarr;<\/span><\/a><\/p>\n","protected":false},"author":1,"featured_media":0,"parent":0,"menu_order":0,"comment_status":"closed","ping_status":"closed","template":"","meta":[],"_links":{"self":[{"href":"https:\/\/www.old-gss-dt.de\/wordpress\/wp-json\/wp\/v2\/pages\/323"}],"collection":[{"href":"https:\/\/www.old-gss-dt.de\/wordpress\/wp-json\/wp\/v2\/pages"}],"about":[{"href":"https:\/\/www.old-gss-dt.de\/wordpress\/wp-json\/wp\/v2\/types\/page"}],"author":[{"embeddable":true,"href":"https:\/\/www.old-gss-dt.de\/wordpress\/wp-json\/wp\/v2\/users\/1"}],"replies":[{"embeddable":true,"href":"https:\/\/www.old-gss-dt.de\/wordpress\/wp-json\/wp\/v2\/comments?post=323"}],"version-history":[{"count":13,"href":"https:\/\/www.old-gss-dt.de\/wordpress\/wp-json\/wp\/v2\/pages\/323\/revisions"}],"predecessor-version":[{"id":354,"href":"https:\/\/www.old-gss-dt.de\/wordpress\/wp-json\/wp\/v2\/pages\/323\/revisions\/354"}],"wp:attachment":[{"href":"https:\/\/www.old-gss-dt.de\/wordpress\/wp-json\/wp\/v2\/media?parent=323"}],"curies":[{"name":"wp","href":"https:\/\/api.w.org\/{rel}","templated":true}]}}