{"id":279,"date":"2011-07-03T19:20:59","date_gmt":"2011-07-03T17:20:59","guid":{"rendered":"http:\/\/www.gss-dt.de\/wordpress\/?page_id=279"},"modified":"2016-12-20T20:21:51","modified_gmt":"2016-12-20T19:21:51","slug":"konzept-fur-jg-13","status":"publish","type":"page","link":"https:\/\/www.old-gss-dt.de\/wordpress\/konzept-fur-jg-13\/","title":{"rendered":"Qualifikationsphase 2 (Jahrgang 13)"},"content":{"rendered":"<ul>\n<li>Fortsetzung der individuellen Beratung\/ Standortgespr\u00e4che<\/li>\n<li>Kooperation mit Dr. Remmo (Integrationsbeauftragter der Uni Bielefeld), F\u00f6rderung von Sch\u00fclern mit Migrationshintergrund im Zusammenarbeit mit dem DRK<\/li>\n<li>Besuch der Uni Bielefeld (Zusammenarbeit von Studenten und Sch\u00fclern, betreuter Besuch)<\/li>\n<li>Informationsveranstaltung Studienpl\u00e4tze mit Zulassungsbeschr\u00e4nkung (fakultativ)<\/li>\n<li>Informationsveranstaltung Baf\u00f6g (fakultativ)<\/li>\n<li>Informationsveranstaltung Bewerbung Studienplatz (fakultativ)<\/li>\n<\/ul>\n<p style=\"text-align: left;\">\n<p style=\"text-align: left;\"><span style=\"border-collapse: collapse;\">Zur\u00fcck zu\u00a0<a title=\"BO in der Sek II\" href=\"https:\/\/www.old-gss-dt.de\/wordpress\/?page_id=157\">BO Sek II<\/a><br \/>\n<\/span><\/p>\n","protected":false},"excerpt":{"rendered":"<p>Fortsetzung der individuellen Beratung\/ Standortgespr\u00e4che Kooperation mit Dr. Remmo (Integrationsbeauftragter der Uni Bielefeld), F\u00f6rderung von Sch\u00fclern mit Migrationshintergrund im Zusammenarbeit mit dem DRK Besuch der Uni Bielefeld (Zusammenarbeit von Studenten und Sch\u00fclern, betreuter Besuch) Informationsveranstaltung Studienpl\u00e4tze mit Zulassungsbeschr\u00e4nkung (fakultativ) Informationsveranstaltung &hellip; <a href=\"https:\/\/www.old-gss-dt.de\/wordpress\/konzept-fur-jg-13\/\">Continue reading <span class=\"meta-nav\">&rarr;<\/span><\/a><\/p>\n","protected":false},"author":1,"featured_media":0,"parent":0,"menu_order":0,"comment_status":"closed","ping_status":"closed","template":"","meta":[],"_links":{"self":[{"href":"https:\/\/www.old-gss-dt.de\/wordpress\/wp-json\/wp\/v2\/pages\/279"}],"collection":[{"href":"https:\/\/www.old-gss-dt.de\/wordpress\/wp-json\/wp\/v2\/pages"}],"about":[{"href":"https:\/\/www.old-gss-dt.de\/wordpress\/wp-json\/wp\/v2\/types\/page"}],"author":[{"embeddable":true,"href":"https:\/\/www.old-gss-dt.de\/wordpress\/wp-json\/wp\/v2\/users\/1"}],"replies":[{"embeddable":true,"href":"https:\/\/www.old-gss-dt.de\/wordpress\/wp-json\/wp\/v2\/comments?post=279"}],"version-history":[{"count":6,"href":"https:\/\/www.old-gss-dt.de\/wordpress\/wp-json\/wp\/v2\/pages\/279\/revisions"}],"predecessor-version":[{"id":4512,"href":"https:\/\/www.old-gss-dt.de\/wordpress\/wp-json\/wp\/v2\/pages\/279\/revisions\/4512"}],"wp:attachment":[{"href":"https:\/\/www.old-gss-dt.de\/wordpress\/wp-json\/wp\/v2\/media?parent=279"}],"curies":[{"name":"wp","href":"https:\/\/api.w.org\/{rel}","templated":true}]}}